{"id":100435,"date":"2024-07-29T16:07:42","date_gmt":"2024-07-29T14:07:42","guid":{"rendered":"https:\/\/scarpellovini.it\/variedades-de-uva\/"},"modified":"2024-09-12T11:03:20","modified_gmt":"2024-09-12T09:03:20","slug":"variedades-de-uva","status":"publish","type":"page","link":"https:\/\/scarpellovini.it\/es\/variedades-de-uva\/","title":{"rendered":"Variedades de uva"},"content":{"rendered":"<div class=\"wpb-content-wrapper\"><section data-vc-full-width=\"true\" data-vc-full-width-init=\"false\" data-vc-parallax-image=\"0.2\" class=\"vc_row wpb_row vc_row-fluid  vc_custom_1725466014396   overflow-visible vc_row-has-fill hongo-stretch-content hongo-stretch-row-container vc_row-o-full-height vc_row-o-columns-middle vc_row-o-content-bottom vc_row-flex parallax  hongo_responsive_1725466014396\" style=\"z-index:9;\"><div class=\"hongo-overlay\" style=\"opacity:0.3; background: #000000;\"><\/div><div class=\"wpb_column vc_column_container col-xs-mobile-fullwidth vc_col-sm-12 wow fadeInUp text-center\" data-wow-duration= 1200ms><div class=\"vc_column-inner vc_custom_1725285494686\"><div class=\"wpb_wrapper\"><div class=\"text-block-content overline hongo-text-block-1 vc_custom_1725284555957 last-paragraph-no-margin\"><p><span style=\"color: #ffffff;\">NUESTRAS VARIEDADES<\/span><\/p>\n<\/div><div class=\"text-block-content hongo-text-block-2 last-paragraph-no-margin\"><h1><span style=\"color: #ffffff;\">La esencia<br \/>de nuestro Territorio<br \/>\n<\/span><\/h1>\n<\/div><\/div><\/div><\/div><\/section><div class=\"vc_row-full-width vc_clearfix\"><\/div><section data-vc-full-width=\"true\" data-vc-full-width-init=\"false\" data-vc-stretch-content=\"true\" class=\"vc_row wpb_row vc_row-fluid  vc_custom_1722264084821   top-space hongo-stretch-content hongo-stretch-content-fluid\"><div class=\"wpb_column vc_column_container col-xs-mobile-fullwidth vc_col-sm-12 vc_col-md-offset-1 vc_col-md-10\"><div class=\"vc_column-inner vc_custom_1722266791876\"><div class=\"wpb_wrapper\"><div class=\"vc_row wpb_row vc_inner vc_row-fluid   vc_row-o-equal-height vc_row-o-content-middle vc_row-flex\" style=\"min-height: 600px;\"><div class=\"wpb_column vc_column_container vc_col-has-fill col-xs-mobile-fullwidth vc_col-sm-12 vc_col-md-6 wow fadeInLeft\" data-wow-duration= 1200ms><div class=\"vc_column-inner vc_custom_1722350775617  hongo_responsive_1722350775618\" style=\"min-height: 400px;\"><div class=\"wpb_wrapper\"><\/div><\/div><\/div><div class=\"wpb_column vc_column_container col-xs-mobile-fullwidth vc_col-sm-12 vc_col-md-6 wow fadeIn\" data-wow-delay= 200ms data-wow-duration= 1200ms><div class=\"vc_column-inner vc_custom_1722350787470  hongo_responsive_1722350787472\"><div class=\"wpb_wrapper\"><div class=\"text-block-content hongo-text-block-3 vc_custom_1722333425629 last-paragraph-no-margin  hongo_responsive_1722333425630\"><div class=\"overline\">LAS CEPAS<\/div>\n<\/div><div class=\"text-block-content headL hongo-text-block-4 vc_custom_1722333268628 last-paragraph-no-margin  hongo_responsive_1722333268629\"><p>Negroamaro<\/p>\n<\/div><div class=\"text-block-content hongo-text-block-5 last-paragraph-no-margin\"><p>La vid Negroamaro es una de las variedades m\u00e1s significativas y representativas del Salento y, en particular, de la zona rural de San Pancrazio Salentino tambi\u00e9n dando lugar a la Doc Salice Salentino en combinaci\u00f3n con Malvasia Nera. El nombre se origina de las palabras \u00abnegro\u00bb y \u00abamaro\u00bb, que significan negro y amargo y reflejan el color oscuro y seco del vino de las uvas Negroamaro. Tiene un tama\u00f1o de hoja verde oscuro medio a grande, un racimo bastante compacto tambi\u00e9n de tama\u00f1o mediano y bayas en forma de esferoide con piel gruesa de color negro-p\u00farpura. Enol\u00f3gicamente se presta a ser vinificado en rosado, tinto pero tambi\u00e9n en blanco y tambi\u00e9n para obtener excelentes burbujas. Los vinos van en color desde el rojo rub\u00ed hasta el granate con vinos de barril, mientras que en boca son muy encorpados con taninos suaves.<\/p>\n<\/div><\/div><\/div><\/div><\/div><\/div><\/div><\/div><\/section><div class=\"vc_row-full-width vc_clearfix\"><\/div><section data-vc-full-width=\"true\" data-vc-full-width-init=\"false\" data-vc-stretch-content=\"true\" class=\"vc_row wpb_row vc_row-fluid  vc_custom_1722264084821   top-space hongo-stretch-content hongo-stretch-content-fluid\"><div class=\"wpb_column vc_column_container col-xs-mobile-fullwidth vc_col-sm-12 vc_col-md-offset-1 vc_col-md-10\"><div class=\"vc_column-inner vc_custom_1722266888858\"><div class=\"wpb_wrapper\"><div class=\"vc_row wpb_row vc_inner vc_row-fluid swap-on-mobile  vc_row-o-equal-height vc_row-o-content-middle vc_row-flex\" style=\"min-height: 600px;\"><div class=\"wpb_column vc_column_container col-xs-mobile-fullwidth vc_col-sm-6 wow fadeIn\" data-wow-delay= 200ms data-wow-duration= 1200ms><div class=\"vc_column-inner vc_custom_1722350807603  hongo_responsive_1722350807605\"><div class=\"wpb_wrapper\"><div class=\"text-block-content hongo-text-block-6 vc_custom_1722333425629 last-paragraph-no-margin  hongo_responsive_1722333425630\"><div class=\"overline\">LAS CEPAS<\/div>\n<\/div><div class=\"text-block-content headL hongo-text-block-7 vc_custom_1722333277892 last-paragraph-no-margin  hongo_responsive_1722333277894\"><p>Primitivo<\/p>\n<\/div><div class=\"text-block-content hongo-text-block-8 last-paragraph-no-margin\"><p>El Primitivo, s\u00edmbolo de la viticultura de Apulia, es conocido por su maduraci\u00f3n temprana (del lat\u00edn primativus) y sus caracter\u00edsticas \u00fanicas. Los racimos son de tama\u00f1o mediano y tienen una piel fina de color azul oscuro, que requiere especial atenci\u00f3n durante el crecimiento para evitar da\u00f1os por las lluvias oto\u00f1ales. Por otro lado, la piel fina facilita el marchitamiento natural, favorecido por el clima seco y soleado del oto\u00f1o, permitiendo una ligera sobremaduraci\u00f3n. Esta pr\u00e1ctica tradicional permite obtener vinos complejos y profundos. El Primitivo tiene un color rub\u00ed intenso que evoluciona hacia el granate con el envejecimiento. En nariz presenta aromas de frutas rojas como cereza y ciruelas, con notas florales de violeta y especias como canela y pimienta negra de la maduraci\u00f3n en madera. En boca es c\u00e1lido y envolvente, con taninos delicados y una buena persistencia, expresando plenamente las caracter\u00edsticas del terroir de Apulia.<\/p>\n<\/div><\/div><\/div><\/div><div class=\"wpb_column vc_column_container vc_col-has-fill col-xs-mobile-fullwidth vc_col-sm-6 wow fadeInRight\" data-wow-duration= 1200ms><div class=\"vc_column-inner vc_custom_1722350798960  hongo_responsive_1722350798961\" style=\"min-height: 400px;\"><div class=\"wpb_wrapper\"><\/div><\/div><\/div><\/div><\/div><\/div><\/div><\/section><div class=\"vc_row-full-width vc_clearfix\"><\/div><section data-vc-full-width=\"true\" data-vc-full-width-init=\"false\" data-vc-stretch-content=\"true\" class=\"vc_row wpb_row vc_row-fluid  vc_custom_1724764038813   top-space hongo-stretch-content hongo-stretch-content-fluid\"><div class=\"wpb_column vc_column_container col-xs-mobile-fullwidth vc_col-sm-12 vc_col-md-offset-1 vc_col-md-10\"><div class=\"vc_column-inner vc_custom_1722266791876\"><div class=\"wpb_wrapper\"><div class=\"vc_row wpb_row vc_inner vc_row-fluid   vc_row-o-equal-height vc_row-o-content-middle vc_row-flex\" style=\"min-height: 600px;\"><div class=\"wpb_column vc_column_container vc_col-has-fill col-xs-mobile-fullwidth vc_col-sm-12 vc_col-md-6 wow fadeInLeft\" data-wow-delay= 200ms data-wow-duration= 1200ms><div class=\"vc_column-inner vc_custom_1722350837037  hongo_responsive_1722350837039\" style=\"min-height: 400px;\"><div class=\"wpb_wrapper\"><\/div><\/div><\/div><div class=\"wpb_column vc_column_container col-xs-mobile-fullwidth vc_col-sm-12 vc_col-md-6 wow fadeIn\" data-wow-delay= 200ms data-wow-duration= 1200ms><div class=\"vc_column-inner vc_custom_1722350826827  hongo_responsive_1722350826828\"><div class=\"wpb_wrapper\"><div class=\"text-block-content hongo-text-block-9 vc_custom_1722333425629 last-paragraph-no-margin  hongo_responsive_1722333425630\"><div class=\"overline\">LAS CEPAS<\/div>\n<\/div><div class=\"text-block-content headL hongo-text-block-10 vc_custom_1722333293223 last-paragraph-no-margin  hongo_responsive_1722333293225\"><p>Susumaniello<\/p>\n<\/div><div class=\"text-block-content hongo-text-block-11 last-paragraph-no-margin\"><div>\n<p class=\"v1msonormal\">El Susumaniello es una variedad muy antigua el nombre proviene del dialecto \u00absomarello\u00bb para indicar su alta productividad en los primeros a\u00f1os de producci\u00f3n, Despu\u00e9s de un largo per\u00edodo de declive, se ha redescubierto en los \u00faltimos a\u00f1os apreciando sus caracter\u00edsticas particulares vinificado tanto en rosado como en tinto. La planta tiene una hoja de tama\u00f1o medio, un racimo compacto y c\u00f3nico y una acino esferoidal, los vinos tienen un color rojo que va del rub\u00ed al p\u00farpura muy corposo y se prestan bien al envejecimiento por lo tanto es una de las variedades m\u00e1s prometedoras de la enolog\u00eda de Apulia <\/p>\n<\/div>\n<\/div><\/div><\/div><\/div><\/div><\/div><\/div><\/div><\/section><div class=\"vc_row-full-width vc_clearfix\"><\/div><section data-vc-full-width=\"true\" data-vc-full-width-init=\"false\" data-vc-stretch-content=\"true\" class=\"vc_row wpb_row vc_row-fluid     top-space hongo-stretch-content hongo-stretch-content-fluid\"><div class=\"wpb_column vc_column_container col-xs-mobile-fullwidth vc_col-sm-12 vc_col-md-offset-1 vc_col-md-10\"><div class=\"vc_column-inner vc_custom_1722266888858\"><div class=\"wpb_wrapper\"><div class=\"vc_row wpb_row vc_inner vc_row-fluid swap-on-mobile  vc_row-o-equal-height vc_row-o-content-middle vc_row-flex\" style=\"min-height: 600px;\"><div class=\"wpb_column vc_column_container col-xs-mobile-fullwidth vc_col-sm-6 wow fadeIn\" data-wow-delay= 200ms data-wow-duration= 1200ms><div class=\"vc_column-inner vc_custom_1722350853913  hongo_responsive_1722350853914\"><div class=\"wpb_wrapper\"><div class=\"text-block-content hongo-text-block-12 vc_custom_1722333425629 last-paragraph-no-margin  hongo_responsive_1722333425630\"><div class=\"overline\">LAS CEPAS<\/div>\n<\/div><div class=\"text-block-content headL hongo-text-block-13 vc_custom_1722333301935 last-paragraph-no-margin  hongo_responsive_1722333301937\"><p>Chardonnay<\/p>\n<\/div><div class=\"text-block-content hongo-text-block-14 last-paragraph-no-margin\"><p>El Chardonnay, una variedad originaria de Borgo\u00f1a en Francia, pero ampliamente difundida en todo el mundo, se cultiva desde hace a\u00f1os en Salento y representa una de las expresiones m\u00e1s interesantes de esta variedad internacional en el contexto italiano. El clima c\u00e1lido y soleado pero tambi\u00e9n muy ventilado, combinado con suelos calc\u00e1reos y arcillosos y largos veranos e inviernos suaves han creado un ambiente ideal para el cultivo del Chardonnay. El Chardonnay cultivado en Salento tiende a tener un perfil arom\u00e1tico rico y complejo, a menudo caracterizado por notas de frutas tropicales como la pi\u00f1a, mango y pl\u00e1tano, acompa\u00f1ado de aromas de c\u00edtricos, manzana y a veces notas de flores blancas. Gracias a su versatilidad, el Chardonnay salentino se combina bien con una amplia gama de platos. Las versiones m\u00e1s frescas y j\u00f3venes son ideales con platos de pescado, mariscos y ensaladas, mientras que las versiones m\u00e1s estructuradas y curadas en madera se combinan bien con platos m\u00e1s ricos como carnes blancas, pasta con salsas cremosas y quesos blandos.<\/p>\n<\/div><\/div><\/div><\/div><div class=\"wpb_column vc_column_container vc_col-has-fill col-xs-mobile-fullwidth vc_col-sm-6 wow fadeInRight\" data-wow-duration= 1200ms><div class=\"vc_column-inner bg-position-center-bottom vc_custom_1725380389476  hongo_responsive_1725380389477\" style=\"min-height: 400px;\"><div class=\"wpb_wrapper\"><\/div><\/div><\/div><\/div><\/div><\/div><\/div><\/section><div class=\"vc_row-full-width vc_clearfix\"><\/div>\n<\/div>","protected":false},"excerpt":{"rendered":"NUESTRAS VARIEDADES La esenciade nuestro Territorio LAS CEPAS Negroamaro La vid Negroamaro es una de las variedades m\u00e1s significativas y representativas del Salento y, en particular, de la zona rural de San Pancrazio Salentino tambi\u00e9n dando lugar a la Doc Salice Salentino en combinaci\u00f3n con Malvasia Nera. El nombre se origina de las palabras \"negro\" y \"amaro\", que significan negro y amargo y reflejan el color oscuro y seco del vino de las uvas Negroamaro. Tiene un tama\u00f1o de hoja verde oscuro medio a grande, un racimo bastante compacto tambi\u00e9n de tama\u00f1o mediano y bayas en forma de esferoide con piel gruesa de color negro-p\u00farpura. Enol\u00f3gicamente se presta a ser vinificado en rosado, tinto pero tambi\u00e9n en blanco y tambi\u00e9n para obtener excelentes burbujas. Los vinos van en color desde el rojo rub\u00ed hasta el granate con vinos de barril, mientras que en boca son muy encorpados con taninos suaves. LAS CEPAS Primitivo El Primitivo, s\u00edmbolo de la viticultura de Apulia, es conocido por su maduraci\u00f3n temprana (del lat\u00edn primativus) y sus caracter\u00edsticas \u00fanicas. Los racimos son de tama\u00f1o mediano y tienen una piel fina de color azul oscuro, que requiere especial atenci\u00f3n durante el crecimiento para evitar da\u00f1os por...","protected":false},"author":1,"featured_media":0,"parent":0,"menu_order":0,"comment_status":"closed","ping_status":"closed","template":"","meta":{"inline_featured_image":false,"_monsterinsights_skip_tracking":false,"_monsterinsights_sitenote_active":false,"_monsterinsights_sitenote_note":"","_monsterinsights_sitenote_category":0,"_uf_show_specific_survey":0,"_uf_disable_surveys":false,"footnotes":""},"class_list":["post-100435","page","type-page","status-publish","hentry"],"yoast_head":"<!-- This site is optimized with the Yoast SEO plugin v27.4 - https:\/\/yoast.com\/product\/yoast-seo-wordpress\/ -->\n<title>Variedades de uva - Scarpello<\/title>\n<meta name=\"robots\" content=\"index, follow, max-snippet:-1, max-image-preview:large, max-video-preview:-1\" \/>\n<link rel=\"canonical\" href=\"https:\/\/scarpellovini.it\/es\/variedades-de-uva\/\" \/>\n<meta property=\"og:locale\" content=\"es_ES\" \/>\n<meta property=\"og:type\" content=\"article\" \/>\n<meta property=\"og:title\" content=\"Variedades de uva - Scarpello\" \/>\n<meta property=\"og:url\" content=\"https:\/\/scarpellovini.it\/es\/variedades-de-uva\/\" \/>\n<meta property=\"og:site_name\" content=\"Scarpello\" \/>\n<meta property=\"article:publisher\" content=\"https:\/\/www.facebook.com\/profile.php?id=61558509241719\" \/>\n<meta property=\"article:modified_time\" content=\"2024-09-12T09:03:20+00:00\" \/>\n<meta property=\"og:image\" content=\"https:\/\/scarpellovini.it\/wp-content\/uploads\/2024\/08\/Scarpello-Vini.jpg\" \/>\n\t<meta property=\"og:image:width\" content=\"1200\" \/>\n\t<meta property=\"og:image:height\" content=\"675\" \/>\n\t<meta property=\"og:image:type\" content=\"image\/jpeg\" \/>\n<meta name=\"twitter:card\" content=\"summary_large_image\" \/>\n<meta name=\"twitter:label1\" content=\"Tiempo de lectura\" \/>\n\t<meta name=\"twitter:data1\" content=\"8 minutos\" \/>\n<script type=\"application\/ld+json\" class=\"yoast-schema-graph\">{\"@context\":\"https:\\\/\\\/schema.org\",\"@graph\":[{\"@type\":\"WebPage\",\"@id\":\"https:\\\/\\\/scarpellovini.it\\\/es\\\/variedades-de-uva\\\/\",\"url\":\"https:\\\/\\\/scarpellovini.it\\\/es\\\/variedades-de-uva\\\/\",\"name\":\"Variedades de uva - Scarpello\",\"isPartOf\":{\"@id\":\"https:\\\/\\\/scarpellovini.it\\\/#website\"},\"datePublished\":\"2024-07-29T14:07:42+00:00\",\"dateModified\":\"2024-09-12T09:03:20+00:00\",\"breadcrumb\":{\"@id\":\"https:\\\/\\\/scarpellovini.it\\\/es\\\/variedades-de-uva\\\/#breadcrumb\"},\"inLanguage\":\"es\",\"potentialAction\":[{\"@type\":\"ReadAction\",\"target\":[\"https:\\\/\\\/scarpellovini.it\\\/es\\\/variedades-de-uva\\\/\"]}]},{\"@type\":\"BreadcrumbList\",\"@id\":\"https:\\\/\\\/scarpellovini.it\\\/es\\\/variedades-de-uva\\\/#breadcrumb\",\"itemListElement\":[{\"@type\":\"ListItem\",\"position\":1,\"name\":\"Home\",\"item\":\"https:\\\/\\\/scarpellovini.it\\\/\"},{\"@type\":\"ListItem\",\"position\":2,\"name\":\"Variedades de uva\"}]},{\"@type\":\"WebSite\",\"@id\":\"https:\\\/\\\/scarpellovini.it\\\/#website\",\"url\":\"https:\\\/\\\/scarpellovini.it\\\/\",\"name\":\"Scarpello Vini\",\"description\":\"Vignaioli dal 1961\",\"publisher\":{\"@id\":\"https:\\\/\\\/scarpellovini.it\\\/#organization\"},\"alternateName\":\"Scarpello - Vignaioli dal 1961\",\"potentialAction\":[{\"@type\":\"SearchAction\",\"target\":{\"@type\":\"EntryPoint\",\"urlTemplate\":\"https:\\\/\\\/scarpellovini.it\\\/?s={search_term_string}\"},\"query-input\":{\"@type\":\"PropertyValueSpecification\",\"valueRequired\":true,\"valueName\":\"search_term_string\"}}],\"inLanguage\":\"es\"},{\"@type\":\"Organization\",\"@id\":\"https:\\\/\\\/scarpellovini.it\\\/#organization\",\"name\":\"Azienda Agricola Scarpello di Lega Gabriella & c. S.s agricola\",\"alternateName\":\"Scarpello Vini\",\"url\":\"https:\\\/\\\/scarpellovini.it\\\/\",\"logo\":{\"@type\":\"ImageObject\",\"inLanguage\":\"es\",\"@id\":\"https:\\\/\\\/scarpellovini.it\\\/#\\\/schema\\\/logo\\\/image\\\/\",\"url\":\"https:\\\/\\\/scarpellovini.it\\\/wp-content\\\/uploads\\\/2024\\\/08\\\/Scarpello-Vini-Logo.jpg\",\"contentUrl\":\"https:\\\/\\\/scarpellovini.it\\\/wp-content\\\/uploads\\\/2024\\\/08\\\/Scarpello-Vini-Logo.jpg\",\"width\":1920,\"height\":1080,\"caption\":\"Azienda Agricola Scarpello di Lega Gabriella & c. S.s agricola\"},\"image\":{\"@id\":\"https:\\\/\\\/scarpellovini.it\\\/#\\\/schema\\\/logo\\\/image\\\/\"},\"sameAs\":[\"https:\\\/\\\/www.facebook.com\\\/profile.php?id=61558509241719\",\"https:\\\/\\\/www.instagram.com\\\/scarpello_vini\"]}]}<\/script>\n<!-- \/ Yoast SEO plugin. -->","yoast_head_json":{"title":"Variedades de uva - Scarpello","robots":{"index":"index","follow":"follow","max-snippet":"max-snippet:-1","max-image-preview":"max-image-preview:large","max-video-preview":"max-video-preview:-1"},"canonical":"https:\/\/scarpellovini.it\/es\/variedades-de-uva\/","og_locale":"es_ES","og_type":"article","og_title":"Variedades de uva - Scarpello","og_url":"https:\/\/scarpellovini.it\/es\/variedades-de-uva\/","og_site_name":"Scarpello","article_publisher":"https:\/\/www.facebook.com\/profile.php?id=61558509241719","article_modified_time":"2024-09-12T09:03:20+00:00","og_image":[{"width":1200,"height":675,"url":"https:\/\/scarpellovini.it\/wp-content\/uploads\/2024\/08\/Scarpello-Vini.jpg","type":"image\/jpeg"}],"twitter_card":"summary_large_image","twitter_misc":{"Tiempo de lectura":"8 minutos"},"schema":{"@context":"https:\/\/schema.org","@graph":[{"@type":"WebPage","@id":"https:\/\/scarpellovini.it\/es\/variedades-de-uva\/","url":"https:\/\/scarpellovini.it\/es\/variedades-de-uva\/","name":"Variedades de uva - Scarpello","isPartOf":{"@id":"https:\/\/scarpellovini.it\/#website"},"datePublished":"2024-07-29T14:07:42+00:00","dateModified":"2024-09-12T09:03:20+00:00","breadcrumb":{"@id":"https:\/\/scarpellovini.it\/es\/variedades-de-uva\/#breadcrumb"},"inLanguage":"es","potentialAction":[{"@type":"ReadAction","target":["https:\/\/scarpellovini.it\/es\/variedades-de-uva\/"]}]},{"@type":"BreadcrumbList","@id":"https:\/\/scarpellovini.it\/es\/variedades-de-uva\/#breadcrumb","itemListElement":[{"@type":"ListItem","position":1,"name":"Home","item":"https:\/\/scarpellovini.it\/"},{"@type":"ListItem","position":2,"name":"Variedades de uva"}]},{"@type":"WebSite","@id":"https:\/\/scarpellovini.it\/#website","url":"https:\/\/scarpellovini.it\/","name":"Scarpello Vini","description":"Vignaioli dal 1961","publisher":{"@id":"https:\/\/scarpellovini.it\/#organization"},"alternateName":"Scarpello - Vignaioli dal 1961","potentialAction":[{"@type":"SearchAction","target":{"@type":"EntryPoint","urlTemplate":"https:\/\/scarpellovini.it\/?s={search_term_string}"},"query-input":{"@type":"PropertyValueSpecification","valueRequired":true,"valueName":"search_term_string"}}],"inLanguage":"es"},{"@type":"Organization","@id":"https:\/\/scarpellovini.it\/#organization","name":"Azienda Agricola Scarpello di Lega Gabriella & c. S.s agricola","alternateName":"Scarpello Vini","url":"https:\/\/scarpellovini.it\/","logo":{"@type":"ImageObject","inLanguage":"es","@id":"https:\/\/scarpellovini.it\/#\/schema\/logo\/image\/","url":"https:\/\/scarpellovini.it\/wp-content\/uploads\/2024\/08\/Scarpello-Vini-Logo.jpg","contentUrl":"https:\/\/scarpellovini.it\/wp-content\/uploads\/2024\/08\/Scarpello-Vini-Logo.jpg","width":1920,"height":1080,"caption":"Azienda Agricola Scarpello di Lega Gabriella & c. S.s agricola"},"image":{"@id":"https:\/\/scarpellovini.it\/#\/schema\/logo\/image\/"},"sameAs":["https:\/\/www.facebook.com\/profile.php?id=61558509241719","https:\/\/www.instagram.com\/scarpello_vini"]}]}},"_links":{"self":[{"href":"https:\/\/scarpellovini.it\/es\/wp-json\/wp\/v2\/pages\/100435","targetHints":{"allow":["GET"]}}],"collection":[{"href":"https:\/\/scarpellovini.it\/es\/wp-json\/wp\/v2\/pages"}],"about":[{"href":"https:\/\/scarpellovini.it\/es\/wp-json\/wp\/v2\/types\/page"}],"author":[{"embeddable":true,"href":"https:\/\/scarpellovini.it\/es\/wp-json\/wp\/v2\/users\/1"}],"replies":[{"embeddable":true,"href":"https:\/\/scarpellovini.it\/es\/wp-json\/wp\/v2\/comments?post=100435"}],"version-history":[{"count":8,"href":"https:\/\/scarpellovini.it\/es\/wp-json\/wp\/v2\/pages\/100435\/revisions"}],"predecessor-version":[{"id":100681,"href":"https:\/\/scarpellovini.it\/es\/wp-json\/wp\/v2\/pages\/100435\/revisions\/100681"}],"wp:attachment":[{"href":"https:\/\/scarpellovini.it\/es\/wp-json\/wp\/v2\/media?parent=100435"}],"curies":[{"name":"wp","href":"https:\/\/api.w.org\/{rel}","templated":true}]}}