{"id":100569,"date":"2024-07-31T14:25:59","date_gmt":"2024-07-31T12:25:59","guid":{"rendered":"https:\/\/scarpellovini.it\/vinedos\/"},"modified":"2024-09-03T13:07:28","modified_gmt":"2024-09-03T11:07:28","slug":"vinedos","status":"publish","type":"page","link":"https:\/\/scarpellovini.it\/es\/vinedos\/","title":{"rendered":"Vi\u00f1edos"},"content":{"rendered":"<div class=\"wpb-content-wrapper\"><section data-vc-full-width=\"true\" data-vc-full-width-init=\"false\" data-vc-parallax-image=\"0.2\" class=\"vc_row wpb_row vc_row-fluid  vc_custom_1725360232623   overflow-visible vc_row-has-fill hongo-stretch-content hongo-stretch-row-container vc_row-o-full-height vc_row-o-columns-middle vc_row-o-content-bottom vc_row-flex parallax  hongo_responsive_1725360232625\" style=\"z-index:9;\"><div class=\"hongo-overlay\" style=\"opacity:0.3; background: #000000;\"><\/div><div class=\"wpb_column vc_column_container col-xs-mobile-fullwidth vc_col-sm-12 text-center\"><div class=\"vc_column-inner vc_custom_1725285504981\"><div class=\"wpb_wrapper\"><div class=\"text-block-content overline hongo-text-block-1 vc_custom_1725285166397 last-paragraph-no-margin\"><p><span style=\"color: #ffffff;\">TRADICI\u00d3N, CALIDAD Y AMOR POR LA TIERRA<\/span><\/p>\n<\/div><div class=\"text-block-content hongo-text-block-2 last-paragraph-no-margin\"><h1><span style=\"color: #ffffff;\">Nuestros vi\u00f1edos<br \/>\n<\/span><\/h1>\n<\/div><\/div><\/div><\/div><\/section><div class=\"vc_row-full-width vc_clearfix\"><\/div><section data-vc-parallax-image=\"0.2\" class=\"vc_row wpb_row vc_row-fluid     overflow-visible top-space vc_row-has-fill vc_row-o-equal-height vc_row-flex parallax\"><div class=\"wpb_column vc_column_container col-xs-mobile-fullwidth vc_col-sm-12\"><div class=\"vc_column-inner vc_custom_1725360162977\"><div class=\"wpb_wrapper\"><div class=\"text-block-content two-clmn hongo-text-block-3 last-paragraph-no-margin\"><p>La empresa Scarpello, situada en el coraz\u00f3n de Salento, es un aut\u00e9ntico guardi\u00e1n de la tradici\u00f3n vitivin\u00edcola de Apulia. Con un profundo respeto por el territorio y una pasi\u00f3n por la viticultura, la empresa gestiona cuatro vi\u00f1edos distintos, cada uno con caracter\u00edsticas \u00fanicas y una historia fascinante. Cada vi\u00f1a es un microcosmos que refleja la diversidad de nuestro paisaje y nuestras pr\u00e1cticas enol\u00f3gicas. Los vi\u00f1edos de Perrone, Cona, Morigine y Caretta no solo representan una riqueza en t\u00e9rminos de extensi\u00f3n y variedad de cepas, sino tambi\u00e9n un compromiso con la calidad y la innovaci\u00f3n. Las diferentes composiciones del suelo, las t\u00e9cnicas de poda y el cuidado meticuloso de las plantas permiten obtener vinos que expresan mejor las potencialidades de esta tierra generosa.<\/p>\n<\/div><\/div><\/div><\/div><\/section><section data-vc-full-width=\"true\" data-vc-full-width-init=\"false\" data-vc-parallax-image=\"0.2\" class=\"vc_row wpb_row vc_row-fluid  vc_custom_1722431300002   hongo-row-min-height vc_row-has-fill hongo-stretch-content hongo-stretch-row-container vc_row-o-content-middle vc_row-flex parallax  hongo_responsive_1722431300004\" style=\"min-height: 800px;\"><div class=\"wpb_column vc_column_container col-xs-mobile-fullwidth vc_col-sm-12\"><div class=\"vc_column-inner\"><div class=\"wpb_wrapper\"><\/div><\/div><\/div><\/section><div class=\"vc_row-full-width vc_clearfix\"><\/div><section data-vc-parallax-image=\"0.2\" class=\"vc_row wpb_row vc_row-fluid  vc_custom_1722509026793   vc_row-has-fill vc_row-o-equal-height vc_row-flex parallax  hongo_responsive_1722509026795\"><div class=\"wpb_column vc_column_container col-xs-mobile-fullwidth vc_col-sm-6\"><div class=\"vc_column-inner vc_custom_1722430856687\"><div class=\"wpb_wrapper\"><div class=\"text-block-content hongo-text-block-4 last-paragraph-no-margin\"><p><span class=\"overline\" style=\"margin-bottom: 15px; display: inline-block;\">Nuestros vi\u00f1edos<\/span><br \/><span class=\"headL\">Perrone<\/span><\/p>\n<\/div><\/div><\/div><\/div><div class=\"wpb_column vc_column_container col-xs-mobile-fullwidth vc_col-sm-6\"><div class=\"vc_column-inner vc_custom_1722430861180\"><div class=\"wpb_wrapper\"><div class=\"text-block-content hongo-text-block-5 last-paragraph-no-margin\"><p>Es la m\u00e1s grande de las cuatro empresas pertenecientes al grupo Scarpello, con cerca de 36 hect\u00e1reas de vi\u00f1edos que cultivan las principales variedades aut\u00f3ctonas como Negroamaro y Primitivo, adem\u00e1s del Chardonnay, una variedad internacional ampliamente difundida en el Salento. Con una densidad de unas 5000 plantas por hect\u00e1rea, la empresa toma su nombre de una de las mas\u00edas hist\u00f3ricas que rodean San Pancrazio Salentino, antiguamente habitada por los monjes basilianos. Est\u00e1 situada a lo largo de la antigua v\u00eda que une San Pancrazio con Mesagne, que data del periodo entre el 1200 y el 1300. Los suelos, principalmente arcillosos con una composici\u00f3n de 30% arena, 30% limo y 40% arcilla, ofrecen buena permeabilidad al agua y son ricos en elementos nutritivos, permitiendo la producci\u00f3n de vinos de gran estructura y mineralidad.<\/p>\n<\/div><\/div><\/div><\/div><\/section><section data-vc-full-width=\"true\" data-vc-full-width-init=\"false\" data-vc-parallax-image=\"0.2\" class=\"vc_row wpb_row vc_row-fluid  vc_custom_1722430869705   hongo-row-min-height vc_row-has-fill hongo-stretch-content hongo-stretch-row-container vc_row-o-content-middle vc_row-flex parallax  hongo_responsive_1722430869706\" style=\"min-height: 800px;\"><div class=\"wpb_column vc_column_container col-xs-mobile-fullwidth vc_col-sm-12\"><div class=\"vc_column-inner\"><div class=\"wpb_wrapper\"><\/div><\/div><\/div><\/section><div class=\"vc_row-full-width vc_clearfix\"><\/div><section data-vc-parallax-image=\"0.2\" class=\"vc_row wpb_row vc_row-fluid  vc_custom_1722509036333   vc_row-has-fill vc_row-o-equal-height vc_row-flex parallax  hongo_responsive_1722509036335\"><div class=\"wpb_column vc_column_container col-xs-mobile-fullwidth vc_col-sm-6\"><div class=\"vc_column-inner vc_custom_1722430856687\"><div class=\"wpb_wrapper\"><div class=\"text-block-content hongo-text-block-6 last-paragraph-no-margin\"><p><span class=\"overline\" style=\"margin-bottom: 15px; display: inline-block;\"> Nuestros vi\u00f1edos<\/span><br \/><span class=\"headL\">Cona<\/span><\/p>\n<\/div><\/div><\/div><\/div><div class=\"wpb_column vc_column_container col-xs-mobile-fullwidth vc_col-sm-6\"><div class=\"vc_column-inner vc_custom_1722430861180\"><div class=\"wpb_wrapper\"><div class=\"text-block-content hongo-text-block-7 last-paragraph-no-margin\"><p>Con cerca de 23 hect\u00e1reas de vi\u00f1edo y una densidad de 5040 plantas por hect\u00e1rea, esta es la segunda finca por extensi\u00f3n de la empresa Scarpello. Situado a unos 500 metros de la ciudad de San Pancrazio Salentino, toma el nombre de una antigua masseria medieval. La finca alberga principalmente cepas aut\u00f3ctonas como Primitivo y Negroamaro. Los suelos presentan una textura diversa, con arena, limo y arcilla equitativamente distribuidos y una fuerte presencia de piedra caliza debido a la proximidad a las canteras de toba. Esto, junto con la adopci\u00f3n del sistema de poda Guyot, contribuye a la producci\u00f3n de vinos m\u00e1s arom\u00e1ticos y con mayor acidez.<\/p>\n<\/div><\/div><\/div><\/div><\/section><section data-vc-full-width=\"true\" data-vc-full-width-init=\"false\" data-vc-parallax-image=\"0.2\" class=\"vc_row wpb_row vc_row-fluid  vc_custom_1722431084433   hongo-row-min-height vc_row-has-fill hongo-stretch-content hongo-stretch-row-container vc_row-o-content-middle vc_row-flex parallax  hongo_responsive_1722431084435\" style=\"min-height: 800px;\"><div class=\"wpb_column vc_column_container col-xs-mobile-fullwidth vc_col-sm-12\"><div class=\"vc_column-inner\"><div class=\"wpb_wrapper\"><\/div><\/div><\/div><\/section><div class=\"vc_row-full-width vc_clearfix\"><\/div><section data-vc-parallax-image=\"0.2\" class=\"vc_row wpb_row vc_row-fluid  vc_custom_1722509044435   vc_row-has-fill vc_row-o-equal-height vc_row-flex parallax  hongo_responsive_1722509044437\"><div class=\"wpb_column vc_column_container col-xs-mobile-fullwidth vc_col-sm-6\"><div class=\"vc_column-inner vc_custom_1722430856687\"><div class=\"wpb_wrapper\"><div class=\"text-block-content hongo-text-block-8 last-paragraph-no-margin\"><p><span class=\"overline\" style=\"margin-bottom: 15px; display: inline-block;\">Nuestros vi\u00f1edos<\/span><br \/><span class=\"headL\">Caretta<\/span><\/p>\n<\/div><\/div><\/div><\/div><div class=\"wpb_column vc_column_container col-xs-mobile-fullwidth vc_col-sm-6\"><div class=\"vc_column-inner vc_custom_1722430861180\"><div class=\"wpb_wrapper\"><div class=\"text-block-content hongo-text-block-9 last-paragraph-no-margin\"><p>Es la \u00faltima propiedad adquirida por la empresa Scarpello, situada cerca del Santuario de San Antonio, un lugar de culto visitado por los turistas que conserva vestigios de la presencia de comunidades mon\u00e1sticas orientales en San Pancrazio Salentino. En las 7 hect\u00e1reas de terreno, de las cuales actualmente 2 se cultivan en Negroamaro, hay una antigua casita entre dos pinos centenarios, que inspir\u00f3 el logotipo de la empresa. La posici\u00f3n ligeramente elevada de los vi\u00f1edos ofrece una correcta aireaci\u00f3n, esencial para el desarrollo y la maduraci\u00f3n de los racimos.<\/p>\n<\/div><\/div><\/div><\/div><\/section><section data-vc-full-width=\"true\" data-vc-full-width-init=\"false\" data-vc-parallax-image=\"0.2\" class=\"vc_row wpb_row vc_row-fluid  vc_custom_1722509231280   hongo-row-min-height vc_row-has-fill hongo-stretch-content hongo-stretch-row-container vc_row-o-content-middle vc_row-flex parallax  hongo_responsive_1722509231282\" style=\"min-height: 800px;\"><div class=\"wpb_column vc_column_container col-xs-mobile-fullwidth vc_col-sm-12\"><div class=\"vc_column-inner\"><div class=\"wpb_wrapper\"><\/div><\/div><\/div><\/section><div class=\"vc_row-full-width vc_clearfix\"><\/div><section data-vc-full-width=\"true\" data-vc-full-width-init=\"false\" data-vc-parallax-image=\"0.2\" class=\"vc_row wpb_row vc_row-fluid  vc_custom_1722509052525   vc_row-has-fill hongo-stretch-content hongo-stretch-row-container vc_row-o-equal-height vc_row-flex parallax  hongo_responsive_1722509052526\"><div class=\"wpb_column vc_column_container col-xs-mobile-fullwidth vc_col-sm-6\"><div class=\"vc_column-inner vc_custom_1722430856687\"><div class=\"wpb_wrapper\"><div class=\"text-block-content hongo-text-block-10 last-paragraph-no-margin\"><p><span class=\"overline\" style=\"margin-bottom: 15px; display: inline-block;\">Nuestros vi\u00f1edos<\/span><br \/><span class=\"headL\">Morigine<\/span><\/p>\n<\/div><\/div><\/div><\/div><div class=\"wpb_column vc_column_container col-xs-mobile-fullwidth vc_col-sm-6\"><div class=\"vc_column-inner vc_custom_1722430861180\"><div class=\"wpb_wrapper\"><div class=\"text-block-content hongo-text-block-11 last-paragraph-no-margin\"><p>Los terrenos situados en la zona de Morigine son un recurso fundamental para el territorio de San Pancrazio Salentino, siempre cultivados con vi\u00f1edos e incluidos en la zona del Doc Salice, uno de los m\u00e1s importantes DOC del sur de Italia. Las cepas plantadas en esta zona, Malvas\u00eda Blanca y Negroamaro, tienen unos 30 a\u00f1os y se podan a guyot. Los suelos, con un importante componente arcilloso, influyen en la capacidad de drenaje y retenci\u00f3n de agua. La plantaci\u00f3n de los vi\u00f1edos se realiza con una sexta de plantaci\u00f3n de 2,2 metros por 1,3 metros, con unas 3500 plantas por hect\u00e1rea.<\/p>\n<\/div><\/div><\/div><\/div><\/section><div class=\"vc_row-full-width vc_clearfix\"><\/div>\n<\/div>","protected":false},"excerpt":{"rendered":"TRADICI\u00d3N, CALIDAD Y AMOR POR LA TIERRA Nuestros vi\u00f1edos La empresa Scarpello, situada en el coraz\u00f3n de Salento, es un aut\u00e9ntico guardi\u00e1n de la tradici\u00f3n vitivin\u00edcola de Apulia. Con un profundo respeto por el territorio y una pasi\u00f3n por la viticultura, la empresa gestiona cuatro vi\u00f1edos distintos, cada uno con caracter\u00edsticas \u00fanicas y una historia fascinante. Cada vi\u00f1a es un microcosmos que refleja la diversidad de nuestro paisaje y nuestras pr\u00e1cticas enol\u00f3gicas. Los vi\u00f1edos de Perrone, Cona, Morigine y Caretta no solo representan una riqueza en t\u00e9rminos de extensi\u00f3n y variedad de cepas, sino tambi\u00e9n un compromiso con la calidad y la innovaci\u00f3n. Las diferentes composiciones del suelo, las t\u00e9cnicas de poda y el cuidado meticuloso de las plantas permiten obtener vinos que expresan mejor las potencialidades de esta tierra generosa. Nuestros vi\u00f1edosPerrone Es la m\u00e1s grande de las cuatro empresas pertenecientes al grupo Scarpello, con cerca de 36 hect\u00e1reas de vi\u00f1edos que cultivan las principales variedades aut\u00f3ctonas como Negroamaro y Primitivo, adem\u00e1s del Chardonnay, una variedad internacional ampliamente difundida en el Salento. Con una densidad de unas 5000 plantas por hect\u00e1rea, la empresa toma su nombre de una de las mas\u00edas hist\u00f3ricas que rodean San Pancrazio Salentino, antiguamente habitada...","protected":false},"author":1,"featured_media":0,"parent":0,"menu_order":0,"comment_status":"closed","ping_status":"closed","template":"","meta":{"inline_featured_image":false,"_monsterinsights_skip_tracking":false,"_monsterinsights_sitenote_active":false,"_monsterinsights_sitenote_note":"","_monsterinsights_sitenote_category":0,"_uf_show_specific_survey":0,"_uf_disable_surveys":false,"footnotes":""},"class_list":["post-100569","page","type-page","status-publish","hentry"],"yoast_head":"<!-- This site is optimized with the Yoast SEO plugin v27.4 - https:\/\/yoast.com\/product\/yoast-seo-wordpress\/ -->\n<title>Vi\u00f1edos - Scarpello<\/title>\n<meta name=\"robots\" content=\"index, follow, max-snippet:-1, max-image-preview:large, max-video-preview:-1\" \/>\n<link rel=\"canonical\" href=\"https:\/\/scarpellovini.it\/vigneti\/\" \/>\n<meta property=\"og:locale\" content=\"es_ES\" \/>\n<meta property=\"og:type\" content=\"article\" \/>\n<meta property=\"og:title\" content=\"Vi\u00f1edos - Scarpello\" \/>\n<meta property=\"og:url\" content=\"https:\/\/scarpellovini.it\/vigneti\/\" \/>\n<meta property=\"og:site_name\" content=\"Scarpello\" \/>\n<meta property=\"article:publisher\" content=\"https:\/\/www.facebook.com\/profile.php?id=61558509241719\" \/>\n<meta property=\"article:modified_time\" content=\"2024-09-03T11:07:28+00:00\" \/>\n<meta property=\"og:image\" content=\"https:\/\/scarpellovini.it\/wp-content\/uploads\/2024\/08\/Scarpello-Vini.jpg\" \/>\n\t<meta property=\"og:image:width\" content=\"1200\" \/>\n\t<meta property=\"og:image:height\" content=\"675\" \/>\n\t<meta property=\"og:image:type\" content=\"image\/jpeg\" \/>\n<meta name=\"twitter:card\" content=\"summary_large_image\" \/>\n<meta name=\"twitter:label1\" content=\"Tiempo de lectura\" \/>\n\t<meta name=\"twitter:data1\" content=\"7 minutos\" \/>\n<script type=\"application\/ld+json\" class=\"yoast-schema-graph\">{\"@context\":\"https:\\\/\\\/schema.org\",\"@graph\":[{\"@type\":\"WebPage\",\"@id\":\"https:\\\/\\\/scarpellovini.it\\\/vigneti\\\/\",\"url\":\"https:\\\/\\\/scarpellovini.it\\\/vigneti\\\/\",\"name\":\"Vi\u00f1edos - Scarpello\",\"isPartOf\":{\"@id\":\"https:\\\/\\\/scarpellovini.it\\\/#website\"},\"datePublished\":\"2024-07-31T12:25:59+00:00\",\"dateModified\":\"2024-09-03T11:07:28+00:00\",\"breadcrumb\":{\"@id\":\"https:\\\/\\\/scarpellovini.it\\\/vigneti\\\/#breadcrumb\"},\"inLanguage\":\"es\",\"potentialAction\":[{\"@type\":\"ReadAction\",\"target\":[\"https:\\\/\\\/scarpellovini.it\\\/vigneti\\\/\"]}]},{\"@type\":\"BreadcrumbList\",\"@id\":\"https:\\\/\\\/scarpellovini.it\\\/vigneti\\\/#breadcrumb\",\"itemListElement\":[{\"@type\":\"ListItem\",\"position\":1,\"name\":\"Home\",\"item\":\"https:\\\/\\\/scarpellovini.it\\\/\"},{\"@type\":\"ListItem\",\"position\":2,\"name\":\"Vi\u00f1edos\"}]},{\"@type\":\"WebSite\",\"@id\":\"https:\\\/\\\/scarpellovini.it\\\/#website\",\"url\":\"https:\\\/\\\/scarpellovini.it\\\/\",\"name\":\"Scarpello Vini\",\"description\":\"Vignaioli dal 1961\",\"publisher\":{\"@id\":\"https:\\\/\\\/scarpellovini.it\\\/#organization\"},\"alternateName\":\"Scarpello - Vignaioli dal 1961\",\"potentialAction\":[{\"@type\":\"SearchAction\",\"target\":{\"@type\":\"EntryPoint\",\"urlTemplate\":\"https:\\\/\\\/scarpellovini.it\\\/?s={search_term_string}\"},\"query-input\":{\"@type\":\"PropertyValueSpecification\",\"valueRequired\":true,\"valueName\":\"search_term_string\"}}],\"inLanguage\":\"es\"},{\"@type\":\"Organization\",\"@id\":\"https:\\\/\\\/scarpellovini.it\\\/#organization\",\"name\":\"Azienda Agricola Scarpello di Lega Gabriella & c. S.s agricola\",\"alternateName\":\"Scarpello Vini\",\"url\":\"https:\\\/\\\/scarpellovini.it\\\/\",\"logo\":{\"@type\":\"ImageObject\",\"inLanguage\":\"es\",\"@id\":\"https:\\\/\\\/scarpellovini.it\\\/#\\\/schema\\\/logo\\\/image\\\/\",\"url\":\"https:\\\/\\\/scarpellovini.it\\\/wp-content\\\/uploads\\\/2024\\\/08\\\/Scarpello-Vini-Logo.jpg\",\"contentUrl\":\"https:\\\/\\\/scarpellovini.it\\\/wp-content\\\/uploads\\\/2024\\\/08\\\/Scarpello-Vini-Logo.jpg\",\"width\":1920,\"height\":1080,\"caption\":\"Azienda Agricola Scarpello di Lega Gabriella & c. S.s agricola\"},\"image\":{\"@id\":\"https:\\\/\\\/scarpellovini.it\\\/#\\\/schema\\\/logo\\\/image\\\/\"},\"sameAs\":[\"https:\\\/\\\/www.facebook.com\\\/profile.php?id=61558509241719\",\"https:\\\/\\\/www.instagram.com\\\/scarpello_vini\"]}]}<\/script>\n<!-- \/ Yoast SEO plugin. -->","yoast_head_json":{"title":"Vi\u00f1edos - Scarpello","robots":{"index":"index","follow":"follow","max-snippet":"max-snippet:-1","max-image-preview":"max-image-preview:large","max-video-preview":"max-video-preview:-1"},"canonical":"https:\/\/scarpellovini.it\/vigneti\/","og_locale":"es_ES","og_type":"article","og_title":"Vi\u00f1edos - Scarpello","og_url":"https:\/\/scarpellovini.it\/vigneti\/","og_site_name":"Scarpello","article_publisher":"https:\/\/www.facebook.com\/profile.php?id=61558509241719","article_modified_time":"2024-09-03T11:07:28+00:00","og_image":[{"width":1200,"height":675,"url":"https:\/\/scarpellovini.it\/wp-content\/uploads\/2024\/08\/Scarpello-Vini.jpg","type":"image\/jpeg"}],"twitter_card":"summary_large_image","twitter_misc":{"Tiempo de lectura":"7 minutos"},"schema":{"@context":"https:\/\/schema.org","@graph":[{"@type":"WebPage","@id":"https:\/\/scarpellovini.it\/vigneti\/","url":"https:\/\/scarpellovini.it\/vigneti\/","name":"Vi\u00f1edos - Scarpello","isPartOf":{"@id":"https:\/\/scarpellovini.it\/#website"},"datePublished":"2024-07-31T12:25:59+00:00","dateModified":"2024-09-03T11:07:28+00:00","breadcrumb":{"@id":"https:\/\/scarpellovini.it\/vigneti\/#breadcrumb"},"inLanguage":"es","potentialAction":[{"@type":"ReadAction","target":["https:\/\/scarpellovini.it\/vigneti\/"]}]},{"@type":"BreadcrumbList","@id":"https:\/\/scarpellovini.it\/vigneti\/#breadcrumb","itemListElement":[{"@type":"ListItem","position":1,"name":"Home","item":"https:\/\/scarpellovini.it\/"},{"@type":"ListItem","position":2,"name":"Vi\u00f1edos"}]},{"@type":"WebSite","@id":"https:\/\/scarpellovini.it\/#website","url":"https:\/\/scarpellovini.it\/","name":"Scarpello Vini","description":"Vignaioli dal 1961","publisher":{"@id":"https:\/\/scarpellovini.it\/#organization"},"alternateName":"Scarpello - Vignaioli dal 1961","potentialAction":[{"@type":"SearchAction","target":{"@type":"EntryPoint","urlTemplate":"https:\/\/scarpellovini.it\/?s={search_term_string}"},"query-input":{"@type":"PropertyValueSpecification","valueRequired":true,"valueName":"search_term_string"}}],"inLanguage":"es"},{"@type":"Organization","@id":"https:\/\/scarpellovini.it\/#organization","name":"Azienda Agricola Scarpello di Lega Gabriella & c. S.s agricola","alternateName":"Scarpello Vini","url":"https:\/\/scarpellovini.it\/","logo":{"@type":"ImageObject","inLanguage":"es","@id":"https:\/\/scarpellovini.it\/#\/schema\/logo\/image\/","url":"https:\/\/scarpellovini.it\/wp-content\/uploads\/2024\/08\/Scarpello-Vini-Logo.jpg","contentUrl":"https:\/\/scarpellovini.it\/wp-content\/uploads\/2024\/08\/Scarpello-Vini-Logo.jpg","width":1920,"height":1080,"caption":"Azienda Agricola Scarpello di Lega Gabriella & c. S.s agricola"},"image":{"@id":"https:\/\/scarpellovini.it\/#\/schema\/logo\/image\/"},"sameAs":["https:\/\/www.facebook.com\/profile.php?id=61558509241719","https:\/\/www.instagram.com\/scarpello_vini"]}]}},"_links":{"self":[{"href":"https:\/\/scarpellovini.it\/es\/wp-json\/wp\/v2\/pages\/100569","targetHints":{"allow":["GET"]}}],"collection":[{"href":"https:\/\/scarpellovini.it\/es\/wp-json\/wp\/v2\/pages"}],"about":[{"href":"https:\/\/scarpellovini.it\/es\/wp-json\/wp\/v2\/types\/page"}],"author":[{"embeddable":true,"href":"https:\/\/scarpellovini.it\/es\/wp-json\/wp\/v2\/users\/1"}],"replies":[{"embeddable":true,"href":"https:\/\/scarpellovini.it\/es\/wp-json\/wp\/v2\/comments?post=100569"}],"version-history":[{"count":2,"href":"https:\/\/scarpellovini.it\/es\/wp-json\/wp\/v2\/pages\/100569\/revisions"}],"predecessor-version":[{"id":100576,"href":"https:\/\/scarpellovini.it\/es\/wp-json\/wp\/v2\/pages\/100569\/revisions\/100576"}],"wp:attachment":[{"href":"https:\/\/scarpellovini.it\/es\/wp-json\/wp\/v2\/media?parent=100569"}],"curies":[{"name":"wp","href":"https:\/\/api.w.org\/{rel}","templated":true}]}}