{"id":100591,"date":"2024-07-30T15:35:51","date_gmt":"2024-07-30T13:35:51","guid":{"rendered":"https:\/\/scarpellovini.it\/minoristas\/"},"modified":"2024-09-03T13:10:08","modified_gmt":"2024-09-03T11:10:08","slug":"minoristas","status":"publish","type":"page","link":"https:\/\/scarpellovini.it\/es\/minoristas\/","title":{"rendered":"Minoristas"},"content":{"rendered":"<div class=\"wpb-content-wrapper\"><section data-vc-full-width=\"true\" data-vc-full-width-init=\"false\" class=\"vc_row wpb_row vc_row-fluid  vc_custom_1725284604501   overflow-visible cover-background bg-position-center-top vc_row-has-fill hongo-stretch-content hongo-stretch-row-container vc_row-o-full-height vc_row-o-columns-middle vc_row-o-content-bottom vc_row-flex  hongo_responsive_1725284604503\" style=\"z-index:9;\"><div class=\"wpb_column vc_column_container col-xs-mobile-fullwidth vc_col-sm-12 wow fadeInUp text-center\" data-wow-duration= 1200ms><div class=\"vc_column-inner vc_custom_1725285518678\"><div class=\"wpb_wrapper\"><div class=\"text-block-content overline hongo-text-block-1 vc_custom_1725284642595 last-paragraph-no-margin\"><p><span style=\"color: #ffffff;\">\u00bfERES DISTRIBUIDOR?<\/span><\/p>\n<\/div><div class=\"text-block-content hongo-text-block-2 last-paragraph-no-margin\"><h1><span style=\"color: #ffffff;\"><br \/>\u00danete a nuestra red de socios<br \/>\n<\/span><\/h1>\n<\/div><\/div><\/div><\/div><\/section><div class=\"vc_row-full-width vc_clearfix\"><\/div><section data-vc-full-width=\"true\" data-vc-full-width-init=\"false\" data-vc-stretch-content=\"true\" class=\"vc_row wpb_row vc_row-fluid  vc_custom_1722347782381   hongo-stretch-content hongo-stretch-content-fluid vc_row-o-equal-height vc_row-o-content-middle vc_row-flex\"><div class=\"wpb_column vc_column_container col-xs-mobile-fullwidth vc_col-sm-4 vc_col-lg-offset-1 vc_col-lg-4 vc_col-md-offset-1 vc_col-md-4 vc_hidden-sm vc_hidden-xs\"><div class=\"vc_column-inner vc_custom_1722347751611  hongo_responsive_1722347751613\"><div class=\"wpb_wrapper\"><div class=\"wpb_single_image   vc_custom_1722347565541  hongo_responsive_1722347565543 hongo-full-width-single-image\">\n\t\t\t<figure class=\"wpb_wrapper vc_figure\">\n\t\t\t\t<div class=\"vc_single_image-wrapper  \"><img loading=\"lazy\" decoding=\"async\" width=\"1334\" height=\"1667\" src=\"https:\/\/scarpellovini.it\/wp-content\/uploads\/2024\/07\/Scarpello-Vini-Pugliesi-per-la-Ristorazione.webp\" class=\"vc_single_image-img attachment-full\" alt=\"\" title=\"Scarpello Vini Pugliesi per la Ristorazione\" srcset=\"https:\/\/scarpellovini.it\/wp-content\/uploads\/2024\/07\/Scarpello-Vini-Pugliesi-per-la-Ristorazione.webp 1334w, https:\/\/scarpellovini.it\/wp-content\/uploads\/2024\/07\/Scarpello-Vini-Pugliesi-per-la-Ristorazione-240x300.webp 240w, https:\/\/scarpellovini.it\/wp-content\/uploads\/2024\/07\/Scarpello-Vini-Pugliesi-per-la-Ristorazione-819x1024.webp 819w, https:\/\/scarpellovini.it\/wp-content\/uploads\/2024\/07\/Scarpello-Vini-Pugliesi-per-la-Ristorazione-768x960.webp 768w, https:\/\/scarpellovini.it\/wp-content\/uploads\/2024\/07\/Scarpello-Vini-Pugliesi-per-la-Ristorazione-1229x1536.webp 1229w, https:\/\/scarpellovini.it\/wp-content\/uploads\/2024\/07\/Scarpello-Vini-Pugliesi-per-la-Ristorazione-84x105.webp 84w, https:\/\/scarpellovini.it\/wp-content\/uploads\/2024\/07\/Scarpello-Vini-Pugliesi-per-la-Ristorazione-200x250.webp 200w, https:\/\/scarpellovini.it\/wp-content\/uploads\/2024\/07\/Scarpello-Vini-Pugliesi-per-la-Ristorazione-450x562.webp 450w, https:\/\/scarpellovini.it\/wp-content\/uploads\/2024\/07\/Scarpello-Vini-Pugliesi-per-la-Ristorazione-632x790.webp 632w, https:\/\/scarpellovini.it\/wp-content\/uploads\/2024\/07\/Scarpello-Vini-Pugliesi-per-la-Ristorazione-300x375.webp 300w, https:\/\/scarpellovini.it\/wp-content\/uploads\/2024\/07\/Scarpello-Vini-Pugliesi-per-la-Ristorazione-600x750.webp 600w\" sizes=\"auto, (max-width: 1334px) 100vw, 1334px\" \/><\/div>\n\t\t\t<\/figure>\n\t\t\t\n\t\t<\/div><\/div><\/div><\/div><div class=\"wpb_column vc_column_container vc_col-sm-12 vc_col-lg-offset-1 vc_col-lg-5 vc_col-md-6 vc_col-xs-12\"><div class=\"vc_column-inner vc_custom_1722347764662\"><div class=\"wpb_wrapper\"><div class=\"text-block-content overline hongo-text-block-3 last-paragraph-no-margin\"><p>P\u00eddenos informaci\u00f3n<\/p>\n<\/div><div class=\"text-block-content headL hongo-text-block-4 vc_custom_1722347616228 last-paragraph-no-margin\"><p>Contacta con nosotros<\/p>\n<\/div><div class=\"text-block-content hongo-text-block-5 last-paragraph-no-margin\"><p>Nos gusta encontrar socios cualificados para ampliar nuestra red de distribuci\u00f3n y llevar nuestros excelentes vinos a las mejores vinotecas, restaurantes y empresas. Si eres minorista, restaurador o tienes un negocio en el sector de la restauraci\u00f3n, puedes ponerte en contacto con nosotros para solicitar una oferta personalizada.<\/p>\n<\/div><\/div><\/div><\/div><\/section><div class=\"vc_row-full-width vc_clearfix\"><\/div><section data-vc-full-width=\"true\" data-vc-full-width-init=\"false\" class=\"vc_row wpb_row vc_row-fluid  vc_custom_1721824326020   hongo-stretch-content hongo-stretch-row-container\"><div class=\"wpb_column vc_column_container col-xs-mobile-fullwidth vc_col-sm-12\"><div class=\"vc_column-inner vc_custom_1721822976186\"><div class=\"wpb_wrapper\">\n<div class=\"wpcf7 no-js\" id=\"wpcf7-f100728-o1\" lang=\"es-ES\" dir=\"ltr\" data-wpcf7-id=\"100728\">\n<div class=\"screen-reader-response\"><p role=\"status\" aria-live=\"polite\" aria-atomic=\"true\"><\/p> <ul><\/ul><\/div>\n<form action=\"\/es\/wp-json\/wp\/v2\/pages\/100591#wpcf7-f100728-o1\" method=\"post\" class=\"wpcf7-form init\" aria-label=\"Formulario de contacto\" novalidate=\"novalidate\" data-status=\"init\">\n<fieldset class=\"hidden-fields-container\"><input type=\"hidden\" name=\"_wpcf7\" value=\"100728\" \/><input type=\"hidden\" name=\"_wpcf7_version\" value=\"6.1.5\" \/><input type=\"hidden\" name=\"_wpcf7_locale\" value=\"es_ES\" \/><input type=\"hidden\" name=\"_wpcf7_unit_tag\" value=\"wpcf7-f100728-o1\" \/><input type=\"hidden\" name=\"_wpcf7_container_post\" value=\"0\" \/><input type=\"hidden\" name=\"_wpcf7_posted_data_hash\" value=\"\" \/>\n<\/fieldset>\n<div class=\"contactform\">\n\t<div class=\"col-sm-6 col-xs-12\">\n\t\t<p><span class=\"wpcf7-form-control-wrap\" data-name=\"nome\"><input size=\"40\" maxlength=\"400\" class=\"wpcf7-form-control wpcf7-text wpcf7-validates-as-required\" aria-required=\"true\" aria-invalid=\"false\" placeholder=\"Nombre *\" value=\"\" type=\"text\" name=\"nome\" \/><\/span>\n\t\t<\/p>\n\t<\/div>\n\t<div class=\"col-sm-6 col-xs-12\">\n\t\t<p><span class=\"wpcf7-form-control-wrap\" data-name=\"cognome\"><input size=\"40\" maxlength=\"400\" class=\"wpcf7-form-control wpcf7-text wpcf7-validates-as-required\" aria-required=\"true\" aria-invalid=\"false\" placeholder=\"Apellidos *\" value=\"\" type=\"text\" name=\"cognome\" \/><\/span>\n\t\t<\/p>\n\t<\/div>\n\t<div class=\"col-sm-6 col-xs-12\">\n\t\t<p><span class=\"wpcf7-form-control-wrap\" data-name=\"telefono\"><input size=\"40\" maxlength=\"400\" class=\"wpcf7-form-control wpcf7-tel wpcf7-validates-as-required wpcf7-text wpcf7-validates-as-tel\" aria-required=\"true\" aria-invalid=\"false\" placeholder=\"Tel\u00e9fono *\" value=\"\" type=\"tel\" name=\"telefono\" \/><\/span>\n\t\t<\/p>\n\t<\/div>\n\t<div class=\"col-sm-6 col-xs-12\">\n\t\t<p><span class=\"wpcf7-form-control-wrap\" data-name=\"email\"><input size=\"40\" maxlength=\"400\" class=\"wpcf7-form-control wpcf7-text wpcf7-validates-as-required\" aria-required=\"true\" aria-invalid=\"false\" placeholder=\"Correo electr\u00f3nico *\" value=\"\" type=\"text\" name=\"email\" \/><\/span>\n\t\t<\/p>\n\t<\/div>\n\t<div class=\"col-sm-6 col-xs-12\">\n\t\t<p><span class=\"wpcf7-form-control-wrap\" data-name=\"ragione-sociale\"><input size=\"40\" maxlength=\"400\" class=\"wpcf7-form-control wpcf7-text wpcf7-validates-as-required\" aria-required=\"true\" aria-invalid=\"false\" placeholder=\"Nombre de empresa *\" value=\"\" type=\"text\" name=\"ragione-sociale\" \/><\/span>\n\t\t<\/p>\n\t<\/div>\n\t<div class=\"col-sm-6 col-xs-12\">\n\t\t<p><span class=\"wpcf7-form-control-wrap\" data-name=\"attivita\"><input size=\"40\" maxlength=\"400\" class=\"wpcf7-form-control wpcf7-text wpcf7-validates-as-required\" aria-required=\"true\" aria-invalid=\"false\" placeholder=\"Tipo de actividad *\" value=\"\" type=\"text\" name=\"attivita\" \/><\/span>\n\t\t<\/p>\n\t<\/div>\n\t<div class=\"col-sm-12 col-xs-12\">\n\t\t<p><span class=\"wpcf7-form-control-wrap\" data-name=\"messaggio\"><textarea cols=\"40\" rows=\"6\" maxlength=\"2000\" class=\"wpcf7-form-control wpcf7-textarea wpcf7-validates-as-required\" aria-required=\"true\" aria-invalid=\"false\" placeholder=\"Escribe tu solicitud aqu\u00ed\" name=\"messaggio\"><\/textarea><\/span>\n\t\t<\/p>\n\t<\/div>\n\t<div class=\"col-sm-12 col-xs-12\">\n\t\t<p><input class=\"wpcf7-form-control wpcf7-submit has-spinner hongo-button-1 btn-link btn-base-link alt-font btn-extra-large\" type=\"submit\" value=\"ENVIAR MENSAJE\" \/>\n\t\t<\/p>\n\t<\/div>\n<\/div><input type='hidden' class='wpcf7-pum' value='{\"closepopup\":false,\"closedelay\":0,\"openpopup\":false,\"openpopup_id\":0}' \/><div class=\"wpcf7-response-output\" aria-hidden=\"true\"><\/div>\n<\/form>\n<\/div>\n<\/div><\/div><\/div><\/section><div class=\"vc_row-full-width vc_clearfix\"><\/div>\n<\/div>","protected":false},"excerpt":{"rendered":"\u00bfERES DISTRIBUIDOR? \u00danete a nuestra red de socios P\u00eddenos informaci\u00f3n Contacta con nosotros Nos gusta encontrar socios cualificados para ampliar nuestra red de distribuci\u00f3n y llevar nuestros excelentes vinos a las mejores vinotecas, restaurantes y empresas. Si eres minorista, restaurador o tienes un negocio en el sector de la restauraci\u00f3n, puedes ponerte en contacto con nosotros para solicitar una oferta personalizada.","protected":false},"author":1,"featured_media":0,"parent":0,"menu_order":0,"comment_status":"closed","ping_status":"closed","template":"","meta":{"inline_featured_image":false,"_monsterinsights_skip_tracking":false,"_monsterinsights_sitenote_active":false,"_monsterinsights_sitenote_note":"","_monsterinsights_sitenote_category":0,"_uf_show_specific_survey":0,"_uf_disable_surveys":false,"footnotes":""},"class_list":["post-100591","page","type-page","status-publish","hentry"],"yoast_head":"<!-- This site is optimized with the Yoast SEO plugin v27.4 - https:\/\/yoast.com\/product\/yoast-seo-wordpress\/ -->\n<title>Minoristas - Scarpello<\/title>\n<meta name=\"robots\" content=\"index, follow, max-snippet:-1, max-image-preview:large, max-video-preview:-1\" \/>\n<link rel=\"canonical\" href=\"https:\/\/scarpellovini.it\/rivenditori\/\" \/>\n<meta property=\"og:locale\" content=\"es_ES\" \/>\n<meta property=\"og:type\" content=\"article\" \/>\n<meta property=\"og:title\" content=\"Minoristas - Scarpello\" \/>\n<meta property=\"og:url\" content=\"https:\/\/scarpellovini.it\/rivenditori\/\" \/>\n<meta property=\"og:site_name\" content=\"Scarpello\" \/>\n<meta property=\"article:publisher\" content=\"https:\/\/www.facebook.com\/profile.php?id=61558509241719\" \/>\n<meta property=\"article:modified_time\" content=\"2024-09-03T11:10:08+00:00\" \/>\n<meta property=\"og:image\" content=\"https:\/\/scarpellovini.it\/wp-content\/uploads\/2024\/08\/Scarpello-Vini.jpg\" \/>\n\t<meta property=\"og:image:width\" content=\"1200\" \/>\n\t<meta property=\"og:image:height\" content=\"675\" \/>\n\t<meta property=\"og:image:type\" content=\"image\/jpeg\" \/>\n<meta name=\"twitter:card\" content=\"summary_large_image\" \/>\n<meta name=\"twitter:label1\" content=\"Tiempo de lectura\" \/>\n\t<meta name=\"twitter:data1\" content=\"2 minutos\" \/>\n<script type=\"application\/ld+json\" class=\"yoast-schema-graph\">{\"@context\":\"https:\\\/\\\/schema.org\",\"@graph\":[{\"@type\":\"WebPage\",\"@id\":\"https:\\\/\\\/scarpellovini.it\\\/rivenditori\\\/\",\"url\":\"https:\\\/\\\/scarpellovini.it\\\/rivenditori\\\/\",\"name\":\"Minoristas - Scarpello\",\"isPartOf\":{\"@id\":\"https:\\\/\\\/scarpellovini.it\\\/#website\"},\"datePublished\":\"2024-07-30T13:35:51+00:00\",\"dateModified\":\"2024-09-03T11:10:08+00:00\",\"breadcrumb\":{\"@id\":\"https:\\\/\\\/scarpellovini.it\\\/rivenditori\\\/#breadcrumb\"},\"inLanguage\":\"es\",\"potentialAction\":[{\"@type\":\"ReadAction\",\"target\":[\"https:\\\/\\\/scarpellovini.it\\\/rivenditori\\\/\"]}]},{\"@type\":\"BreadcrumbList\",\"@id\":\"https:\\\/\\\/scarpellovini.it\\\/rivenditori\\\/#breadcrumb\",\"itemListElement\":[{\"@type\":\"ListItem\",\"position\":1,\"name\":\"Home\",\"item\":\"https:\\\/\\\/scarpellovini.it\\\/\"},{\"@type\":\"ListItem\",\"position\":2,\"name\":\"Minoristas\"}]},{\"@type\":\"WebSite\",\"@id\":\"https:\\\/\\\/scarpellovini.it\\\/#website\",\"url\":\"https:\\\/\\\/scarpellovini.it\\\/\",\"name\":\"Scarpello Vini\",\"description\":\"Vignaioli dal 1961\",\"publisher\":{\"@id\":\"https:\\\/\\\/scarpellovini.it\\\/#organization\"},\"alternateName\":\"Scarpello - Vignaioli dal 1961\",\"potentialAction\":[{\"@type\":\"SearchAction\",\"target\":{\"@type\":\"EntryPoint\",\"urlTemplate\":\"https:\\\/\\\/scarpellovini.it\\\/?s={search_term_string}\"},\"query-input\":{\"@type\":\"PropertyValueSpecification\",\"valueRequired\":true,\"valueName\":\"search_term_string\"}}],\"inLanguage\":\"es\"},{\"@type\":\"Organization\",\"@id\":\"https:\\\/\\\/scarpellovini.it\\\/#organization\",\"name\":\"Azienda Agricola Scarpello di Lega Gabriella & c. S.s agricola\",\"alternateName\":\"Scarpello Vini\",\"url\":\"https:\\\/\\\/scarpellovini.it\\\/\",\"logo\":{\"@type\":\"ImageObject\",\"inLanguage\":\"es\",\"@id\":\"https:\\\/\\\/scarpellovini.it\\\/#\\\/schema\\\/logo\\\/image\\\/\",\"url\":\"https:\\\/\\\/scarpellovini.it\\\/wp-content\\\/uploads\\\/2024\\\/08\\\/Scarpello-Vini-Logo.jpg\",\"contentUrl\":\"https:\\\/\\\/scarpellovini.it\\\/wp-content\\\/uploads\\\/2024\\\/08\\\/Scarpello-Vini-Logo.jpg\",\"width\":1920,\"height\":1080,\"caption\":\"Azienda Agricola Scarpello di Lega Gabriella & c. S.s agricola\"},\"image\":{\"@id\":\"https:\\\/\\\/scarpellovini.it\\\/#\\\/schema\\\/logo\\\/image\\\/\"},\"sameAs\":[\"https:\\\/\\\/www.facebook.com\\\/profile.php?id=61558509241719\",\"https:\\\/\\\/www.instagram.com\\\/scarpello_vini\"]}]}<\/script>\n<!-- \/ Yoast SEO plugin. -->","yoast_head_json":{"title":"Minoristas - Scarpello","robots":{"index":"index","follow":"follow","max-snippet":"max-snippet:-1","max-image-preview":"max-image-preview:large","max-video-preview":"max-video-preview:-1"},"canonical":"https:\/\/scarpellovini.it\/rivenditori\/","og_locale":"es_ES","og_type":"article","og_title":"Minoristas - Scarpello","og_url":"https:\/\/scarpellovini.it\/rivenditori\/","og_site_name":"Scarpello","article_publisher":"https:\/\/www.facebook.com\/profile.php?id=61558509241719","article_modified_time":"2024-09-03T11:10:08+00:00","og_image":[{"width":1200,"height":675,"url":"https:\/\/scarpellovini.it\/wp-content\/uploads\/2024\/08\/Scarpello-Vini.jpg","type":"image\/jpeg"}],"twitter_card":"summary_large_image","twitter_misc":{"Tiempo de lectura":"2 minutos"},"schema":{"@context":"https:\/\/schema.org","@graph":[{"@type":"WebPage","@id":"https:\/\/scarpellovini.it\/rivenditori\/","url":"https:\/\/scarpellovini.it\/rivenditori\/","name":"Minoristas - Scarpello","isPartOf":{"@id":"https:\/\/scarpellovini.it\/#website"},"datePublished":"2024-07-30T13:35:51+00:00","dateModified":"2024-09-03T11:10:08+00:00","breadcrumb":{"@id":"https:\/\/scarpellovini.it\/rivenditori\/#breadcrumb"},"inLanguage":"es","potentialAction":[{"@type":"ReadAction","target":["https:\/\/scarpellovini.it\/rivenditori\/"]}]},{"@type":"BreadcrumbList","@id":"https:\/\/scarpellovini.it\/rivenditori\/#breadcrumb","itemListElement":[{"@type":"ListItem","position":1,"name":"Home","item":"https:\/\/scarpellovini.it\/"},{"@type":"ListItem","position":2,"name":"Minoristas"}]},{"@type":"WebSite","@id":"https:\/\/scarpellovini.it\/#website","url":"https:\/\/scarpellovini.it\/","name":"Scarpello Vini","description":"Vignaioli dal 1961","publisher":{"@id":"https:\/\/scarpellovini.it\/#organization"},"alternateName":"Scarpello - Vignaioli dal 1961","potentialAction":[{"@type":"SearchAction","target":{"@type":"EntryPoint","urlTemplate":"https:\/\/scarpellovini.it\/?s={search_term_string}"},"query-input":{"@type":"PropertyValueSpecification","valueRequired":true,"valueName":"search_term_string"}}],"inLanguage":"es"},{"@type":"Organization","@id":"https:\/\/scarpellovini.it\/#organization","name":"Azienda Agricola Scarpello di Lega Gabriella & c. S.s agricola","alternateName":"Scarpello Vini","url":"https:\/\/scarpellovini.it\/","logo":{"@type":"ImageObject","inLanguage":"es","@id":"https:\/\/scarpellovini.it\/#\/schema\/logo\/image\/","url":"https:\/\/scarpellovini.it\/wp-content\/uploads\/2024\/08\/Scarpello-Vini-Logo.jpg","contentUrl":"https:\/\/scarpellovini.it\/wp-content\/uploads\/2024\/08\/Scarpello-Vini-Logo.jpg","width":1920,"height":1080,"caption":"Azienda Agricola Scarpello di Lega Gabriella & c. S.s agricola"},"image":{"@id":"https:\/\/scarpellovini.it\/#\/schema\/logo\/image\/"},"sameAs":["https:\/\/www.facebook.com\/profile.php?id=61558509241719","https:\/\/www.instagram.com\/scarpello_vini"]}]}},"_links":{"self":[{"href":"https:\/\/scarpellovini.it\/es\/wp-json\/wp\/v2\/pages\/100591","targetHints":{"allow":["GET"]}}],"collection":[{"href":"https:\/\/scarpellovini.it\/es\/wp-json\/wp\/v2\/pages"}],"about":[{"href":"https:\/\/scarpellovini.it\/es\/wp-json\/wp\/v2\/types\/page"}],"author":[{"embeddable":true,"href":"https:\/\/scarpellovini.it\/es\/wp-json\/wp\/v2\/users\/1"}],"replies":[{"embeddable":true,"href":"https:\/\/scarpellovini.it\/es\/wp-json\/wp\/v2\/comments?post=100591"}],"version-history":[{"count":4,"href":"https:\/\/scarpellovini.it\/es\/wp-json\/wp\/v2\/pages\/100591\/revisions"}],"predecessor-version":[{"id":100603,"href":"https:\/\/scarpellovini.it\/es\/wp-json\/wp\/v2\/pages\/100591\/revisions\/100603"}],"wp:attachment":[{"href":"https:\/\/scarpellovini.it\/es\/wp-json\/wp\/v2\/media?parent=100591"}],"curies":[{"name":"wp","href":"https:\/\/api.w.org\/{rel}","templated":true}]}}