{"id":100335,"date":"2024-07-29T16:07:42","date_gmt":"2024-07-29T14:07:42","guid":{"rendered":"https:\/\/scarpellovini.it\/vignes\/"},"modified":"2024-09-12T11:03:21","modified_gmt":"2024-09-12T09:03:21","slug":"vignes","status":"publish","type":"page","link":"https:\/\/scarpellovini.it\/fr\/vignes\/","title":{"rendered":"Vignes"},"content":{"rendered":"<div class=\"wpb-content-wrapper\"><section data-vc-full-width=\"true\" data-vc-full-width-init=\"false\" data-vc-parallax-image=\"0.2\" class=\"vc_row wpb_row vc_row-fluid  vc_custom_1725466014396   overflow-visible vc_row-has-fill hongo-stretch-content hongo-stretch-row-container vc_row-o-full-height vc_row-o-columns-middle vc_row-o-content-bottom vc_row-flex parallax  hongo_responsive_1725466014396\" style=\"z-index:9;\"><div class=\"hongo-overlay\" style=\"opacity:0.3; background: #000000;\"><\/div><div class=\"wpb_column vc_column_container col-xs-mobile-fullwidth vc_col-sm-12 wow fadeInUp text-center\" data-wow-duration= 1200ms><div class=\"vc_column-inner vc_custom_1725285494686\"><div class=\"wpb_wrapper\"><div class=\"text-block-content overline hongo-text-block-1 vc_custom_1725284555957 last-paragraph-no-margin\"><p><span style=\"color: #ffffff;\">NOS C\u00c9PAGES<\/span><\/p>\n<\/div><div class=\"text-block-content hongo-text-block-2 last-paragraph-no-margin\"><h1><span style=\"color: #ffffff;\"><br \/> L&rsquo;essence de notre territoire<br \/>\n<\/span><\/h1>\n<\/div><\/div><\/div><\/div><\/section><div class=\"vc_row-full-width vc_clearfix\"><\/div><section data-vc-full-width=\"true\" data-vc-full-width-init=\"false\" data-vc-stretch-content=\"true\" class=\"vc_row wpb_row vc_row-fluid  vc_custom_1722264084821   top-space hongo-stretch-content hongo-stretch-content-fluid\"><div class=\"wpb_column vc_column_container col-xs-mobile-fullwidth vc_col-sm-12 vc_col-md-offset-1 vc_col-md-10\"><div class=\"vc_column-inner vc_custom_1722266791876\"><div class=\"wpb_wrapper\"><div class=\"vc_row wpb_row vc_inner vc_row-fluid   vc_row-o-equal-height vc_row-o-content-middle vc_row-flex\" style=\"min-height: 600px;\"><div class=\"wpb_column vc_column_container vc_col-has-fill col-xs-mobile-fullwidth vc_col-sm-12 vc_col-md-6 wow fadeInLeft\" data-wow-duration= 1200ms><div class=\"vc_column-inner vc_custom_1722350775617  hongo_responsive_1722350775618\" style=\"min-height: 400px;\"><div class=\"wpb_wrapper\"><\/div><\/div><\/div><div class=\"wpb_column vc_column_container col-xs-mobile-fullwidth vc_col-sm-12 vc_col-md-6 wow fadeIn\" data-wow-delay= 200ms data-wow-duration= 1200ms><div class=\"vc_column-inner vc_custom_1722350787470  hongo_responsive_1722350787472\"><div class=\"wpb_wrapper\"><div class=\"text-block-content hongo-text-block-3 vc_custom_1722333425629 last-paragraph-no-margin  hongo_responsive_1722333425630\"><div class=\"overline\">LES VIGNES<\/div>\n<\/div><div class=\"text-block-content headL hongo-text-block-4 vc_custom_1722333268628 last-paragraph-no-margin  hongo_responsive_1722333268629\"><p>Negroamaro<\/p>\n<\/div><div class=\"text-block-content hongo-text-block-5 last-paragraph-no-margin\"><p>La vigne Negroamaro est l\u2019une des vari\u00e9t\u00e9s les plus importantes et repr\u00e9sentatives du Salento et, en particulier de la campagne de San Pancrazio Salentino, donnant \u00e9galement lieu au Doc Salice Salentino en combinaison avec le Malvasia Nera. Le nom provient des mots \u00ab negro \u00bb et \u00ab amaro \u00bb, qui signifient noir et amer et refl\u00e8tent la couleur sombre et s\u00e8che du vin issu des raisins Negroamaro. Il a une taille de feuille vert fonc\u00e9 moyenne \u00e0 grande, un groupe assez compact \u00e9galement de taille moyenne et des baies en forme de sph\u00e9ro\u00efde avec une peau \u00e9paisse noir-violet. Enologiquement il se pr\u00eate \u00e0 \u00eatre vinifi\u00e9 en ros\u00e9, rouge mais aussi en blanc et \u00e9galement pour obtenir d\u2019excellentes bulles. Les vins vont du rouge rubis au grenat avec des vins vieillis en barrique tandis qu\u2019en bouche ils sont tr\u00e8s cors\u00e9s avec des tanins doux.<\/p>\n<\/div><\/div><\/div><\/div><\/div><\/div><\/div><\/div><\/section><div class=\"vc_row-full-width vc_clearfix\"><\/div><section data-vc-full-width=\"true\" data-vc-full-width-init=\"false\" data-vc-stretch-content=\"true\" class=\"vc_row wpb_row vc_row-fluid  vc_custom_1722264084821   top-space hongo-stretch-content hongo-stretch-content-fluid\"><div class=\"wpb_column vc_column_container col-xs-mobile-fullwidth vc_col-sm-12 vc_col-md-offset-1 vc_col-md-10\"><div class=\"vc_column-inner vc_custom_1722266888858\"><div class=\"wpb_wrapper\"><div class=\"vc_row wpb_row vc_inner vc_row-fluid swap-on-mobile  vc_row-o-equal-height vc_row-o-content-middle vc_row-flex\" style=\"min-height: 600px;\"><div class=\"wpb_column vc_column_container col-xs-mobile-fullwidth vc_col-sm-6 wow fadeIn\" data-wow-delay= 200ms data-wow-duration= 1200ms><div class=\"vc_column-inner vc_custom_1722350807603  hongo_responsive_1722350807605\"><div class=\"wpb_wrapper\"><div class=\"text-block-content hongo-text-block-6 vc_custom_1722333425629 last-paragraph-no-margin  hongo_responsive_1722333425630\"><div class=\"overline\">LES VIGNES<\/div>\n<\/div><div class=\"text-block-content headL hongo-text-block-7 vc_custom_1722333277892 last-paragraph-no-margin  hongo_responsive_1722333277894\"><p>Primitivo<\/p>\n<\/div><div class=\"text-block-content hongo-text-block-8 last-paragraph-no-margin\"><p>El Primitivo, s\u00edmbolo de la viticultura de Apulia, es conocido por su maduraci\u00f3n temprana (del lat\u00edn primativus) y sus caracter\u00edsticas \u00fanicas. Los racimos son de tama\u00f1o mediano y tienen una piel fina de color azul oscuro, que requiere especial atenci\u00f3n durante el crecimiento para evitar da\u00f1os por las lluvias oto\u00f1ales. Por otro lado, la piel fina facilita el marchitamiento natural, favorecido por el clima seco y soleado del oto\u00f1o, permitiendo una ligera sobremaduraci\u00f3n. Esta pr\u00e1ctica tradicional permite obtener vinos complejos y profundos. El Primitivo tiene un color rub\u00ed intenso que evoluciona hacia el granate con el envejecimiento. En nariz presenta aromas de frutas rojas como cereza y ciruelas, con notas florales de violeta y especias como canela y pimienta negra de la maduraci\u00f3n en madera. En boca es c\u00e1lido y envolvente, con taninos delicados y una buena persistencia, expresando plenamente las caracter\u00edsticas del terroir de Apulia.<\/p>\n<\/div><\/div><\/div><\/div><div class=\"wpb_column vc_column_container vc_col-has-fill col-xs-mobile-fullwidth vc_col-sm-6 wow fadeInRight\" data-wow-duration= 1200ms><div class=\"vc_column-inner vc_custom_1722350798960  hongo_responsive_1722350798961\" style=\"min-height: 400px;\"><div class=\"wpb_wrapper\"><\/div><\/div><\/div><\/div><\/div><\/div><\/div><\/section><div class=\"vc_row-full-width vc_clearfix\"><\/div><section data-vc-full-width=\"true\" data-vc-full-width-init=\"false\" data-vc-stretch-content=\"true\" class=\"vc_row wpb_row vc_row-fluid  vc_custom_1724764038813   top-space hongo-stretch-content hongo-stretch-content-fluid\"><div class=\"wpb_column vc_column_container col-xs-mobile-fullwidth vc_col-sm-12 vc_col-md-offset-1 vc_col-md-10\"><div class=\"vc_column-inner vc_custom_1722266791876\"><div class=\"wpb_wrapper\"><div class=\"vc_row wpb_row vc_inner vc_row-fluid   vc_row-o-equal-height vc_row-o-content-middle vc_row-flex\" style=\"min-height: 600px;\"><div class=\"wpb_column vc_column_container vc_col-has-fill col-xs-mobile-fullwidth vc_col-sm-12 vc_col-md-6 wow fadeInLeft\" data-wow-delay= 200ms data-wow-duration= 1200ms><div class=\"vc_column-inner vc_custom_1722350837037  hongo_responsive_1722350837039\" style=\"min-height: 400px;\"><div class=\"wpb_wrapper\"><\/div><\/div><\/div><div class=\"wpb_column vc_column_container col-xs-mobile-fullwidth vc_col-sm-12 vc_col-md-6 wow fadeIn\" data-wow-delay= 200ms data-wow-duration= 1200ms><div class=\"vc_column-inner vc_custom_1722350826827  hongo_responsive_1722350826828\"><div class=\"wpb_wrapper\"><div class=\"text-block-content hongo-text-block-9 vc_custom_1722333425629 last-paragraph-no-margin  hongo_responsive_1722333425630\"><div class=\"overline\">LES VIGNES<\/div>\n<\/div><div class=\"text-block-content headL hongo-text-block-10 vc_custom_1722333293223 last-paragraph-no-margin  hongo_responsive_1722333293225\"><p>Susumaniello<\/p>\n<\/div><div class=\"text-block-content hongo-text-block-11 last-paragraph-no-margin\"><div>\n<p class=\"v1msonormal\">Le Susumaniello est un c\u00e9page tr\u00e8s ancien dont le nom vient du dialecte \u00ab\u00a0somarello\u00a0\u00bb pour indiquer sa productivit\u00e9 \u00e9lev\u00e9e dans les premi\u00e8res ann\u00e9es de production, apr\u00e8s une longue p\u00e9riode de d\u00e9clin a \u00e9t\u00e9 red\u00e9couvert ces derni\u00e8res ann\u00e9es en appr\u00e9ciant les caract\u00e9ristiques particuli\u00e8res vinifi\u00e9 \u00e0 la fois en rose et en rouge. La plante se pr\u00e9sente avec une feuille de taille moyenne, un bouquet compact et conique et une baie en forme sph\u00e9ro\u00efde, les vins ont une couleur rouge qui va du rubis au pourpre tr\u00e8s cors\u00e9 et se pr\u00eatent bien au vieillissement, c\u2019est donc l\u2019un des c\u00e9pages les plus prometteurs de l\u2019\u0153nologie des Pouilles <\/p>\n<\/div>\n<\/div><\/div><\/div><\/div><\/div><\/div><\/div><\/div><\/section><div class=\"vc_row-full-width vc_clearfix\"><\/div><section data-vc-full-width=\"true\" data-vc-full-width-init=\"false\" data-vc-stretch-content=\"true\" class=\"vc_row wpb_row vc_row-fluid     top-space hongo-stretch-content hongo-stretch-content-fluid\"><div class=\"wpb_column vc_column_container col-xs-mobile-fullwidth vc_col-sm-12 vc_col-md-offset-1 vc_col-md-10\"><div class=\"vc_column-inner vc_custom_1722266888858\"><div class=\"wpb_wrapper\"><div class=\"vc_row wpb_row vc_inner vc_row-fluid swap-on-mobile  vc_row-o-equal-height vc_row-o-content-middle vc_row-flex\" style=\"min-height: 600px;\"><div class=\"wpb_column vc_column_container col-xs-mobile-fullwidth vc_col-sm-6 wow fadeIn\" data-wow-delay= 200ms data-wow-duration= 1200ms><div class=\"vc_column-inner vc_custom_1722350853913  hongo_responsive_1722350853914\"><div class=\"wpb_wrapper\"><div class=\"text-block-content hongo-text-block-12 vc_custom_1722333425629 last-paragraph-no-margin  hongo_responsive_1722333425630\"><div class=\"overline\">LES VIGNES<\/div>\n<\/div><div class=\"text-block-content headL hongo-text-block-13 vc_custom_1722333301935 last-paragraph-no-margin  hongo_responsive_1722333301937\"><p>Chardonnay<\/p>\n<\/div><div class=\"text-block-content hongo-text-block-14 last-paragraph-no-margin\"><p>Le Chardonnay, c\u00e9page originaire de la Bourgogne en France mais largement r\u00e9pandu dans le monde entier, est cultiv\u00e9 depuis des ann\u00e9es dans le Salento et repr\u00e9sente l\u2019une des expressions les plus int\u00e9ressantes de ce c\u00e9page international dans le contexte italien. Le climat chaud et ensoleill\u00e9 mais aussi tr\u00e8s a\u00e9r\u00e9, combin\u00e9 \u00e0 des sols calcaires et argileux et \u00e0 de longs \u00e9t\u00e9s et des hivers doux ont cr\u00e9\u00e9 un environnement id\u00e9al pour la culture du Chardonnay. Le Chardonnay cultiv\u00e9 dans le Salento a tendance \u00e0 avoir un profil aromatique riche et complexe, souvent caract\u00e9ris\u00e9 par des notes de fruits tropicaux comme l\u2019ananas, la mangue et la banane, accompagn\u00e9es de notes d\u2019agrumes, de pomme et parfois de fleurs blanches. Gr\u00e2ce \u00e0 sa polyvalence, le Chardonnay salentino se marie bien avec une large gamme de plats. Les versions plus fra\u00eeches et jeunes sont id\u00e9ales avec des plats de poisson, fruits de mer et salades, tandis que les versions plus structur\u00e9es et affin\u00e9es en bois se marient bien avec des plats plus riches comme les viandes blanches, les p\u00e2tes avec des sauces cr\u00e9meuses et les fromages \u00e0 p\u00e2te molle.<\/p>\n<\/div><\/div><\/div><\/div><div class=\"wpb_column vc_column_container vc_col-has-fill col-xs-mobile-fullwidth vc_col-sm-6 wow fadeInRight\" data-wow-duration= 1200ms><div class=\"vc_column-inner bg-position-center-bottom vc_custom_1725380389476  hongo_responsive_1725380389477\" style=\"min-height: 400px;\"><div class=\"wpb_wrapper\"><\/div><\/div><\/div><\/div><\/div><\/div><\/div><\/section><div class=\"vc_row-full-width vc_clearfix\"><\/div>\n<\/div>","protected":false},"excerpt":{"rendered":"NOS C\u00c9PAGES L'essence de notre territoire LES VIGNES Negroamaro La vigne Negroamaro est l\u2019une des vari\u00e9t\u00e9s les plus importantes et repr\u00e9sentatives du Salento et, en particulier de la campagne de San Pancrazio Salentino, donnant \u00e9galement lieu au Doc Salice Salentino en combinaison avec le Malvasia Nera. Le nom provient des mots \u00ab negro \u00bb et \u00ab amaro \u00bb, qui signifient noir et amer et refl\u00e8tent la couleur sombre et s\u00e8che du vin issu des raisins Negroamaro. Il a une taille de feuille vert fonc\u00e9 moyenne \u00e0 grande, un groupe assez compact \u00e9galement de taille moyenne et des baies en forme de sph\u00e9ro\u00efde avec une peau \u00e9paisse noir-violet. Enologiquement il se pr\u00eate \u00e0 \u00eatre vinifi\u00e9 en ros\u00e9, rouge mais aussi en blanc et \u00e9galement pour obtenir d\u2019excellentes bulles. Les vins vont du rouge rubis au grenat avec des vins vieillis en barrique tandis qu\u2019en bouche ils sont tr\u00e8s cors\u00e9s avec des tanins doux. LES VIGNES Primitivo El Primitivo, s\u00edmbolo de la viticultura de Apulia, es conocido por su maduraci\u00f3n temprana (del lat\u00edn primativus) y sus caracter\u00edsticas \u00fanicas. Los racimos son de tama\u00f1o mediano y tienen una piel fina de color azul oscuro, que requiere especial atenci\u00f3n durante el crecimiento para evitar...","protected":false},"author":1,"featured_media":0,"parent":0,"menu_order":0,"comment_status":"closed","ping_status":"closed","template":"","meta":{"inline_featured_image":false,"_monsterinsights_skip_tracking":false,"_monsterinsights_sitenote_active":false,"_monsterinsights_sitenote_note":"","_monsterinsights_sitenote_category":0,"_uf_show_specific_survey":0,"_uf_disable_surveys":false,"footnotes":""},"class_list":["post-100335","page","type-page","status-publish","hentry"],"yoast_head":"<!-- This site is optimized with the Yoast SEO plugin v27.4 - https:\/\/yoast.com\/product\/yoast-seo-wordpress\/ -->\n<title>Vignes - Scarpello<\/title>\n<meta name=\"robots\" content=\"index, follow, max-snippet:-1, max-image-preview:large, max-video-preview:-1\" \/>\n<link rel=\"canonical\" href=\"https:\/\/scarpellovini.it\/fr\/vignes\/\" \/>\n<meta property=\"og:locale\" content=\"fr_FR\" \/>\n<meta property=\"og:type\" content=\"article\" \/>\n<meta property=\"og:title\" content=\"Vignes - Scarpello\" \/>\n<meta property=\"og:url\" content=\"https:\/\/scarpellovini.it\/fr\/vignes\/\" \/>\n<meta property=\"og:site_name\" content=\"Scarpello\" \/>\n<meta property=\"article:publisher\" content=\"https:\/\/www.facebook.com\/profile.php?id=61558509241719\" \/>\n<meta property=\"article:modified_time\" content=\"2024-09-12T09:03:21+00:00\" \/>\n<meta property=\"og:image\" content=\"https:\/\/scarpellovini.it\/wp-content\/uploads\/2024\/08\/Scarpello-Vini.jpg\" \/>\n\t<meta property=\"og:image:width\" content=\"1200\" \/>\n\t<meta property=\"og:image:height\" content=\"675\" \/>\n\t<meta property=\"og:image:type\" content=\"image\/jpeg\" \/>\n<meta name=\"twitter:card\" content=\"summary_large_image\" \/>\n<meta name=\"twitter:label1\" content=\"Dur\u00e9e de lecture estim\u00e9e\" \/>\n\t<meta name=\"twitter:data1\" content=\"8 minutes\" \/>\n<script type=\"application\/ld+json\" class=\"yoast-schema-graph\">{\"@context\":\"https:\\\/\\\/schema.org\",\"@graph\":[{\"@type\":\"WebPage\",\"@id\":\"https:\\\/\\\/scarpellovini.it\\\/fr\\\/vignes\\\/\",\"url\":\"https:\\\/\\\/scarpellovini.it\\\/fr\\\/vignes\\\/\",\"name\":\"Vignes - Scarpello\",\"isPartOf\":{\"@id\":\"https:\\\/\\\/scarpellovini.it\\\/#website\"},\"datePublished\":\"2024-07-29T14:07:42+00:00\",\"dateModified\":\"2024-09-12T09:03:21+00:00\",\"breadcrumb\":{\"@id\":\"https:\\\/\\\/scarpellovini.it\\\/fr\\\/vignes\\\/#breadcrumb\"},\"inLanguage\":\"fr-FR\",\"potentialAction\":[{\"@type\":\"ReadAction\",\"target\":[\"https:\\\/\\\/scarpellovini.it\\\/fr\\\/vignes\\\/\"]}]},{\"@type\":\"BreadcrumbList\",\"@id\":\"https:\\\/\\\/scarpellovini.it\\\/fr\\\/vignes\\\/#breadcrumb\",\"itemListElement\":[{\"@type\":\"ListItem\",\"position\":1,\"name\":\"Home\",\"item\":\"https:\\\/\\\/scarpellovini.it\\\/\"},{\"@type\":\"ListItem\",\"position\":2,\"name\":\"Vignes\"}]},{\"@type\":\"WebSite\",\"@id\":\"https:\\\/\\\/scarpellovini.it\\\/#website\",\"url\":\"https:\\\/\\\/scarpellovini.it\\\/\",\"name\":\"Scarpello Vini\",\"description\":\"Vignaioli dal 1961\",\"publisher\":{\"@id\":\"https:\\\/\\\/scarpellovini.it\\\/#organization\"},\"alternateName\":\"Scarpello - Vignaioli dal 1961\",\"potentialAction\":[{\"@type\":\"SearchAction\",\"target\":{\"@type\":\"EntryPoint\",\"urlTemplate\":\"https:\\\/\\\/scarpellovini.it\\\/?s={search_term_string}\"},\"query-input\":{\"@type\":\"PropertyValueSpecification\",\"valueRequired\":true,\"valueName\":\"search_term_string\"}}],\"inLanguage\":\"fr-FR\"},{\"@type\":\"Organization\",\"@id\":\"https:\\\/\\\/scarpellovini.it\\\/#organization\",\"name\":\"Azienda Agricola Scarpello di Lega Gabriella & c. S.s agricola\",\"alternateName\":\"Scarpello Vini\",\"url\":\"https:\\\/\\\/scarpellovini.it\\\/\",\"logo\":{\"@type\":\"ImageObject\",\"inLanguage\":\"fr-FR\",\"@id\":\"https:\\\/\\\/scarpellovini.it\\\/#\\\/schema\\\/logo\\\/image\\\/\",\"url\":\"https:\\\/\\\/scarpellovini.it\\\/wp-content\\\/uploads\\\/2024\\\/08\\\/Scarpello-Vini-Logo.jpg\",\"contentUrl\":\"https:\\\/\\\/scarpellovini.it\\\/wp-content\\\/uploads\\\/2024\\\/08\\\/Scarpello-Vini-Logo.jpg\",\"width\":1920,\"height\":1080,\"caption\":\"Azienda Agricola Scarpello di Lega Gabriella & c. S.s agricola\"},\"image\":{\"@id\":\"https:\\\/\\\/scarpellovini.it\\\/#\\\/schema\\\/logo\\\/image\\\/\"},\"sameAs\":[\"https:\\\/\\\/www.facebook.com\\\/profile.php?id=61558509241719\",\"https:\\\/\\\/www.instagram.com\\\/scarpello_vini\"]}]}<\/script>\n<!-- \/ Yoast SEO plugin. -->","yoast_head_json":{"title":"Vignes - Scarpello","robots":{"index":"index","follow":"follow","max-snippet":"max-snippet:-1","max-image-preview":"max-image-preview:large","max-video-preview":"max-video-preview:-1"},"canonical":"https:\/\/scarpellovini.it\/fr\/vignes\/","og_locale":"fr_FR","og_type":"article","og_title":"Vignes - Scarpello","og_url":"https:\/\/scarpellovini.it\/fr\/vignes\/","og_site_name":"Scarpello","article_publisher":"https:\/\/www.facebook.com\/profile.php?id=61558509241719","article_modified_time":"2024-09-12T09:03:21+00:00","og_image":[{"width":1200,"height":675,"url":"https:\/\/scarpellovini.it\/wp-content\/uploads\/2024\/08\/Scarpello-Vini.jpg","type":"image\/jpeg"}],"twitter_card":"summary_large_image","twitter_misc":{"Dur\u00e9e de lecture estim\u00e9e":"8 minutes"},"schema":{"@context":"https:\/\/schema.org","@graph":[{"@type":"WebPage","@id":"https:\/\/scarpellovini.it\/fr\/vignes\/","url":"https:\/\/scarpellovini.it\/fr\/vignes\/","name":"Vignes - Scarpello","isPartOf":{"@id":"https:\/\/scarpellovini.it\/#website"},"datePublished":"2024-07-29T14:07:42+00:00","dateModified":"2024-09-12T09:03:21+00:00","breadcrumb":{"@id":"https:\/\/scarpellovini.it\/fr\/vignes\/#breadcrumb"},"inLanguage":"fr-FR","potentialAction":[{"@type":"ReadAction","target":["https:\/\/scarpellovini.it\/fr\/vignes\/"]}]},{"@type":"BreadcrumbList","@id":"https:\/\/scarpellovini.it\/fr\/vignes\/#breadcrumb","itemListElement":[{"@type":"ListItem","position":1,"name":"Home","item":"https:\/\/scarpellovini.it\/"},{"@type":"ListItem","position":2,"name":"Vignes"}]},{"@type":"WebSite","@id":"https:\/\/scarpellovini.it\/#website","url":"https:\/\/scarpellovini.it\/","name":"Scarpello Vini","description":"Vignaioli dal 1961","publisher":{"@id":"https:\/\/scarpellovini.it\/#organization"},"alternateName":"Scarpello - Vignaioli dal 1961","potentialAction":[{"@type":"SearchAction","target":{"@type":"EntryPoint","urlTemplate":"https:\/\/scarpellovini.it\/?s={search_term_string}"},"query-input":{"@type":"PropertyValueSpecification","valueRequired":true,"valueName":"search_term_string"}}],"inLanguage":"fr-FR"},{"@type":"Organization","@id":"https:\/\/scarpellovini.it\/#organization","name":"Azienda Agricola Scarpello di Lega Gabriella & c. S.s agricola","alternateName":"Scarpello Vini","url":"https:\/\/scarpellovini.it\/","logo":{"@type":"ImageObject","inLanguage":"fr-FR","@id":"https:\/\/scarpellovini.it\/#\/schema\/logo\/image\/","url":"https:\/\/scarpellovini.it\/wp-content\/uploads\/2024\/08\/Scarpello-Vini-Logo.jpg","contentUrl":"https:\/\/scarpellovini.it\/wp-content\/uploads\/2024\/08\/Scarpello-Vini-Logo.jpg","width":1920,"height":1080,"caption":"Azienda Agricola Scarpello di Lega Gabriella & c. S.s agricola"},"image":{"@id":"https:\/\/scarpellovini.it\/#\/schema\/logo\/image\/"},"sameAs":["https:\/\/www.facebook.com\/profile.php?id=61558509241719","https:\/\/www.instagram.com\/scarpello_vini"]}]}},"_links":{"self":[{"href":"https:\/\/scarpellovini.it\/fr\/wp-json\/wp\/v2\/pages\/100335","targetHints":{"allow":["GET"]}}],"collection":[{"href":"https:\/\/scarpellovini.it\/fr\/wp-json\/wp\/v2\/pages"}],"about":[{"href":"https:\/\/scarpellovini.it\/fr\/wp-json\/wp\/v2\/types\/page"}],"author":[{"embeddable":true,"href":"https:\/\/scarpellovini.it\/fr\/wp-json\/wp\/v2\/users\/1"}],"replies":[{"embeddable":true,"href":"https:\/\/scarpellovini.it\/fr\/wp-json\/wp\/v2\/comments?post=100335"}],"version-history":[{"count":6,"href":"https:\/\/scarpellovini.it\/fr\/wp-json\/wp\/v2\/pages\/100335\/revisions"}],"predecessor-version":[{"id":100682,"href":"https:\/\/scarpellovini.it\/fr\/wp-json\/wp\/v2\/pages\/100335\/revisions\/100682"}],"wp:attachment":[{"href":"https:\/\/scarpellovini.it\/fr\/wp-json\/wp\/v2\/media?parent=100335"}],"curies":[{"name":"wp","href":"https:\/\/api.w.org\/{rel}","templated":true}]}}