{"id":100561,"date":"2024-07-31T14:25:59","date_gmt":"2024-07-31T12:25:59","guid":{"rendered":"https:\/\/scarpellovini.it\/vignobles\/"},"modified":"2024-09-03T13:04:14","modified_gmt":"2024-09-03T11:04:14","slug":"vignobles","status":"publish","type":"page","link":"https:\/\/scarpellovini.it\/fr\/vignobles\/","title":{"rendered":"Vignobles"},"content":{"rendered":"<div class=\"wpb-content-wrapper\"><section data-vc-full-width=\"true\" data-vc-full-width-init=\"false\" data-vc-parallax-image=\"0.2\" class=\"vc_row wpb_row vc_row-fluid  vc_custom_1725360232623   overflow-visible vc_row-has-fill hongo-stretch-content hongo-stretch-row-container vc_row-o-full-height vc_row-o-columns-middle vc_row-o-content-bottom vc_row-flex parallax  hongo_responsive_1725360232625\" style=\"z-index:9;\"><div class=\"hongo-overlay\" style=\"opacity:0.3; background: #000000;\"><\/div><div class=\"wpb_column vc_column_container col-xs-mobile-fullwidth vc_col-sm-12 text-center\"><div class=\"vc_column-inner vc_custom_1725285504981\"><div class=\"wpb_wrapper\"><div class=\"text-block-content overline hongo-text-block-1 vc_custom_1725285166397 last-paragraph-no-margin\"><p><span style=\"color: #ffffff;\">TRADITION, QUALIT\u00c9 ET AMOUR DE LA TERRE<\/span><\/p>\n<\/div><div class=\"text-block-content hongo-text-block-2 last-paragraph-no-margin\"><h1><span style=\"color: #ffffff;\">Nos vignobles<br \/>\n<\/span><\/h1>\n<\/div><\/div><\/div><\/div><\/section><div class=\"vc_row-full-width vc_clearfix\"><\/div><section data-vc-parallax-image=\"0.2\" class=\"vc_row wpb_row vc_row-fluid     overflow-visible top-space vc_row-has-fill vc_row-o-equal-height vc_row-flex parallax\"><div class=\"wpb_column vc_column_container col-xs-mobile-fullwidth vc_col-sm-12\"><div class=\"vc_column-inner vc_custom_1725360162977\"><div class=\"wpb_wrapper\"><div class=\"text-block-content two-clmn hongo-text-block-3 last-paragraph-no-margin\"><p>La ferme Scarpello, situ\u00e9e au c\u0153ur du Salento, est un v\u00e9ritable gardien de la tradition viticole des Pouilles. Avec un profond respect pour le territoire et une passion pour la viticulture, l\u2019entreprise g\u00e8re quatre vignobles distincts, chacun avec des caract\u00e9ristiques uniques et une histoire fascinante. Chaque vignoble est un microcosme qui refl\u00e8te la diversit\u00e9 de nos paysages et de nos pratiques \u0153nologiques. Les vignobles de Perrone, Cona, Morigine et Caretta repr\u00e9sentent non seulement une richesse en termes d\u2019extension et de vari\u00e9t\u00e9 des c\u00e9pages, mais aussi un engagement envers la qualit\u00e9 et l\u2019innovation. Les diff\u00e9rentes compositions du sol, les techniques de taille et le soin m\u00e9ticuleux des plantes permettent d\u2019obtenir des vins qui expriment au mieux les potentialit\u00e9s de cette terre g\u00e9n\u00e9reuse.<\/p>\n<\/div><\/div><\/div><\/div><\/section><section data-vc-full-width=\"true\" data-vc-full-width-init=\"false\" data-vc-parallax-image=\"0.2\" class=\"vc_row wpb_row vc_row-fluid  vc_custom_1722431300002   hongo-row-min-height vc_row-has-fill hongo-stretch-content hongo-stretch-row-container vc_row-o-content-middle vc_row-flex parallax  hongo_responsive_1722431300004\" style=\"min-height: 800px;\"><div class=\"wpb_column vc_column_container col-xs-mobile-fullwidth vc_col-sm-12\"><div class=\"vc_column-inner\"><div class=\"wpb_wrapper\"><\/div><\/div><\/div><\/section><div class=\"vc_row-full-width vc_clearfix\"><\/div><section data-vc-parallax-image=\"0.2\" class=\"vc_row wpb_row vc_row-fluid  vc_custom_1722509026793   vc_row-has-fill vc_row-o-equal-height vc_row-flex parallax  hongo_responsive_1722509026795\"><div class=\"wpb_column vc_column_container col-xs-mobile-fullwidth vc_col-sm-6\"><div class=\"vc_column-inner vc_custom_1722430856687\"><div class=\"wpb_wrapper\"><div class=\"text-block-content hongo-text-block-4 last-paragraph-no-margin\"><p><span class=\"overline\" style=\"margin-bottom: 15px; display: inline-block;\">Nos vignobles<\/span><br \/><span class=\"headL\">Perrone<\/span><\/p>\n<\/div><\/div><\/div><\/div><div class=\"wpb_column vc_column_container col-xs-mobile-fullwidth vc_col-sm-6\"><div class=\"vc_column-inner vc_custom_1722430861180\"><div class=\"wpb_wrapper\"><div class=\"text-block-content hongo-text-block-5 last-paragraph-no-margin\"><p>Il est le plus grand des quatre entreprises appartenant au groupe Scarpello, avec environ 36 hectares de vignobles qui cultivent les principaux c\u00e9pages autochtones comme Negroamaro et Primitivo, en plus du Chardonnay, c\u00e9page international largement r\u00e9pandu dans le Salento. Avec une densit\u00e9 d\u2019environ 5000 plantes par hectare, la ferme tire son nom de l\u2019une des fermes historiques qui entourent San Pancrazio Salentino, autrefois habit\u00e9e par les moines basiliens. Elle est situ\u00e9e le long de l\u2019ancienne route qui relie San Pancrazio \u00e0 Mesagne, datant de la p\u00e9riode entre 1200 et 1300. Les sols, principalement argileux avec une composition de 30% sable, 30% limon et 40% argile, offrent une bonne perm\u00e9abilit\u00e9 \u00e0 l\u2019eau et sont riches en \u00e9l\u00e9ments nutritifs, permettant la production de vins de grande structure et min\u00e9ralit\u00e9.<\/p>\n<\/div><\/div><\/div><\/div><\/section><section data-vc-full-width=\"true\" data-vc-full-width-init=\"false\" data-vc-parallax-image=\"0.2\" class=\"vc_row wpb_row vc_row-fluid  vc_custom_1722430869705   hongo-row-min-height vc_row-has-fill hongo-stretch-content hongo-stretch-row-container vc_row-o-content-middle vc_row-flex parallax  hongo_responsive_1722430869706\" style=\"min-height: 800px;\"><div class=\"wpb_column vc_column_container col-xs-mobile-fullwidth vc_col-sm-12\"><div class=\"vc_column-inner\"><div class=\"wpb_wrapper\"><\/div><\/div><\/div><\/section><div class=\"vc_row-full-width vc_clearfix\"><\/div><section data-vc-parallax-image=\"0.2\" class=\"vc_row wpb_row vc_row-fluid  vc_custom_1722509036333   vc_row-has-fill vc_row-o-equal-height vc_row-flex parallax  hongo_responsive_1722509036335\"><div class=\"wpb_column vc_column_container col-xs-mobile-fullwidth vc_col-sm-6\"><div class=\"vc_column-inner vc_custom_1722430856687\"><div class=\"wpb_wrapper\"><div class=\"text-block-content hongo-text-block-6 last-paragraph-no-margin\"><p><span class=\"overline\" style=\"margin-bottom: 15px; display: inline-block;\">Nos vignobles<\/span><br \/><span class=\"headL\">Cona<\/span><\/p>\n<\/div><\/div><\/div><\/div><div class=\"wpb_column vc_column_container col-xs-mobile-fullwidth vc_col-sm-6\"><div class=\"vc_column-inner vc_custom_1722430861180\"><div class=\"wpb_wrapper\"><div class=\"text-block-content hongo-text-block-7 last-paragraph-no-margin\"><p>Avec environ 23 hectares de vignoble et une densit\u00e9 de 5040 plantes par hectare, c\u2019est le deuxi\u00e8me domaine en extension de l\u2019entreprise Scarpello. Situ\u00e9 \u00e0 environ 500 m\u00e8tres de la ville de San Pancrazio Salentino, il tire son nom d\u2019une ancienne ferme m\u00e9di\u00e9vale. Le domaine abrite principalement des vignobles autochtones tels que Primitivo et Negroamaro. Les sols pr\u00e9sentent une texture diversifi\u00e9e, avec du sable, du limon et de l\u2019argile \u00e9galement r\u00e9partis et une forte pr\u00e9sence de calcaire due \u00e0 la proximit\u00e9 des carri\u00e8res de tuf. Ceci, ainsi que l\u2019adoption du syst\u00e8me de taille Guyot, contribue \u00e0 la production de vins plus aromatiques et avec une acidit\u00e9 accrue.<\/p>\n<\/div><\/div><\/div><\/div><\/section><section data-vc-full-width=\"true\" data-vc-full-width-init=\"false\" data-vc-parallax-image=\"0.2\" class=\"vc_row wpb_row vc_row-fluid  vc_custom_1722431084433   hongo-row-min-height vc_row-has-fill hongo-stretch-content hongo-stretch-row-container vc_row-o-content-middle vc_row-flex parallax  hongo_responsive_1722431084435\" style=\"min-height: 800px;\"><div class=\"wpb_column vc_column_container col-xs-mobile-fullwidth vc_col-sm-12\"><div class=\"vc_column-inner\"><div class=\"wpb_wrapper\"><\/div><\/div><\/div><\/section><div class=\"vc_row-full-width vc_clearfix\"><\/div><section data-vc-parallax-image=\"0.2\" class=\"vc_row wpb_row vc_row-fluid  vc_custom_1722509044435   vc_row-has-fill vc_row-o-equal-height vc_row-flex parallax  hongo_responsive_1722509044437\"><div class=\"wpb_column vc_column_container col-xs-mobile-fullwidth vc_col-sm-6\"><div class=\"vc_column-inner vc_custom_1722430856687\"><div class=\"wpb_wrapper\"><div class=\"text-block-content hongo-text-block-8 last-paragraph-no-margin\"><p><span class=\"overline\" style=\"margin-bottom: 15px; display: inline-block;\">Nos vignobles<\/span><br \/><span class=\"headL\">Caretta<\/span><\/p>\n<\/div><\/div><\/div><\/div><div class=\"wpb_column vc_column_container col-xs-mobile-fullwidth vc_col-sm-6\"><div class=\"vc_column-inner vc_custom_1722430861180\"><div class=\"wpb_wrapper\"><div class=\"text-block-content hongo-text-block-9 last-paragraph-no-margin\"><p>Il s\u2019agit de la derni\u00e8re propri\u00e9t\u00e9 achet\u00e9e par l\u2019entreprise Scarpello, situ\u00e9e pr\u00e8s du sanctuaire de Saint Antoine, un lieu de culte visit\u00e9 par les touristes qui conserve des traces de la pr\u00e9sence de communaut\u00e9s monastiques orientales \u00e0 San Pancrazio Salentino. Sur les 7 hectares de terrain, dont 2 sont actuellement cultiv\u00e9s \u00e0 Negroamaro, se trouve une ancienne maison entre deux pins centenaires, qui a inspir\u00e9 le logo de l\u2019entreprise. La position l\u00e9g\u00e8rement sur\u00e9lev\u00e9e des vignobles offre une bonne a\u00e9ration, essentielle pour le d\u00e9veloppement et la maturation des grappes.<\/p>\n<\/div><\/div><\/div><\/div><\/section><section data-vc-full-width=\"true\" data-vc-full-width-init=\"false\" data-vc-parallax-image=\"0.2\" class=\"vc_row wpb_row vc_row-fluid  vc_custom_1722509231280   hongo-row-min-height vc_row-has-fill hongo-stretch-content hongo-stretch-row-container vc_row-o-content-middle vc_row-flex parallax  hongo_responsive_1722509231282\" style=\"min-height: 800px;\"><div class=\"wpb_column vc_column_container col-xs-mobile-fullwidth vc_col-sm-12\"><div class=\"vc_column-inner\"><div class=\"wpb_wrapper\"><\/div><\/div><\/div><\/section><div class=\"vc_row-full-width vc_clearfix\"><\/div><section data-vc-full-width=\"true\" data-vc-full-width-init=\"false\" data-vc-parallax-image=\"0.2\" class=\"vc_row wpb_row vc_row-fluid  vc_custom_1722509052525   vc_row-has-fill hongo-stretch-content hongo-stretch-row-container vc_row-o-equal-height vc_row-flex parallax  hongo_responsive_1722509052526\"><div class=\"wpb_column vc_column_container col-xs-mobile-fullwidth vc_col-sm-6\"><div class=\"vc_column-inner vc_custom_1722430856687\"><div class=\"wpb_wrapper\"><div class=\"text-block-content hongo-text-block-10 last-paragraph-no-margin\"><p><span class=\"overline\" style=\"margin-bottom: 15px; display: inline-block;\">Nos vignobles<\/span><br \/><span class=\"headL\">Morigine<\/span><\/p>\n<\/div><\/div><\/div><\/div><div class=\"wpb_column vc_column_container col-xs-mobile-fullwidth vc_col-sm-6\"><div class=\"vc_column-inner vc_custom_1722430861180\"><div class=\"wpb_wrapper\"><div class=\"text-block-content hongo-text-block-11 last-paragraph-no-margin\"><p>Les terres situ\u00e9es dans le quartier de Morigine sont une ressource fondamentale pour le territoire de San Pancrazio Salentino, \u00e9tant depuis toujours cultiv\u00e9es en vignoble et incluses dans la zone du Doc Salice, l\u2019un des plus importants DOC du sud de l\u2019Italie. Les c\u00e9pages plant\u00e9s dans cette zone, Malvasia Bianca et Negroamaro, ont environ 30 ans et sont taill\u00e9s en guyot. Les sols, avec une composante argileuse importante, affectent la capacit\u00e9 de drainage et la r\u00e9tention d\u2019eau. L\u2019implantation des vignes est r\u00e9alis\u00e9e avec un sixi\u00e8me d\u2019implantation de 2,2 m\u00e8tres par 1,3 m\u00e8tres, avec environ 3500 plantes par hectare.<\/p>\n<\/div><\/div><\/div><\/div><\/section><div class=\"vc_row-full-width vc_clearfix\"><\/div>\n<\/div>","protected":false},"excerpt":{"rendered":"TRADITION, QUALIT\u00c9 ET AMOUR DE LA TERRE Nos vignobles La ferme Scarpello, situ\u00e9e au c\u0153ur du Salento, est un v\u00e9ritable gardien de la tradition viticole des Pouilles. Avec un profond respect pour le territoire et une passion pour la viticulture, l\u2019entreprise g\u00e8re quatre vignobles distincts, chacun avec des caract\u00e9ristiques uniques et une histoire fascinante. Chaque vignoble est un microcosme qui refl\u00e8te la diversit\u00e9 de nos paysages et de nos pratiques \u0153nologiques. Les vignobles de Perrone, Cona, Morigine et Caretta repr\u00e9sentent non seulement une richesse en termes d\u2019extension et de vari\u00e9t\u00e9 des c\u00e9pages, mais aussi un engagement envers la qualit\u00e9 et l\u2019innovation. Les diff\u00e9rentes compositions du sol, les techniques de taille et le soin m\u00e9ticuleux des plantes permettent d\u2019obtenir des vins qui expriment au mieux les potentialit\u00e9s de cette terre g\u00e9n\u00e9reuse. Nos vignoblesPerrone Il est le plus grand des quatre entreprises appartenant au groupe Scarpello, avec environ 36 hectares de vignobles qui cultivent les principaux c\u00e9pages autochtones comme Negroamaro et Primitivo, en plus du Chardonnay, c\u00e9page international largement r\u00e9pandu dans le Salento. Avec une densit\u00e9 d\u2019environ 5000 plantes par hectare, la ferme tire son nom de l\u2019une des fermes historiques qui entourent San Pancrazio Salentino, autrefois habit\u00e9e par les moines basiliens....","protected":false},"author":1,"featured_media":0,"parent":0,"menu_order":0,"comment_status":"closed","ping_status":"closed","template":"","meta":{"inline_featured_image":false,"_monsterinsights_skip_tracking":false,"_monsterinsights_sitenote_active":false,"_monsterinsights_sitenote_note":"","_monsterinsights_sitenote_category":0,"_uf_show_specific_survey":0,"_uf_disable_surveys":false,"footnotes":""},"class_list":["post-100561","page","type-page","status-publish","hentry"],"yoast_head":"<!-- This site is optimized with the Yoast SEO plugin v27.4 - https:\/\/yoast.com\/product\/yoast-seo-wordpress\/ -->\n<title>Vignobles - Scarpello<\/title>\n<meta name=\"robots\" content=\"index, follow, max-snippet:-1, max-image-preview:large, max-video-preview:-1\" \/>\n<link rel=\"canonical\" href=\"https:\/\/scarpellovini.it\/fr\/vignobles\/\" \/>\n<meta property=\"og:locale\" content=\"fr_FR\" \/>\n<meta property=\"og:type\" content=\"article\" \/>\n<meta property=\"og:title\" content=\"Vignobles - Scarpello\" \/>\n<meta property=\"og:url\" content=\"https:\/\/scarpellovini.it\/fr\/vignobles\/\" \/>\n<meta property=\"og:site_name\" content=\"Scarpello\" \/>\n<meta property=\"article:publisher\" content=\"https:\/\/www.facebook.com\/profile.php?id=61558509241719\" \/>\n<meta property=\"article:modified_time\" content=\"2024-09-03T11:04:14+00:00\" \/>\n<meta property=\"og:image\" content=\"https:\/\/scarpellovini.it\/wp-content\/uploads\/2024\/08\/Scarpello-Vini.jpg\" \/>\n\t<meta property=\"og:image:width\" content=\"1200\" \/>\n\t<meta property=\"og:image:height\" content=\"675\" \/>\n\t<meta property=\"og:image:type\" content=\"image\/jpeg\" \/>\n<meta name=\"twitter:card\" content=\"summary_large_image\" \/>\n<meta name=\"twitter:label1\" content=\"Dur\u00e9e de lecture estim\u00e9e\" \/>\n\t<meta name=\"twitter:data1\" content=\"7 minutes\" \/>\n<script type=\"application\/ld+json\" class=\"yoast-schema-graph\">{\"@context\":\"https:\\\/\\\/schema.org\",\"@graph\":[{\"@type\":\"WebPage\",\"@id\":\"https:\\\/\\\/scarpellovini.it\\\/fr\\\/vignobles\\\/\",\"url\":\"https:\\\/\\\/scarpellovini.it\\\/fr\\\/vignobles\\\/\",\"name\":\"Vignobles - Scarpello\",\"isPartOf\":{\"@id\":\"https:\\\/\\\/scarpellovini.it\\\/#website\"},\"datePublished\":\"2024-07-31T12:25:59+00:00\",\"dateModified\":\"2024-09-03T11:04:14+00:00\",\"breadcrumb\":{\"@id\":\"https:\\\/\\\/scarpellovini.it\\\/fr\\\/vignobles\\\/#breadcrumb\"},\"inLanguage\":\"fr-FR\",\"potentialAction\":[{\"@type\":\"ReadAction\",\"target\":[\"https:\\\/\\\/scarpellovini.it\\\/fr\\\/vignobles\\\/\"]}]},{\"@type\":\"BreadcrumbList\",\"@id\":\"https:\\\/\\\/scarpellovini.it\\\/fr\\\/vignobles\\\/#breadcrumb\",\"itemListElement\":[{\"@type\":\"ListItem\",\"position\":1,\"name\":\"Home\",\"item\":\"https:\\\/\\\/scarpellovini.it\\\/\"},{\"@type\":\"ListItem\",\"position\":2,\"name\":\"Vignobles\"}]},{\"@type\":\"WebSite\",\"@id\":\"https:\\\/\\\/scarpellovini.it\\\/#website\",\"url\":\"https:\\\/\\\/scarpellovini.it\\\/\",\"name\":\"Scarpello Vini\",\"description\":\"Vignaioli dal 1961\",\"publisher\":{\"@id\":\"https:\\\/\\\/scarpellovini.it\\\/#organization\"},\"alternateName\":\"Scarpello - Vignaioli dal 1961\",\"potentialAction\":[{\"@type\":\"SearchAction\",\"target\":{\"@type\":\"EntryPoint\",\"urlTemplate\":\"https:\\\/\\\/scarpellovini.it\\\/?s={search_term_string}\"},\"query-input\":{\"@type\":\"PropertyValueSpecification\",\"valueRequired\":true,\"valueName\":\"search_term_string\"}}],\"inLanguage\":\"fr-FR\"},{\"@type\":\"Organization\",\"@id\":\"https:\\\/\\\/scarpellovini.it\\\/#organization\",\"name\":\"Azienda Agricola Scarpello di Lega Gabriella & c. S.s agricola\",\"alternateName\":\"Scarpello Vini\",\"url\":\"https:\\\/\\\/scarpellovini.it\\\/\",\"logo\":{\"@type\":\"ImageObject\",\"inLanguage\":\"fr-FR\",\"@id\":\"https:\\\/\\\/scarpellovini.it\\\/#\\\/schema\\\/logo\\\/image\\\/\",\"url\":\"https:\\\/\\\/scarpellovini.it\\\/wp-content\\\/uploads\\\/2024\\\/08\\\/Scarpello-Vini-Logo.jpg\",\"contentUrl\":\"https:\\\/\\\/scarpellovini.it\\\/wp-content\\\/uploads\\\/2024\\\/08\\\/Scarpello-Vini-Logo.jpg\",\"width\":1920,\"height\":1080,\"caption\":\"Azienda Agricola Scarpello di Lega Gabriella & c. S.s agricola\"},\"image\":{\"@id\":\"https:\\\/\\\/scarpellovini.it\\\/#\\\/schema\\\/logo\\\/image\\\/\"},\"sameAs\":[\"https:\\\/\\\/www.facebook.com\\\/profile.php?id=61558509241719\",\"https:\\\/\\\/www.instagram.com\\\/scarpello_vini\"]}]}<\/script>\n<!-- \/ Yoast SEO plugin. -->","yoast_head_json":{"title":"Vignobles - Scarpello","robots":{"index":"index","follow":"follow","max-snippet":"max-snippet:-1","max-image-preview":"max-image-preview:large","max-video-preview":"max-video-preview:-1"},"canonical":"https:\/\/scarpellovini.it\/fr\/vignobles\/","og_locale":"fr_FR","og_type":"article","og_title":"Vignobles - Scarpello","og_url":"https:\/\/scarpellovini.it\/fr\/vignobles\/","og_site_name":"Scarpello","article_publisher":"https:\/\/www.facebook.com\/profile.php?id=61558509241719","article_modified_time":"2024-09-03T11:04:14+00:00","og_image":[{"width":1200,"height":675,"url":"https:\/\/scarpellovini.it\/wp-content\/uploads\/2024\/08\/Scarpello-Vini.jpg","type":"image\/jpeg"}],"twitter_card":"summary_large_image","twitter_misc":{"Dur\u00e9e de lecture estim\u00e9e":"7 minutes"},"schema":{"@context":"https:\/\/schema.org","@graph":[{"@type":"WebPage","@id":"https:\/\/scarpellovini.it\/fr\/vignobles\/","url":"https:\/\/scarpellovini.it\/fr\/vignobles\/","name":"Vignobles - Scarpello","isPartOf":{"@id":"https:\/\/scarpellovini.it\/#website"},"datePublished":"2024-07-31T12:25:59+00:00","dateModified":"2024-09-03T11:04:14+00:00","breadcrumb":{"@id":"https:\/\/scarpellovini.it\/fr\/vignobles\/#breadcrumb"},"inLanguage":"fr-FR","potentialAction":[{"@type":"ReadAction","target":["https:\/\/scarpellovini.it\/fr\/vignobles\/"]}]},{"@type":"BreadcrumbList","@id":"https:\/\/scarpellovini.it\/fr\/vignobles\/#breadcrumb","itemListElement":[{"@type":"ListItem","position":1,"name":"Home","item":"https:\/\/scarpellovini.it\/"},{"@type":"ListItem","position":2,"name":"Vignobles"}]},{"@type":"WebSite","@id":"https:\/\/scarpellovini.it\/#website","url":"https:\/\/scarpellovini.it\/","name":"Scarpello Vini","description":"Vignaioli dal 1961","publisher":{"@id":"https:\/\/scarpellovini.it\/#organization"},"alternateName":"Scarpello - Vignaioli dal 1961","potentialAction":[{"@type":"SearchAction","target":{"@type":"EntryPoint","urlTemplate":"https:\/\/scarpellovini.it\/?s={search_term_string}"},"query-input":{"@type":"PropertyValueSpecification","valueRequired":true,"valueName":"search_term_string"}}],"inLanguage":"fr-FR"},{"@type":"Organization","@id":"https:\/\/scarpellovini.it\/#organization","name":"Azienda Agricola Scarpello di Lega Gabriella & c. S.s agricola","alternateName":"Scarpello Vini","url":"https:\/\/scarpellovini.it\/","logo":{"@type":"ImageObject","inLanguage":"fr-FR","@id":"https:\/\/scarpellovini.it\/#\/schema\/logo\/image\/","url":"https:\/\/scarpellovini.it\/wp-content\/uploads\/2024\/08\/Scarpello-Vini-Logo.jpg","contentUrl":"https:\/\/scarpellovini.it\/wp-content\/uploads\/2024\/08\/Scarpello-Vini-Logo.jpg","width":1920,"height":1080,"caption":"Azienda Agricola Scarpello di Lega Gabriella & c. S.s agricola"},"image":{"@id":"https:\/\/scarpellovini.it\/#\/schema\/logo\/image\/"},"sameAs":["https:\/\/www.facebook.com\/profile.php?id=61558509241719","https:\/\/www.instagram.com\/scarpello_vini"]}]}},"_links":{"self":[{"href":"https:\/\/scarpellovini.it\/fr\/wp-json\/wp\/v2\/pages\/100561","targetHints":{"allow":["GET"]}}],"collection":[{"href":"https:\/\/scarpellovini.it\/fr\/wp-json\/wp\/v2\/pages"}],"about":[{"href":"https:\/\/scarpellovini.it\/fr\/wp-json\/wp\/v2\/types\/page"}],"author":[{"embeddable":true,"href":"https:\/\/scarpellovini.it\/fr\/wp-json\/wp\/v2\/users\/1"}],"replies":[{"embeddable":true,"href":"https:\/\/scarpellovini.it\/fr\/wp-json\/wp\/v2\/comments?post=100561"}],"version-history":[{"count":2,"href":"https:\/\/scarpellovini.it\/fr\/wp-json\/wp\/v2\/pages\/100561\/revisions"}],"predecessor-version":[{"id":100568,"href":"https:\/\/scarpellovini.it\/fr\/wp-json\/wp\/v2\/pages\/100561\/revisions\/100568"}],"wp:attachment":[{"href":"https:\/\/scarpellovini.it\/fr\/wp-json\/wp\/v2\/media?parent=100561"}],"curies":[{"name":"wp","href":"https:\/\/api.w.org\/{rel}","templated":true}]}}