{"id":100692,"date":"2024-07-11T10:21:37","date_gmt":"2024-07-11T08:21:37","guid":{"rendered":"https:\/\/scarpellovini.it\/prodotto\/estra-rosato\/"},"modified":"2025-09-11T19:26:49","modified_gmt":"2025-09-11T17:26:49","slug":"estra-rosato","status":"publish","type":"product","link":"https:\/\/scarpellovini.it\/fr\/prodotto\/estra-rosato\/","title":{"rendered":"Estra Rosato"},"content":{"rendered":"<div class=\"wpb-content-wrapper\"><section class=\"vc_row wpb_row vc_row-fluid     wow fadeInUp\"><div class=\"wpb_column vc_column_container value-clmn col-xs-mobile-fullwidth vc_col-sm-1\/5\"><div class=\"vc_column-inner\"><div class=\"wpb_wrapper\"><div class=\"text-block-content hongo-text-block-1 last-paragraph-no-margin\"><div class=\"value-title\"><span style=\"color: #000000;font-weight: 500;letter-spacing: 0.05em\">C\u00c9PAGE<\/span><\/div>\n<div class=\"value\"><span style=\"color: #000000\">Negroamaro<\/span><\/div>\n<\/div><\/div><\/div><\/div><div class=\"wpb_column vc_column_container value-clmn col-xs-mobile-fullwidth vc_col-sm-1\/5\"><div class=\"vc_column-inner\"><div class=\"wpb_wrapper\"><div class=\"text-block-content hongo-text-block-2 last-paragraph-no-margin\"><div class=\"value-title\"><span style=\"color: #000000;font-weight: 500;letter-spacing: 0.05em\">VIEILLISSEMENT<\/span><\/div>\n<div class=\"value\"><span style=\"color: #000000\">Guyot<\/span><\/div>\n<\/div><\/div><\/div><\/div><div class=\"wpb_column vc_column_container value-clmn col-xs-mobile-fullwidth vc_col-sm-1\/5\"><div class=\"vc_column-inner\"><div class=\"wpb_wrapper\"><div class=\"text-block-content hongo-text-block-3 last-paragraph-no-margin\"><div class=\"value-title\"><span style=\"color: #000000;font-weight: 500;letter-spacing: 0.05em\">\u00c2GE DU VIGNOBLE<\/span><\/div>\n<div class=\"value\"><span style=\"color: #000000\">30 ans<\/span><\/div>\n<\/div><\/div><\/div><\/div><div class=\"wpb_column vc_column_container value-clmn col-xs-mobile-fullwidth vc_col-sm-1\/5\"><div class=\"vc_column-inner\"><div class=\"wpb_wrapper\"><div class=\"text-block-content hongo-text-block-4 last-paragraph-no-margin\"><div class=\"value-title\"><span style=\"color: #000000;font-weight: 500;letter-spacing: 0.05em\">R\u00c9COLTE<\/span><\/div>\n<div class=\"value\"><span style=\"color: #000000\">Premi\u00e8re d\u00e9cade de septembre<\/span><\/div>\n<\/div><\/div><\/div><\/div><div class=\"wpb_column vc_column_container value-clmn col-xs-mobile-fullwidth vc_col-sm-1\/5\"><div class=\"vc_column-inner\"><div class=\"wpb_wrapper\"><div class=\"text-block-content hongo-text-block-5 last-paragraph-no-margin\"><div class=\"value-title\"><span style=\"color: #000000;font-weight: 500;letter-spacing: 0.05em\">RAFFINEMENT<\/span><\/div>\n<div class=\"value\"><span style=\"color: #000000\">6 mois en acier<\/span><\/div>\n<\/div><\/div><\/div><\/div><\/section>\n<\/div>","protected":false},"excerpt":{"rendered":"<p>Un bouqet de flores t\u00edpicas de Salento, directamente de nuestros vi\u00f1edos en San Pancrazio. Con delicadeza y bajas temperaturas, exaltamos los perfumes primarios de nuestro Negroamaro, ofreciendo un color delicado y luminoso. Procedente de los vi\u00f1edos situados en la zona de Morigine, el Negroamaro rosato es el resultado de una cuidadosa selecci\u00f3n de las uvas. El prensado delicado y la fermentaci\u00f3n a bajas temperaturas permiten preservar los aromas primarios y obtener un color tenue y brillante.<\/p>\n<div class=\"tecsheet\"><a href=\"https:\/\/scarpellovini.it\/wp-content\/uploads\/2024\/07\/Estrarosato_fr.pdf\"> T\u00e9l\u00e9chargez la fiche technique <\/a><\/div>\n<div class=\"product-info\">\n<div class=\"product-info-clmn\">\n<div class=\"overline number\">Format<\/div>\n<div class=\"value number\">0.75 l.<\/div>\n<\/div>\n<div class=\"product-info-clmn\">\n<div class=\"overline number\">Vol<\/div>\n<div class=\"value number\">12,5%<\/div>\n<\/div>\n<\/div>\n","protected":false},"featured_media":100785,"template":"","meta":{"inline_featured_image":false,"_monsterinsights_skip_tracking":false,"_monsterinsights_sitenote_active":false,"_monsterinsights_sitenote_note":"","_monsterinsights_sitenote_category":0,"_uf_show_specific_survey":0,"_uf_disable_surveys":false},"product_cat":[49],"product_tag":[50],"class_list":{"0":"post-100692","1":"product","2":"type-product","3":"status-publish","4":"has-post-thumbnail","6":"product_cat-non-classe","7":"product_tag-chardonnay-fr","9":"first","10":"instock","11":"shipping-taxable","12":"purchasable","13":"product-type-simple"},"yoast_head":"<!-- This site is optimized with the Yoast SEO plugin v27.4 - https:\/\/yoast.com\/product\/yoast-seo-wordpress\/ -->\n<title>Estra Rosato - Scarpello<\/title>\n<meta name=\"robots\" content=\"index, follow, max-snippet:-1, max-image-preview:large, max-video-preview:-1\" \/>\n<link rel=\"canonical\" href=\"https:\/\/scarpellovini.it\/fr\/prodotto\/estra-rosato\/\" \/>\n<meta property=\"og:locale\" content=\"fr_FR\" \/>\n<meta property=\"og:type\" content=\"article\" \/>\n<meta property=\"og:title\" content=\"Estra Rosato - Scarpello\" \/>\n<meta property=\"og:description\" content=\"Un bouqet de flores t\u00edpicas de Salento, directamente de nuestros vi\u00f1edos en San Pancrazio. Con delicadeza y bajas temperaturas, exaltamos los perfumes primarios de nuestro Negroamaro, ofreciendo un color delicado y luminoso. Procedente de los vi\u00f1edos situados en la zona de Morigine, el Negroamaro rosato es el resultado de una cuidadosa selecci\u00f3n de las uvas. El prensado delicado y la fermentaci\u00f3n a bajas temperaturas permiten preservar los aromas primarios y obtener un color tenue y brillante.  T\u00e9l\u00e9chargez la fiche technique    Format 0.75 l.   Vol 12,5%\" \/>\n<meta property=\"og:url\" content=\"https:\/\/scarpellovini.it\/fr\/prodotto\/estra-rosato\/\" \/>\n<meta property=\"og:site_name\" content=\"Scarpello\" \/>\n<meta property=\"article:publisher\" content=\"https:\/\/www.facebook.com\/profile.php?id=61558509241719\" \/>\n<meta property=\"article:modified_time\" content=\"2025-09-11T17:26:49+00:00\" \/>\n<meta property=\"og:image\" content=\"https:\/\/scarpellovini.it\/wp-content\/uploads\/2024\/10\/Estra-Rosato-\u2014-Negroamaro-Salento-IGP.png\" \/>\n\t<meta property=\"og:image:width\" content=\"672\" \/>\n\t<meta property=\"og:image:height\" content=\"1013\" \/>\n\t<meta property=\"og:image:type\" content=\"image\/png\" \/>\n<meta name=\"twitter:card\" content=\"summary_large_image\" \/>\n<meta name=\"twitter:label1\" content=\"Dur\u00e9e de lecture estim\u00e9e\" \/>\n\t<meta name=\"twitter:data1\" content=\"1 minute\" \/>\n<script type=\"application\/ld+json\" class=\"yoast-schema-graph\">{\"@context\":\"https:\\\/\\\/schema.org\",\"@graph\":[{\"@type\":\"WebPage\",\"@id\":\"https:\\\/\\\/scarpellovini.it\\\/fr\\\/prodotto\\\/estra-rosato\\\/\",\"url\":\"https:\\\/\\\/scarpellovini.it\\\/fr\\\/prodotto\\\/estra-rosato\\\/\",\"name\":\"Estra Rosato - Scarpello\",\"isPartOf\":{\"@id\":\"https:\\\/\\\/scarpellovini.it\\\/#website\"},\"primaryImageOfPage\":{\"@id\":\"https:\\\/\\\/scarpellovini.it\\\/fr\\\/prodotto\\\/estra-rosato\\\/#primaryimage\"},\"image\":{\"@id\":\"https:\\\/\\\/scarpellovini.it\\\/fr\\\/prodotto\\\/estra-rosato\\\/#primaryimage\"},\"thumbnailUrl\":\"https:\\\/\\\/scarpellovini.it\\\/wp-content\\\/uploads\\\/2024\\\/10\\\/Estra-Rosato-\u2014-Negroamaro-Salento-IGP.png\",\"datePublished\":\"2024-07-11T08:21:37+00:00\",\"dateModified\":\"2025-09-11T17:26:49+00:00\",\"breadcrumb\":{\"@id\":\"https:\\\/\\\/scarpellovini.it\\\/fr\\\/prodotto\\\/estra-rosato\\\/#breadcrumb\"},\"inLanguage\":\"fr-FR\",\"potentialAction\":[{\"@type\":\"ReadAction\",\"target\":[\"https:\\\/\\\/scarpellovini.it\\\/fr\\\/prodotto\\\/estra-rosato\\\/\"]}]},{\"@type\":\"ImageObject\",\"inLanguage\":\"fr-FR\",\"@id\":\"https:\\\/\\\/scarpellovini.it\\\/fr\\\/prodotto\\\/estra-rosato\\\/#primaryimage\",\"url\":\"https:\\\/\\\/scarpellovini.it\\\/wp-content\\\/uploads\\\/2024\\\/10\\\/Estra-Rosato-\u2014-Negroamaro-Salento-IGP.png\",\"contentUrl\":\"https:\\\/\\\/scarpellovini.it\\\/wp-content\\\/uploads\\\/2024\\\/10\\\/Estra-Rosato-\u2014-Negroamaro-Salento-IGP.png\",\"width\":672,\"height\":1013},{\"@type\":\"BreadcrumbList\",\"@id\":\"https:\\\/\\\/scarpellovini.it\\\/fr\\\/prodotto\\\/estra-rosato\\\/#breadcrumb\",\"itemListElement\":[{\"@type\":\"ListItem\",\"position\":1,\"name\":\"Home\",\"item\":\"https:\\\/\\\/scarpellovini.it\\\/\"},{\"@type\":\"ListItem\",\"position\":2,\"name\":\"Boutique\",\"item\":\"https:\\\/\\\/scarpellovini.it\\\/shop\\\/\"},{\"@type\":\"ListItem\",\"position\":3,\"name\":\"Estra Rosato\"}]},{\"@type\":\"WebSite\",\"@id\":\"https:\\\/\\\/scarpellovini.it\\\/#website\",\"url\":\"https:\\\/\\\/scarpellovini.it\\\/\",\"name\":\"Scarpello Vini\",\"description\":\"Vignaioli dal 1961\",\"publisher\":{\"@id\":\"https:\\\/\\\/scarpellovini.it\\\/#organization\"},\"alternateName\":\"Scarpello - Vignaioli dal 1961\",\"potentialAction\":[{\"@type\":\"SearchAction\",\"target\":{\"@type\":\"EntryPoint\",\"urlTemplate\":\"https:\\\/\\\/scarpellovini.it\\\/?s={search_term_string}\"},\"query-input\":{\"@type\":\"PropertyValueSpecification\",\"valueRequired\":true,\"valueName\":\"search_term_string\"}}],\"inLanguage\":\"fr-FR\"},{\"@type\":\"Organization\",\"@id\":\"https:\\\/\\\/scarpellovini.it\\\/#organization\",\"name\":\"Azienda Agricola Scarpello di Lega Gabriella & c. S.s agricola\",\"alternateName\":\"Scarpello Vini\",\"url\":\"https:\\\/\\\/scarpellovini.it\\\/\",\"logo\":{\"@type\":\"ImageObject\",\"inLanguage\":\"fr-FR\",\"@id\":\"https:\\\/\\\/scarpellovini.it\\\/#\\\/schema\\\/logo\\\/image\\\/\",\"url\":\"https:\\\/\\\/scarpellovini.it\\\/wp-content\\\/uploads\\\/2024\\\/08\\\/Scarpello-Vini-Logo.jpg\",\"contentUrl\":\"https:\\\/\\\/scarpellovini.it\\\/wp-content\\\/uploads\\\/2024\\\/08\\\/Scarpello-Vini-Logo.jpg\",\"width\":1920,\"height\":1080,\"caption\":\"Azienda Agricola Scarpello di Lega Gabriella & c. S.s agricola\"},\"image\":{\"@id\":\"https:\\\/\\\/scarpellovini.it\\\/#\\\/schema\\\/logo\\\/image\\\/\"},\"sameAs\":[\"https:\\\/\\\/www.facebook.com\\\/profile.php?id=61558509241719\",\"https:\\\/\\\/www.instagram.com\\\/scarpello_vini\"]}]}<\/script>\n<!-- \/ Yoast SEO plugin. -->","yoast_head_json":{"title":"Estra Rosato - Scarpello","robots":{"index":"index","follow":"follow","max-snippet":"max-snippet:-1","max-image-preview":"max-image-preview:large","max-video-preview":"max-video-preview:-1"},"canonical":"https:\/\/scarpellovini.it\/fr\/prodotto\/estra-rosato\/","og_locale":"fr_FR","og_type":"article","og_title":"Estra Rosato - Scarpello","og_description":"Un bouqet de flores t\u00edpicas de Salento, directamente de nuestros vi\u00f1edos en San Pancrazio. Con delicadeza y bajas temperaturas, exaltamos los perfumes primarios de nuestro Negroamaro, ofreciendo un color delicado y luminoso. Procedente de los vi\u00f1edos situados en la zona de Morigine, el Negroamaro rosato es el resultado de una cuidadosa selecci\u00f3n de las uvas. El prensado delicado y la fermentaci\u00f3n a bajas temperaturas permiten preservar los aromas primarios y obtener un color tenue y brillante.  T\u00e9l\u00e9chargez la fiche technique    Format 0.75 l.   Vol 12,5%","og_url":"https:\/\/scarpellovini.it\/fr\/prodotto\/estra-rosato\/","og_site_name":"Scarpello","article_publisher":"https:\/\/www.facebook.com\/profile.php?id=61558509241719","article_modified_time":"2025-09-11T17:26:49+00:00","og_image":[{"width":672,"height":1013,"url":"https:\/\/scarpellovini.it\/wp-content\/uploads\/2024\/10\/Estra-Rosato-\u2014-Negroamaro-Salento-IGP.png","type":"image\/png"}],"twitter_card":"summary_large_image","twitter_misc":{"Dur\u00e9e de lecture estim\u00e9e":"1 minute"},"schema":{"@context":"https:\/\/schema.org","@graph":[{"@type":"WebPage","@id":"https:\/\/scarpellovini.it\/fr\/prodotto\/estra-rosato\/","url":"https:\/\/scarpellovini.it\/fr\/prodotto\/estra-rosato\/","name":"Estra Rosato - Scarpello","isPartOf":{"@id":"https:\/\/scarpellovini.it\/#website"},"primaryImageOfPage":{"@id":"https:\/\/scarpellovini.it\/fr\/prodotto\/estra-rosato\/#primaryimage"},"image":{"@id":"https:\/\/scarpellovini.it\/fr\/prodotto\/estra-rosato\/#primaryimage"},"thumbnailUrl":"https:\/\/scarpellovini.it\/wp-content\/uploads\/2024\/10\/Estra-Rosato-\u2014-Negroamaro-Salento-IGP.png","datePublished":"2024-07-11T08:21:37+00:00","dateModified":"2025-09-11T17:26:49+00:00","breadcrumb":{"@id":"https:\/\/scarpellovini.it\/fr\/prodotto\/estra-rosato\/#breadcrumb"},"inLanguage":"fr-FR","potentialAction":[{"@type":"ReadAction","target":["https:\/\/scarpellovini.it\/fr\/prodotto\/estra-rosato\/"]}]},{"@type":"ImageObject","inLanguage":"fr-FR","@id":"https:\/\/scarpellovini.it\/fr\/prodotto\/estra-rosato\/#primaryimage","url":"https:\/\/scarpellovini.it\/wp-content\/uploads\/2024\/10\/Estra-Rosato-\u2014-Negroamaro-Salento-IGP.png","contentUrl":"https:\/\/scarpellovini.it\/wp-content\/uploads\/2024\/10\/Estra-Rosato-\u2014-Negroamaro-Salento-IGP.png","width":672,"height":1013},{"@type":"BreadcrumbList","@id":"https:\/\/scarpellovini.it\/fr\/prodotto\/estra-rosato\/#breadcrumb","itemListElement":[{"@type":"ListItem","position":1,"name":"Home","item":"https:\/\/scarpellovini.it\/"},{"@type":"ListItem","position":2,"name":"Boutique","item":"https:\/\/scarpellovini.it\/shop\/"},{"@type":"ListItem","position":3,"name":"Estra Rosato"}]},{"@type":"WebSite","@id":"https:\/\/scarpellovini.it\/#website","url":"https:\/\/scarpellovini.it\/","name":"Scarpello Vini","description":"Vignaioli dal 1961","publisher":{"@id":"https:\/\/scarpellovini.it\/#organization"},"alternateName":"Scarpello - Vignaioli dal 1961","potentialAction":[{"@type":"SearchAction","target":{"@type":"EntryPoint","urlTemplate":"https:\/\/scarpellovini.it\/?s={search_term_string}"},"query-input":{"@type":"PropertyValueSpecification","valueRequired":true,"valueName":"search_term_string"}}],"inLanguage":"fr-FR"},{"@type":"Organization","@id":"https:\/\/scarpellovini.it\/#organization","name":"Azienda Agricola Scarpello di Lega Gabriella & c. S.s agricola","alternateName":"Scarpello Vini","url":"https:\/\/scarpellovini.it\/","logo":{"@type":"ImageObject","inLanguage":"fr-FR","@id":"https:\/\/scarpellovini.it\/#\/schema\/logo\/image\/","url":"https:\/\/scarpellovini.it\/wp-content\/uploads\/2024\/08\/Scarpello-Vini-Logo.jpg","contentUrl":"https:\/\/scarpellovini.it\/wp-content\/uploads\/2024\/08\/Scarpello-Vini-Logo.jpg","width":1920,"height":1080,"caption":"Azienda Agricola Scarpello di Lega Gabriella & c. S.s agricola"},"image":{"@id":"https:\/\/scarpellovini.it\/#\/schema\/logo\/image\/"},"sameAs":["https:\/\/www.facebook.com\/profile.php?id=61558509241719","https:\/\/www.instagram.com\/scarpello_vini"]}]}},"_links":{"self":[{"href":"https:\/\/scarpellovini.it\/fr\/wp-json\/wp\/v2\/product\/100692","targetHints":{"allow":["GET"]}}],"collection":[{"href":"https:\/\/scarpellovini.it\/fr\/wp-json\/wp\/v2\/product"}],"about":[{"href":"https:\/\/scarpellovini.it\/fr\/wp-json\/wp\/v2\/types\/product"}],"wp:featuredmedia":[{"embeddable":true,"href":"https:\/\/scarpellovini.it\/fr\/wp-json\/wp\/v2\/media\/100785"}],"wp:attachment":[{"href":"https:\/\/scarpellovini.it\/fr\/wp-json\/wp\/v2\/media?parent=100692"}],"wp:term":[{"taxonomy":"product_cat","embeddable":true,"href":"https:\/\/scarpellovini.it\/fr\/wp-json\/wp\/v2\/product_cat?post=100692"},{"taxonomy":"product_tag","embeddable":true,"href":"https:\/\/scarpellovini.it\/fr\/wp-json\/wp\/v2\/product_tag?post=100692"}],"curies":[{"name":"wp","href":"https:\/\/api.w.org\/{rel}","templated":true}]}}