{"id":101025,"date":"2025-04-21T01:16:41","date_gmt":"2025-04-20T23:16:41","guid":{"rendered":"https:\/\/scarpellovini.it\/?post_type=product&#038;p=101025"},"modified":"2025-04-24T18:48:38","modified_gmt":"2025-04-24T16:48:38","slug":"terralia-primitivo","status":"publish","type":"product","link":"https:\/\/scarpellovini.it\/fr\/prodotto\/terralia-primitivo\/","title":{"rendered":"Terral\u00eca Primitivo"},"content":{"rendered":"<div class=\"wpb-content-wrapper\"><section class=\"vc_row wpb_row vc_row-fluid     wow fadeInUp\"><div class=\"wpb_column vc_column_container value-clmn col-xs-mobile-fullwidth vc_col-sm-1\/5\"><div class=\"vc_column-inner\"><div class=\"wpb_wrapper\"><div class=\"text-block-content hongo-text-block-1 last-paragraph-no-margin\"><div class=\"value-title\">C\u00c9PAGE<\/div>\n<div class=\"value\">Primitivo<\/div>\n<\/div><\/div><\/div><\/div><div class=\"wpb_column vc_column_container value-clmn col-xs-mobile-fullwidth vc_col-sm-1\/5\"><div class=\"vc_column-inner\"><div class=\"wpb_wrapper\"><div class=\"text-block-content hongo-text-block-2 last-paragraph-no-margin\"><div class=\"value-title\">VIEILLISSEMENT<\/div>\n<div class=\"value\">Guyot<\/div>\n<\/div><\/div><\/div><\/div><div class=\"wpb_column vc_column_container value-clmn col-xs-mobile-fullwidth vc_col-sm-1\/5\"><div class=\"vc_column-inner\"><div class=\"wpb_wrapper\"><div class=\"text-block-content hongo-text-block-3 last-paragraph-no-margin\"><div class=\"value-title\">R\u00c9COLTE<\/div>\n<div class=\"value\">Met\u00e0 di settembre<\/div>\n<\/div><\/div><\/div><\/div><div class=\"wpb_column vc_column_container value-clmn col-xs-mobile-fullwidth vc_col-sm-1\/5\"><div class=\"vc_column-inner\"><div class=\"wpb_wrapper\"><div class=\"text-block-content hongo-text-block-4 last-paragraph-no-margin\"><div class=\"value-title\">RAFFINEMENT<\/div>\n<div class=\"value\">Acciaio 12 mesi<\/div>\n<\/div><\/div><\/div><\/div><\/section>\n<\/div>","protected":false},"excerpt":{"rendered":"<p><strong>Notre Terral\u00eca Primitivo est obtenu par une cryomac\u00e9ration<\/strong> du mo\u00fbt \u00e0 2-3\u00b0C pendant 36 heures, suivie d\u2019une mac\u00e9ration \u00e0 26\u00b0C pendant 4 jours, puis d\u2019une baisse de temp\u00e9rature \u00e0 20\u00b0C jusqu\u2019\u00e0 la fin de la fermentation. S\u2019ensuivent un pressurage doux, un \u00e9levage sur lies de 10 jours et un affinage en cuve inox.<\/p>\n","protected":false},"featured_media":101046,"template":"","meta":{"inline_featured_image":false,"_monsterinsights_skip_tracking":false,"_monsterinsights_sitenote_active":false,"_monsterinsights_sitenote_note":"","_monsterinsights_sitenote_category":0,"_uf_show_specific_survey":0,"_uf_disable_surveys":false},"product_cat":[73],"product_tag":[],"class_list":{"0":"post-101025","1":"product","2":"type-product","3":"status-publish","4":"has-post-thumbnail","6":"product_cat-terralia-fr","8":"first","9":"instock","10":"shipping-taxable","11":"purchasable","12":"product-type-simple"},"yoast_head":"<!-- This site is optimized with the Yoast SEO plugin v27.4 - https:\/\/yoast.com\/product\/yoast-seo-wordpress\/ -->\n<title>Terral\u00eca Primitivo - Scarpello<\/title>\n<meta name=\"robots\" content=\"index, follow, max-snippet:-1, max-image-preview:large, max-video-preview:-1\" \/>\n<link rel=\"canonical\" href=\"https:\/\/scarpellovini.it\/fr\/prodotto\/terralia-primitivo\/\" \/>\n<meta property=\"og:locale\" content=\"fr_FR\" \/>\n<meta property=\"og:type\" content=\"article\" \/>\n<meta property=\"og:title\" content=\"Terral\u00eca Primitivo - Scarpello\" \/>\n<meta property=\"og:description\" content=\"Notre Terral\u00eca Primitivo est obtenu par une cryomac\u00e9ration du mo\u00fbt \u00e0 2-3\u00b0C pendant 36 heures, suivie d\u2019une mac\u00e9ration \u00e0 26\u00b0C pendant 4 jours, puis d\u2019une baisse de temp\u00e9rature \u00e0 20\u00b0C jusqu\u2019\u00e0 la fin de la fermentation. S\u2019ensuivent un pressurage doux, un \u00e9levage sur lies de 10 jours et un affinage en cuve inox.\" \/>\n<meta property=\"og:url\" content=\"https:\/\/scarpellovini.it\/fr\/prodotto\/terralia-primitivo\/\" \/>\n<meta property=\"og:site_name\" content=\"Scarpello\" \/>\n<meta property=\"article:publisher\" content=\"https:\/\/www.facebook.com\/profile.php?id=61558509241719\" \/>\n<meta property=\"article:modified_time\" content=\"2025-04-24T16:48:38+00:00\" \/>\n<meta property=\"og:image\" content=\"https:\/\/scarpellovini.it\/wp-content\/uploads\/2025\/04\/Prices-List-distributore.png\" \/>\n\t<meta property=\"og:image:width\" content=\"1414\" \/>\n\t<meta property=\"og:image:height\" content=\"2000\" \/>\n\t<meta property=\"og:image:type\" content=\"image\/png\" \/>\n<meta name=\"twitter:card\" content=\"summary_large_image\" \/>\n<meta name=\"twitter:label1\" content=\"Dur\u00e9e de lecture estim\u00e9e\" \/>\n\t<meta name=\"twitter:data1\" content=\"1 minute\" \/>\n<script type=\"application\/ld+json\" class=\"yoast-schema-graph\">{\"@context\":\"https:\\\/\\\/schema.org\",\"@graph\":[{\"@type\":\"WebPage\",\"@id\":\"https:\\\/\\\/scarpellovini.it\\\/fr\\\/prodotto\\\/terralia-primitivo\\\/\",\"url\":\"https:\\\/\\\/scarpellovini.it\\\/fr\\\/prodotto\\\/terralia-primitivo\\\/\",\"name\":\"Terral\u00eca Primitivo - Scarpello\",\"isPartOf\":{\"@id\":\"https:\\\/\\\/scarpellovini.it\\\/#website\"},\"primaryImageOfPage\":{\"@id\":\"https:\\\/\\\/scarpellovini.it\\\/fr\\\/prodotto\\\/terralia-primitivo\\\/#primaryimage\"},\"image\":{\"@id\":\"https:\\\/\\\/scarpellovini.it\\\/fr\\\/prodotto\\\/terralia-primitivo\\\/#primaryimage\"},\"thumbnailUrl\":\"https:\\\/\\\/scarpellovini.it\\\/wp-content\\\/uploads\\\/2025\\\/04\\\/Scarpello-Terralia.webp\",\"datePublished\":\"2025-04-20T23:16:41+00:00\",\"dateModified\":\"2025-04-24T16:48:38+00:00\",\"breadcrumb\":{\"@id\":\"https:\\\/\\\/scarpellovini.it\\\/fr\\\/prodotto\\\/terralia-primitivo\\\/#breadcrumb\"},\"inLanguage\":\"fr-FR\",\"potentialAction\":[{\"@type\":\"ReadAction\",\"target\":[\"https:\\\/\\\/scarpellovini.it\\\/fr\\\/prodotto\\\/terralia-primitivo\\\/\"]}]},{\"@type\":\"ImageObject\",\"inLanguage\":\"fr-FR\",\"@id\":\"https:\\\/\\\/scarpellovini.it\\\/fr\\\/prodotto\\\/terralia-primitivo\\\/#primaryimage\",\"url\":\"https:\\\/\\\/scarpellovini.it\\\/wp-content\\\/uploads\\\/2025\\\/04\\\/Scarpello-Terralia.webp\",\"contentUrl\":\"https:\\\/\\\/scarpellovini.it\\\/wp-content\\\/uploads\\\/2025\\\/04\\\/Scarpello-Terralia.webp\",\"width\":672,\"height\":1013},{\"@type\":\"BreadcrumbList\",\"@id\":\"https:\\\/\\\/scarpellovini.it\\\/fr\\\/prodotto\\\/terralia-primitivo\\\/#breadcrumb\",\"itemListElement\":[{\"@type\":\"ListItem\",\"position\":1,\"name\":\"Home\",\"item\":\"https:\\\/\\\/scarpellovini.it\\\/\"},{\"@type\":\"ListItem\",\"position\":2,\"name\":\"Boutique\",\"item\":\"https:\\\/\\\/scarpellovini.it\\\/shop\\\/\"},{\"@type\":\"ListItem\",\"position\":3,\"name\":\"Terral\u00eca Primitivo\"}]},{\"@type\":\"WebSite\",\"@id\":\"https:\\\/\\\/scarpellovini.it\\\/#website\",\"url\":\"https:\\\/\\\/scarpellovini.it\\\/\",\"name\":\"Scarpello Vini\",\"description\":\"Vignaioli dal 1961\",\"publisher\":{\"@id\":\"https:\\\/\\\/scarpellovini.it\\\/#organization\"},\"alternateName\":\"Scarpello - Vignaioli dal 1961\",\"potentialAction\":[{\"@type\":\"SearchAction\",\"target\":{\"@type\":\"EntryPoint\",\"urlTemplate\":\"https:\\\/\\\/scarpellovini.it\\\/?s={search_term_string}\"},\"query-input\":{\"@type\":\"PropertyValueSpecification\",\"valueRequired\":true,\"valueName\":\"search_term_string\"}}],\"inLanguage\":\"fr-FR\"},{\"@type\":\"Organization\",\"@id\":\"https:\\\/\\\/scarpellovini.it\\\/#organization\",\"name\":\"Azienda Agricola Scarpello di Lega Gabriella & c. S.s agricola\",\"alternateName\":\"Scarpello Vini\",\"url\":\"https:\\\/\\\/scarpellovini.it\\\/\",\"logo\":{\"@type\":\"ImageObject\",\"inLanguage\":\"fr-FR\",\"@id\":\"https:\\\/\\\/scarpellovini.it\\\/#\\\/schema\\\/logo\\\/image\\\/\",\"url\":\"https:\\\/\\\/scarpellovini.it\\\/wp-content\\\/uploads\\\/2024\\\/08\\\/Scarpello-Vini-Logo.jpg\",\"contentUrl\":\"https:\\\/\\\/scarpellovini.it\\\/wp-content\\\/uploads\\\/2024\\\/08\\\/Scarpello-Vini-Logo.jpg\",\"width\":1920,\"height\":1080,\"caption\":\"Azienda Agricola Scarpello di Lega Gabriella & c. S.s agricola\"},\"image\":{\"@id\":\"https:\\\/\\\/scarpellovini.it\\\/#\\\/schema\\\/logo\\\/image\\\/\"},\"sameAs\":[\"https:\\\/\\\/www.facebook.com\\\/profile.php?id=61558509241719\",\"https:\\\/\\\/www.instagram.com\\\/scarpello_vini\"]}]}<\/script>\n<!-- \/ Yoast SEO plugin. -->","yoast_head_json":{"title":"Terral\u00eca Primitivo - Scarpello","robots":{"index":"index","follow":"follow","max-snippet":"max-snippet:-1","max-image-preview":"max-image-preview:large","max-video-preview":"max-video-preview:-1"},"canonical":"https:\/\/scarpellovini.it\/fr\/prodotto\/terralia-primitivo\/","og_locale":"fr_FR","og_type":"article","og_title":"Terral\u00eca Primitivo - Scarpello","og_description":"Notre Terral\u00eca Primitivo est obtenu par une cryomac\u00e9ration du mo\u00fbt \u00e0 2-3\u00b0C pendant 36 heures, suivie d\u2019une mac\u00e9ration \u00e0 26\u00b0C pendant 4 jours, puis d\u2019une baisse de temp\u00e9rature \u00e0 20\u00b0C jusqu\u2019\u00e0 la fin de la fermentation. S\u2019ensuivent un pressurage doux, un \u00e9levage sur lies de 10 jours et un affinage en cuve inox.","og_url":"https:\/\/scarpellovini.it\/fr\/prodotto\/terralia-primitivo\/","og_site_name":"Scarpello","article_publisher":"https:\/\/www.facebook.com\/profile.php?id=61558509241719","article_modified_time":"2025-04-24T16:48:38+00:00","og_image":[{"width":1414,"height":2000,"url":"https:\/\/scarpellovini.it\/wp-content\/uploads\/2025\/04\/Prices-List-distributore.png","type":"image\/png"}],"twitter_card":"summary_large_image","twitter_misc":{"Dur\u00e9e de lecture estim\u00e9e":"1 minute"},"schema":{"@context":"https:\/\/schema.org","@graph":[{"@type":"WebPage","@id":"https:\/\/scarpellovini.it\/fr\/prodotto\/terralia-primitivo\/","url":"https:\/\/scarpellovini.it\/fr\/prodotto\/terralia-primitivo\/","name":"Terral\u00eca Primitivo - Scarpello","isPartOf":{"@id":"https:\/\/scarpellovini.it\/#website"},"primaryImageOfPage":{"@id":"https:\/\/scarpellovini.it\/fr\/prodotto\/terralia-primitivo\/#primaryimage"},"image":{"@id":"https:\/\/scarpellovini.it\/fr\/prodotto\/terralia-primitivo\/#primaryimage"},"thumbnailUrl":"https:\/\/scarpellovini.it\/wp-content\/uploads\/2025\/04\/Scarpello-Terralia.webp","datePublished":"2025-04-20T23:16:41+00:00","dateModified":"2025-04-24T16:48:38+00:00","breadcrumb":{"@id":"https:\/\/scarpellovini.it\/fr\/prodotto\/terralia-primitivo\/#breadcrumb"},"inLanguage":"fr-FR","potentialAction":[{"@type":"ReadAction","target":["https:\/\/scarpellovini.it\/fr\/prodotto\/terralia-primitivo\/"]}]},{"@type":"ImageObject","inLanguage":"fr-FR","@id":"https:\/\/scarpellovini.it\/fr\/prodotto\/terralia-primitivo\/#primaryimage","url":"https:\/\/scarpellovini.it\/wp-content\/uploads\/2025\/04\/Scarpello-Terralia.webp","contentUrl":"https:\/\/scarpellovini.it\/wp-content\/uploads\/2025\/04\/Scarpello-Terralia.webp","width":672,"height":1013},{"@type":"BreadcrumbList","@id":"https:\/\/scarpellovini.it\/fr\/prodotto\/terralia-primitivo\/#breadcrumb","itemListElement":[{"@type":"ListItem","position":1,"name":"Home","item":"https:\/\/scarpellovini.it\/"},{"@type":"ListItem","position":2,"name":"Boutique","item":"https:\/\/scarpellovini.it\/shop\/"},{"@type":"ListItem","position":3,"name":"Terral\u00eca Primitivo"}]},{"@type":"WebSite","@id":"https:\/\/scarpellovini.it\/#website","url":"https:\/\/scarpellovini.it\/","name":"Scarpello Vini","description":"Vignaioli dal 1961","publisher":{"@id":"https:\/\/scarpellovini.it\/#organization"},"alternateName":"Scarpello - Vignaioli dal 1961","potentialAction":[{"@type":"SearchAction","target":{"@type":"EntryPoint","urlTemplate":"https:\/\/scarpellovini.it\/?s={search_term_string}"},"query-input":{"@type":"PropertyValueSpecification","valueRequired":true,"valueName":"search_term_string"}}],"inLanguage":"fr-FR"},{"@type":"Organization","@id":"https:\/\/scarpellovini.it\/#organization","name":"Azienda Agricola Scarpello di Lega Gabriella & c. S.s agricola","alternateName":"Scarpello Vini","url":"https:\/\/scarpellovini.it\/","logo":{"@type":"ImageObject","inLanguage":"fr-FR","@id":"https:\/\/scarpellovini.it\/#\/schema\/logo\/image\/","url":"https:\/\/scarpellovini.it\/wp-content\/uploads\/2024\/08\/Scarpello-Vini-Logo.jpg","contentUrl":"https:\/\/scarpellovini.it\/wp-content\/uploads\/2024\/08\/Scarpello-Vini-Logo.jpg","width":1920,"height":1080,"caption":"Azienda Agricola Scarpello di Lega Gabriella & c. S.s agricola"},"image":{"@id":"https:\/\/scarpellovini.it\/#\/schema\/logo\/image\/"},"sameAs":["https:\/\/www.facebook.com\/profile.php?id=61558509241719","https:\/\/www.instagram.com\/scarpello_vini"]}]}},"_links":{"self":[{"href":"https:\/\/scarpellovini.it\/fr\/wp-json\/wp\/v2\/product\/101025","targetHints":{"allow":["GET"]}}],"collection":[{"href":"https:\/\/scarpellovini.it\/fr\/wp-json\/wp\/v2\/product"}],"about":[{"href":"https:\/\/scarpellovini.it\/fr\/wp-json\/wp\/v2\/types\/product"}],"wp:featuredmedia":[{"embeddable":true,"href":"https:\/\/scarpellovini.it\/fr\/wp-json\/wp\/v2\/media\/101046"}],"wp:attachment":[{"href":"https:\/\/scarpellovini.it\/fr\/wp-json\/wp\/v2\/media?parent=101025"}],"wp:term":[{"taxonomy":"product_cat","embeddable":true,"href":"https:\/\/scarpellovini.it\/fr\/wp-json\/wp\/v2\/product_cat?post=101025"},{"taxonomy":"product_tag","embeddable":true,"href":"https:\/\/scarpellovini.it\/fr\/wp-json\/wp\/v2\/product_tag?post=101025"}],"curies":[{"name":"wp","href":"https:\/\/api.w.org\/{rel}","templated":true}]}}