{"id":101029,"date":"2025-04-20T12:03:19","date_gmt":"2025-04-20T10:03:19","guid":{"rendered":"https:\/\/scarpellovini.it\/prodotto\/terralia-rosato\/"},"modified":"2025-09-11T19:52:11","modified_gmt":"2025-09-11T17:52:11","slug":"terralia-rosato","status":"publish","type":"product","link":"https:\/\/scarpellovini.it\/fr\/prodotto\/terralia-rosato\/","title":{"rendered":"Terral\u00eca Rose&rsquo;"},"content":{"rendered":"<div class=\"wpb-content-wrapper\"><section class=\"vc_row wpb_row vc_row-fluid     wow fadeInUp\"><div class=\"wpb_column vc_column_container value-clmn col-xs-mobile-fullwidth vc_col-sm-3\"><div class=\"vc_column-inner\"><div class=\"wpb_wrapper\"><div class=\"text-block-content hongo-text-block-1 last-paragraph-no-margin\"><div class=\"value-title\"><span style=\"color: #000000;font-weight: 500;letter-spacing: 0.05em\">VITIGNO<\/span><\/div>\n<div class=\"value\"><span style=\"color: #000000\">Susumaniello<\/span><\/div>\n<\/div><\/div><\/div><\/div><div class=\"wpb_column vc_column_container value-clmn col-xs-mobile-fullwidth vc_col-sm-3\"><div class=\"vc_column-inner\"><div class=\"wpb_wrapper\"><div class=\"text-block-content hongo-text-block-2 last-paragraph-no-margin\"><div class=\"value-title\"><span style=\"color: #000000;font-weight: 500;letter-spacing: 0.05em\">ALLEVAMENTO<\/span><\/div>\n<div class=\"value\"><span style=\"color: #000000\">Guyot<\/span><\/div>\n<\/div><\/div><\/div><\/div><div class=\"wpb_column vc_column_container value-clmn col-xs-mobile-fullwidth vc_col-sm-3\"><div class=\"vc_column-inner\"><div class=\"wpb_wrapper\"><div class=\"text-block-content hongo-text-block-3 last-paragraph-no-margin\"><div class=\"value-title\"><span style=\"color: #000000;font-weight: 500;letter-spacing: 0.05em\">VENDEMMIA<\/span><\/div>\n<div class=\"value\"><span style=\"color: #000000\">Met\u00e0 settembre<\/span><\/div>\n<\/div><\/div><\/div><\/div><div class=\"wpb_column vc_column_container value-clmn col-xs-mobile-fullwidth vc_col-sm-3\"><div class=\"vc_column-inner\"><div class=\"wpb_wrapper\"><div class=\"text-block-content hongo-text-block-4 last-paragraph-no-margin\"><div class=\"value-title\"><span style=\"color: #000000;font-weight: 500;letter-spacing: 0.05em\">AFFINAMENTO<\/span><\/div>\n<div class=\"value\"><span style=\"color: #000000\">Acciaio per almeno 5 mesi<\/span><\/div>\n<\/div><\/div><\/div><\/div><\/section>\n<\/div>","protected":false},"excerpt":{"rendered":"<h2 id=\"tw-target-text\" class=\"tw-data-text tw-text-large tw-ta\" dir=\"ltr\" role=\"text\" data-placeholder=\"Traduzione\" data-ved=\"2ahUKEwjz_NqNntGPAxVqgP0HHU9iKYsQ3ewLegQIChAU\" aria-label=\"Testo tradotto: Vin ros\u00e9 \u00e9labor\u00e9 \u00e0 partir de raisins Susumaniello soigneusement s\u00e9lectionn\u00e9s, cultiv\u00e9s dans nos vignobles de Contrada Notarpanaro. Avec sa robe rose intense et son bouquet frais aux notes florales et fruit\u00e9es, ce vin s\u00e9duit par son \u00e9l\u00e9gance et sa finesse. Id\u00e9al pour ceux qui recherchent une exp\u00e9rience raffin\u00e9e et authentique du Salento.\"><span class=\"Y2IQFc\" lang=\"fr\">Vin ros\u00e9 \u00e9labor\u00e9 \u00e0 partir de raisins Susumaniello soigneusement s\u00e9lectionn\u00e9s, cultiv\u00e9s dans nos vignobles de Contrada Notarpanaro.<\/span><\/h2>\n<p class=\"tw-data-text tw-text-large tw-ta\" dir=\"ltr\" role=\"text\" data-placeholder=\"Traduzione\" data-ved=\"2ahUKEwjz_NqNntGPAxVqgP0HHU9iKYsQ3ewLegQIChAU\" aria-label=\"Testo tradotto: Vin ros\u00e9 \u00e9labor\u00e9 \u00e0 partir de raisins Susumaniello soigneusement s\u00e9lectionn\u00e9s, cultiv\u00e9s dans nos vignobles de Contrada Notarpanaro. Avec sa robe rose intense et son bouquet frais aux notes florales et fruit\u00e9es, ce vin s\u00e9duit par son \u00e9l\u00e9gance et sa finesse. Id\u00e9al pour ceux qui recherchent une exp\u00e9rience raffin\u00e9e et authentique du Salento.\"><span class=\"Y2IQFc\" lang=\"fr\">Avec sa robe rose intense et son bouquet frais aux notes florales et fruit\u00e9es, ce vin s\u00e9duit par son \u00e9l\u00e9gance et sa finesse. Id\u00e9al pour ceux qui recherchent une exp\u00e9rience raffin\u00e9e et authentique du Salento.<\/span><\/p>\n<p dir=\"ltr\" role=\"text\" data-placeholder=\"Traduzione\" data-ved=\"2ahUKEwjz_NqNntGPAxVqgP0HHU9iKYsQ3ewLegQIChAU\" aria-label=\"Testo tradotto: Vin ros\u00e9 \u00e9labor\u00e9 \u00e0 partir de raisins Susumaniello soigneusement s\u00e9lectionn\u00e9s, cultiv\u00e9s dans nos vignobles de Contrada Notarpanaro. Avec sa robe rose intense et son bouquet frais aux notes florales et fruit\u00e9es, ce vin s\u00e9duit par son \u00e9l\u00e9gance et sa finesse. Id\u00e9al pour ceux qui recherchent une exp\u00e9rience raffin\u00e9e et authentique du Salento.\">Fiche technique<\/p>\n<div class=\"product-info\">\n<div class=\"product-info-clmn\">\n<div class=\"overline number\">Formato<\/div>\n<div class=\"value number\">75cl<\/div>\n<\/div>\n<div class=\"product-info-clmn\">\n<div class=\"overline number\">Vol<\/div>\n<div class=\"value number\">12,5%<\/div>\n<\/div>\n<\/div>\n","protected":false},"featured_media":101050,"template":"","meta":{"inline_featured_image":false,"_monsterinsights_skip_tracking":false,"_monsterinsights_sitenote_active":false,"_monsterinsights_sitenote_note":"","_monsterinsights_sitenote_category":0,"_uf_show_specific_survey":0,"_uf_disable_surveys":false},"product_cat":[73],"product_tag":[],"class_list":{"0":"post-101029","1":"product","2":"type-product","3":"status-publish","4":"has-post-thumbnail","6":"product_cat-terralia-fr","8":"first","9":"instock","10":"shipping-taxable","11":"purchasable","12":"product-type-simple"},"yoast_head":"<!-- This site is optimized with the Yoast SEO plugin v27.4 - https:\/\/yoast.com\/product\/yoast-seo-wordpress\/ -->\n<title>Terral\u00eca Rose&#039; - Scarpello<\/title>\n<meta name=\"description\" content=\"Ottenuto da uve Susumaniello, vitigno autoctono del Salento in riscoperta, il nostro Terral\u00eca Susumaniello nasce dai vigneti aziendali di Contrada Notarpanaro, una zona che esprime al meglio le caratteristiche uniche di questa variet\u00e0\" \/>\n<meta name=\"robots\" content=\"index, follow, max-snippet:-1, max-image-preview:large, max-video-preview:-1\" \/>\n<link rel=\"canonical\" href=\"https:\/\/scarpellovini.it\/fr\/prodotto\/terralia-rosato\/\" \/>\n<meta property=\"og:locale\" content=\"fr_FR\" \/>\n<meta property=\"og:type\" content=\"article\" \/>\n<meta property=\"og:title\" content=\"Terral\u00eca Rose&#039; - Scarpello\" \/>\n<meta property=\"og:description\" content=\"Ottenuto da uve Susumaniello, vitigno autoctono del Salento in riscoperta, il nostro Terral\u00eca Susumaniello nasce dai vigneti aziendali di Contrada Notarpanaro, una zona che esprime al meglio le caratteristiche uniche di questa variet\u00e0\" \/>\n<meta property=\"og:url\" content=\"https:\/\/scarpellovini.it\/fr\/prodotto\/terralia-rosato\/\" \/>\n<meta property=\"og:site_name\" content=\"Scarpello\" \/>\n<meta property=\"article:publisher\" content=\"https:\/\/www.facebook.com\/profile.php?id=61558509241719\" \/>\n<meta property=\"article:modified_time\" content=\"2025-09-11T17:52:11+00:00\" \/>\n<meta property=\"og:image\" content=\"https:\/\/scarpellovini.it\/wp-content\/uploads\/2025\/04\/Scarpello-Terralia-Rosato.webp\" \/>\n\t<meta property=\"og:image:width\" content=\"672\" \/>\n\t<meta property=\"og:image:height\" content=\"1013\" \/>\n\t<meta property=\"og:image:type\" content=\"image\/webp\" \/>\n<meta name=\"twitter:card\" content=\"summary_large_image\" \/>\n<meta name=\"twitter:label1\" content=\"Dur\u00e9e de lecture estim\u00e9e\" \/>\n\t<meta name=\"twitter:data1\" content=\"1 minute\" \/>\n<script type=\"application\/ld+json\" class=\"yoast-schema-graph\">{\"@context\":\"https:\\\/\\\/schema.org\",\"@graph\":[{\"@type\":\"WebPage\",\"@id\":\"https:\\\/\\\/scarpellovini.it\\\/fr\\\/prodotto\\\/terralia-rosato\\\/\",\"url\":\"https:\\\/\\\/scarpellovini.it\\\/fr\\\/prodotto\\\/terralia-rosato\\\/\",\"name\":\"Terral\u00eca Rose' - Scarpello\",\"isPartOf\":{\"@id\":\"https:\\\/\\\/scarpellovini.it\\\/#website\"},\"primaryImageOfPage\":{\"@id\":\"https:\\\/\\\/scarpellovini.it\\\/fr\\\/prodotto\\\/terralia-rosato\\\/#primaryimage\"},\"image\":{\"@id\":\"https:\\\/\\\/scarpellovini.it\\\/fr\\\/prodotto\\\/terralia-rosato\\\/#primaryimage\"},\"thumbnailUrl\":\"https:\\\/\\\/scarpellovini.it\\\/wp-content\\\/uploads\\\/2025\\\/04\\\/Scarpello-Terralia-Rosato.webp\",\"datePublished\":\"2025-04-20T10:03:19+00:00\",\"dateModified\":\"2025-09-11T17:52:11+00:00\",\"description\":\"Ottenuto da uve Susumaniello, vitigno autoctono del Salento in riscoperta, il nostro Terral\u00eca Susumaniello nasce dai vigneti aziendali di Contrada Notarpanaro, una zona che esprime al meglio le caratteristiche uniche di questa variet\u00e0\",\"breadcrumb\":{\"@id\":\"https:\\\/\\\/scarpellovini.it\\\/fr\\\/prodotto\\\/terralia-rosato\\\/#breadcrumb\"},\"inLanguage\":\"fr-FR\",\"potentialAction\":[{\"@type\":\"ReadAction\",\"target\":[\"https:\\\/\\\/scarpellovini.it\\\/fr\\\/prodotto\\\/terralia-rosato\\\/\"]}]},{\"@type\":\"ImageObject\",\"inLanguage\":\"fr-FR\",\"@id\":\"https:\\\/\\\/scarpellovini.it\\\/fr\\\/prodotto\\\/terralia-rosato\\\/#primaryimage\",\"url\":\"https:\\\/\\\/scarpellovini.it\\\/wp-content\\\/uploads\\\/2025\\\/04\\\/Scarpello-Terralia-Rosato.webp\",\"contentUrl\":\"https:\\\/\\\/scarpellovini.it\\\/wp-content\\\/uploads\\\/2025\\\/04\\\/Scarpello-Terralia-Rosato.webp\",\"width\":672,\"height\":1013},{\"@type\":\"BreadcrumbList\",\"@id\":\"https:\\\/\\\/scarpellovini.it\\\/fr\\\/prodotto\\\/terralia-rosato\\\/#breadcrumb\",\"itemListElement\":[{\"@type\":\"ListItem\",\"position\":1,\"name\":\"Home\",\"item\":\"https:\\\/\\\/scarpellovini.it\\\/\"},{\"@type\":\"ListItem\",\"position\":2,\"name\":\"Boutique\",\"item\":\"https:\\\/\\\/scarpellovini.it\\\/shop\\\/\"},{\"@type\":\"ListItem\",\"position\":3,\"name\":\"Terral\u00eca Rose&#8217;\"}]},{\"@type\":\"WebSite\",\"@id\":\"https:\\\/\\\/scarpellovini.it\\\/#website\",\"url\":\"https:\\\/\\\/scarpellovini.it\\\/\",\"name\":\"Scarpello Vini\",\"description\":\"Vignaioli dal 1961\",\"publisher\":{\"@id\":\"https:\\\/\\\/scarpellovini.it\\\/#organization\"},\"alternateName\":\"Scarpello - Vignaioli dal 1961\",\"potentialAction\":[{\"@type\":\"SearchAction\",\"target\":{\"@type\":\"EntryPoint\",\"urlTemplate\":\"https:\\\/\\\/scarpellovini.it\\\/?s={search_term_string}\"},\"query-input\":{\"@type\":\"PropertyValueSpecification\",\"valueRequired\":true,\"valueName\":\"search_term_string\"}}],\"inLanguage\":\"fr-FR\"},{\"@type\":\"Organization\",\"@id\":\"https:\\\/\\\/scarpellovini.it\\\/#organization\",\"name\":\"Azienda Agricola Scarpello di Lega Gabriella & c. S.s agricola\",\"alternateName\":\"Scarpello Vini\",\"url\":\"https:\\\/\\\/scarpellovini.it\\\/\",\"logo\":{\"@type\":\"ImageObject\",\"inLanguage\":\"fr-FR\",\"@id\":\"https:\\\/\\\/scarpellovini.it\\\/#\\\/schema\\\/logo\\\/image\\\/\",\"url\":\"https:\\\/\\\/scarpellovini.it\\\/wp-content\\\/uploads\\\/2024\\\/08\\\/Scarpello-Vini-Logo.jpg\",\"contentUrl\":\"https:\\\/\\\/scarpellovini.it\\\/wp-content\\\/uploads\\\/2024\\\/08\\\/Scarpello-Vini-Logo.jpg\",\"width\":1920,\"height\":1080,\"caption\":\"Azienda Agricola Scarpello di Lega Gabriella & c. S.s agricola\"},\"image\":{\"@id\":\"https:\\\/\\\/scarpellovini.it\\\/#\\\/schema\\\/logo\\\/image\\\/\"},\"sameAs\":[\"https:\\\/\\\/www.facebook.com\\\/profile.php?id=61558509241719\",\"https:\\\/\\\/www.instagram.com\\\/scarpello_vini\"]}]}<\/script>\n<!-- \/ Yoast SEO plugin. -->","yoast_head_json":{"title":"Terral\u00eca Rose' - Scarpello","description":"Ottenuto da uve Susumaniello, vitigno autoctono del Salento in riscoperta, il nostro Terral\u00eca Susumaniello nasce dai vigneti aziendali di Contrada Notarpanaro, una zona che esprime al meglio le caratteristiche uniche di questa variet\u00e0","robots":{"index":"index","follow":"follow","max-snippet":"max-snippet:-1","max-image-preview":"max-image-preview:large","max-video-preview":"max-video-preview:-1"},"canonical":"https:\/\/scarpellovini.it\/fr\/prodotto\/terralia-rosato\/","og_locale":"fr_FR","og_type":"article","og_title":"Terral\u00eca Rose' - Scarpello","og_description":"Ottenuto da uve Susumaniello, vitigno autoctono del Salento in riscoperta, il nostro Terral\u00eca Susumaniello nasce dai vigneti aziendali di Contrada Notarpanaro, una zona che esprime al meglio le caratteristiche uniche di questa variet\u00e0","og_url":"https:\/\/scarpellovini.it\/fr\/prodotto\/terralia-rosato\/","og_site_name":"Scarpello","article_publisher":"https:\/\/www.facebook.com\/profile.php?id=61558509241719","article_modified_time":"2025-09-11T17:52:11+00:00","og_image":[{"width":672,"height":1013,"url":"https:\/\/scarpellovini.it\/wp-content\/uploads\/2025\/04\/Scarpello-Terralia-Rosato.webp","type":"image\/webp"}],"twitter_card":"summary_large_image","twitter_misc":{"Dur\u00e9e de lecture estim\u00e9e":"1 minute"},"schema":{"@context":"https:\/\/schema.org","@graph":[{"@type":"WebPage","@id":"https:\/\/scarpellovini.it\/fr\/prodotto\/terralia-rosato\/","url":"https:\/\/scarpellovini.it\/fr\/prodotto\/terralia-rosato\/","name":"Terral\u00eca Rose' - Scarpello","isPartOf":{"@id":"https:\/\/scarpellovini.it\/#website"},"primaryImageOfPage":{"@id":"https:\/\/scarpellovini.it\/fr\/prodotto\/terralia-rosato\/#primaryimage"},"image":{"@id":"https:\/\/scarpellovini.it\/fr\/prodotto\/terralia-rosato\/#primaryimage"},"thumbnailUrl":"https:\/\/scarpellovini.it\/wp-content\/uploads\/2025\/04\/Scarpello-Terralia-Rosato.webp","datePublished":"2025-04-20T10:03:19+00:00","dateModified":"2025-09-11T17:52:11+00:00","description":"Ottenuto da uve Susumaniello, vitigno autoctono del Salento in riscoperta, il nostro Terral\u00eca Susumaniello nasce dai vigneti aziendali di Contrada Notarpanaro, una zona che esprime al meglio le caratteristiche uniche di questa variet\u00e0","breadcrumb":{"@id":"https:\/\/scarpellovini.it\/fr\/prodotto\/terralia-rosato\/#breadcrumb"},"inLanguage":"fr-FR","potentialAction":[{"@type":"ReadAction","target":["https:\/\/scarpellovini.it\/fr\/prodotto\/terralia-rosato\/"]}]},{"@type":"ImageObject","inLanguage":"fr-FR","@id":"https:\/\/scarpellovini.it\/fr\/prodotto\/terralia-rosato\/#primaryimage","url":"https:\/\/scarpellovini.it\/wp-content\/uploads\/2025\/04\/Scarpello-Terralia-Rosato.webp","contentUrl":"https:\/\/scarpellovini.it\/wp-content\/uploads\/2025\/04\/Scarpello-Terralia-Rosato.webp","width":672,"height":1013},{"@type":"BreadcrumbList","@id":"https:\/\/scarpellovini.it\/fr\/prodotto\/terralia-rosato\/#breadcrumb","itemListElement":[{"@type":"ListItem","position":1,"name":"Home","item":"https:\/\/scarpellovini.it\/"},{"@type":"ListItem","position":2,"name":"Boutique","item":"https:\/\/scarpellovini.it\/shop\/"},{"@type":"ListItem","position":3,"name":"Terral\u00eca Rose&#8217;"}]},{"@type":"WebSite","@id":"https:\/\/scarpellovini.it\/#website","url":"https:\/\/scarpellovini.it\/","name":"Scarpello Vini","description":"Vignaioli dal 1961","publisher":{"@id":"https:\/\/scarpellovini.it\/#organization"},"alternateName":"Scarpello - Vignaioli dal 1961","potentialAction":[{"@type":"SearchAction","target":{"@type":"EntryPoint","urlTemplate":"https:\/\/scarpellovini.it\/?s={search_term_string}"},"query-input":{"@type":"PropertyValueSpecification","valueRequired":true,"valueName":"search_term_string"}}],"inLanguage":"fr-FR"},{"@type":"Organization","@id":"https:\/\/scarpellovini.it\/#organization","name":"Azienda Agricola Scarpello di Lega Gabriella & c. S.s agricola","alternateName":"Scarpello Vini","url":"https:\/\/scarpellovini.it\/","logo":{"@type":"ImageObject","inLanguage":"fr-FR","@id":"https:\/\/scarpellovini.it\/#\/schema\/logo\/image\/","url":"https:\/\/scarpellovini.it\/wp-content\/uploads\/2024\/08\/Scarpello-Vini-Logo.jpg","contentUrl":"https:\/\/scarpellovini.it\/wp-content\/uploads\/2024\/08\/Scarpello-Vini-Logo.jpg","width":1920,"height":1080,"caption":"Azienda Agricola Scarpello di Lega Gabriella & c. S.s agricola"},"image":{"@id":"https:\/\/scarpellovini.it\/#\/schema\/logo\/image\/"},"sameAs":["https:\/\/www.facebook.com\/profile.php?id=61558509241719","https:\/\/www.instagram.com\/scarpello_vini"]}]}},"_links":{"self":[{"href":"https:\/\/scarpellovini.it\/fr\/wp-json\/wp\/v2\/product\/101029","targetHints":{"allow":["GET"]}}],"collection":[{"href":"https:\/\/scarpellovini.it\/fr\/wp-json\/wp\/v2\/product"}],"about":[{"href":"https:\/\/scarpellovini.it\/fr\/wp-json\/wp\/v2\/types\/product"}],"wp:featuredmedia":[{"embeddable":true,"href":"https:\/\/scarpellovini.it\/fr\/wp-json\/wp\/v2\/media\/101050"}],"wp:attachment":[{"href":"https:\/\/scarpellovini.it\/fr\/wp-json\/wp\/v2\/media?parent=101029"}],"wp:term":[{"taxonomy":"product_cat","embeddable":true,"href":"https:\/\/scarpellovini.it\/fr\/wp-json\/wp\/v2\/product_cat?post=101029"},{"taxonomy":"product_tag","embeddable":true,"href":"https:\/\/scarpellovini.it\/fr\/wp-json\/wp\/v2\/product_tag?post=101029"}],"curies":[{"name":"wp","href":"https:\/\/api.w.org\/{rel}","templated":true}]}}