{"id":101325,"date":"2026-04-09T22:23:56","date_gmt":"2026-04-09T20:23:56","guid":{"rendered":"https:\/\/scarpellovini.it\/?post_type=product&#038;p=101325"},"modified":"2026-04-09T22:42:48","modified_gmt":"2026-04-09T20:42:48","slug":"estra-rosato-copia-2","status":"publish","type":"product","link":"https:\/\/scarpellovini.it\/fr\/prodotto\/estra-rosato-copia-2\/","title":{"rendered":"Estra Rosato (Copia)"},"content":{"rendered":"<div class=\"wpb-content-wrapper\"><section class=\"vc_row wpb_row vc_row-fluid     wow fadeInUp\"><div class=\"wpb_column vc_column_container value-clmn col-xs-mobile-fullwidth vc_col-sm-1\/5\"><div class=\"vc_column-inner\"><div class=\"wpb_wrapper\"><div class=\"text-block-content hongo-text-block-1 last-paragraph-no-margin\"><div class=\"value-title\"><span style=\"color: #000000;font-weight: 500;letter-spacing: 0.05em\">C\u00c9PAGE<\/span><\/div>\n<div class=\"value\"><span style=\"color: #000000\">Negroamaro<\/span><\/div>\n<\/div><\/div><\/div><\/div><div class=\"wpb_column vc_column_container value-clmn col-xs-mobile-fullwidth vc_col-sm-1\/5\"><div class=\"vc_column-inner\"><div class=\"wpb_wrapper\"><div class=\"text-block-content hongo-text-block-2 last-paragraph-no-margin\"><div class=\"value-title\"><span style=\"color: #000000;font-weight: 500;letter-spacing: 0.05em\">VIEILLISSEMENT<\/span><\/div>\n<div class=\"value\"><span style=\"color: #000000\">Guyot<\/span><\/div>\n<\/div><\/div><\/div><\/div><div class=\"wpb_column vc_column_container value-clmn col-xs-mobile-fullwidth vc_col-sm-1\/5\"><div class=\"vc_column-inner\"><div class=\"wpb_wrapper\"><div class=\"text-block-content hongo-text-block-3 last-paragraph-no-margin\"><div class=\"value-title\"><span style=\"color: #000000;font-weight: 500;letter-spacing: 0.05em\">\u00c2GE DU VIGNOBLE<\/span><\/div>\n<div class=\"value\"><span style=\"color: #000000\">30 ans<\/span><\/div>\n<\/div><\/div><\/div><\/div><div class=\"wpb_column vc_column_container value-clmn col-xs-mobile-fullwidth vc_col-sm-1\/5\"><div class=\"vc_column-inner\"><div class=\"wpb_wrapper\"><div class=\"text-block-content hongo-text-block-4 last-paragraph-no-margin\"><div class=\"value-title\"><span style=\"color: #000000;font-weight: 500;letter-spacing: 0.05em\">R\u00c9COLTE<\/span><\/div>\n<div class=\"value\"><span style=\"color: #000000\">Premi\u00e8re d\u00e9cade de septembre<\/span><\/div>\n<\/div><\/div><\/div><\/div><div class=\"wpb_column vc_column_container value-clmn col-xs-mobile-fullwidth vc_col-sm-1\/5\"><div class=\"vc_column-inner\"><div class=\"wpb_wrapper\"><div class=\"text-block-content hongo-text-block-5 last-paragraph-no-margin\"><div class=\"value-title\"><span style=\"color: #000000;font-weight: 500;letter-spacing: 0.05em\">RAFFINEMENT<\/span><\/div>\n<div class=\"value\"><span style=\"color: #000000\">6 mois en acier<\/span><\/div>\n<\/div><\/div><\/div><\/div><\/section>\n<\/div>","protected":false},"excerpt":{"rendered":"<div class=\"description-small\">Un bouquet floral typique du Salento, directement de nos vignobles \u00e0 San Pancrazio. Avec d\u00e9licatesse et basse temp\u00e9rature, nous exaltons les parfums primaires de notre Negroamaro, offrant une couleur douce et lumineuse. Provenant des vignobles situ\u00e9s dans le quartier de Morigine, le Negroamaro rosato est le r\u00e9sultat d\u2019une s\u00e9lection minutieuse des raisins. Le pressurage d\u00e9licat et la fermentation \u00e0 basse temp\u00e9rature permettent de pr\u00e9server les parfums primaires et d\u2019obtenir une couleur douce et brillante.   <\/div>\n<div class=\"product-info\">\n<div class=\"product-info-clmn\">\n<div class=\"overline number\">Format<\/div>\n<div class=\"value number\">6 \u00d7 75cl<\/div>\n<\/div>\n<div class=\"product-info-clmn\">\n<div class=\"overline number\">Vol<\/div>\n<div class=\"value number\">12,5%<\/div>\n<\/div>\n<\/div>\n","protected":false},"featured_media":101328,"template":"","meta":{"inline_featured_image":false,"_monsterinsights_skip_tracking":false,"_monsterinsights_sitenote_active":false,"_monsterinsights_sitenote_note":"","_monsterinsights_sitenote_category":0,"_uf_show_specific_survey":0,"_uf_disable_surveys":false},"product_cat":[73],"product_tag":[],"class_list":{"0":"post-101325","1":"product","2":"type-product","3":"status-publish","4":"has-post-thumbnail","6":"product_cat-terralia-fr","8":"first","9":"instock","10":"shipping-taxable","11":"purchasable","12":"product-type-simple"},"yoast_head":"<!-- This site is optimized with the Yoast SEO plugin v27.4 - https:\/\/yoast.com\/product\/yoast-seo-wordpress\/ -->\n<title>Estra Rosato (Copia) - Scarpello<\/title>\n<meta name=\"robots\" content=\"index, follow, max-snippet:-1, max-image-preview:large, max-video-preview:-1\" \/>\n<link rel=\"canonical\" href=\"https:\/\/scarpellovini.it\/prodotto\/terralianegroamaroapp\/\" \/>\n<meta property=\"og:locale\" content=\"fr_FR\" \/>\n<meta property=\"og:type\" content=\"article\" \/>\n<meta property=\"og:title\" content=\"Estra Rosato (Copia) - Scarpello\" \/>\n<meta property=\"og:description\" content=\"Un bouquet floral typique du Salento, directement de nos vignobles \u00e0 San Pancrazio. Avec d\u00e9licatesse et basse temp\u00e9rature, nous exaltons les parfums primaires de notre Negroamaro, offrant une couleur douce et lumineuse. Provenant des vignobles situ\u00e9s dans le quartier de Morigine, le Negroamaro rosato est le r\u00e9sultat d\u2019une s\u00e9lection minutieuse des raisins. Le pressurage d\u00e9licat et la fermentation \u00e0 basse temp\u00e9rature permettent de pr\u00e9server les parfums primaires et d\u2019obtenir une couleur douce et brillante.   Format 6 \u00d7 75cl  Vol 12,5%\" \/>\n<meta property=\"og:url\" content=\"https:\/\/scarpellovini.it\/prodotto\/terralianegroamaroapp\/\" \/>\n<meta property=\"og:site_name\" content=\"Scarpello\" \/>\n<meta property=\"article:publisher\" content=\"https:\/\/www.facebook.com\/profile.php?id=61558509241719\" \/>\n<meta property=\"article:modified_time\" content=\"2026-04-09T20:42:48+00:00\" \/>\n<meta property=\"og:image\" content=\"https:\/\/scarpellovini.it\/wp-content\/uploads\/2026\/04\/Terralia_NegroamaroAppass.png\" \/>\n\t<meta property=\"og:image:width\" content=\"672\" \/>\n\t<meta property=\"og:image:height\" content=\"1013\" \/>\n\t<meta property=\"og:image:type\" content=\"image\/png\" \/>\n<meta name=\"twitter:card\" content=\"summary_large_image\" \/>\n<script type=\"application\/ld+json\" class=\"yoast-schema-graph\">{\"@context\":\"https:\\\/\\\/schema.org\",\"@graph\":[{\"@type\":\"WebPage\",\"@id\":\"https:\\\/\\\/scarpellovini.it\\\/prodotto\\\/terralianegroamaroapp\\\/\",\"url\":\"https:\\\/\\\/scarpellovini.it\\\/prodotto\\\/terralianegroamaroapp\\\/\",\"name\":\"Estra Rosato (Copia) - Scarpello\",\"isPartOf\":{\"@id\":\"https:\\\/\\\/scarpellovini.it\\\/#website\"},\"primaryImageOfPage\":{\"@id\":\"https:\\\/\\\/scarpellovini.it\\\/prodotto\\\/terralianegroamaroapp\\\/#primaryimage\"},\"image\":{\"@id\":\"https:\\\/\\\/scarpellovini.it\\\/prodotto\\\/terralianegroamaroapp\\\/#primaryimage\"},\"thumbnailUrl\":\"https:\\\/\\\/scarpellovini.it\\\/wp-content\\\/uploads\\\/2026\\\/04\\\/Terralia_NegroamaroAppass.png\",\"datePublished\":\"2026-04-09T20:23:56+00:00\",\"dateModified\":\"2026-04-09T20:42:48+00:00\",\"breadcrumb\":{\"@id\":\"https:\\\/\\\/scarpellovini.it\\\/prodotto\\\/terralianegroamaroapp\\\/#breadcrumb\"},\"inLanguage\":\"fr-FR\",\"potentialAction\":[{\"@type\":\"ReadAction\",\"target\":[\"https:\\\/\\\/scarpellovini.it\\\/prodotto\\\/terralianegroamaroapp\\\/\"]}]},{\"@type\":\"ImageObject\",\"inLanguage\":\"fr-FR\",\"@id\":\"https:\\\/\\\/scarpellovini.it\\\/prodotto\\\/terralianegroamaroapp\\\/#primaryimage\",\"url\":\"https:\\\/\\\/scarpellovini.it\\\/wp-content\\\/uploads\\\/2026\\\/04\\\/Terralia_NegroamaroAppass.png\",\"contentUrl\":\"https:\\\/\\\/scarpellovini.it\\\/wp-content\\\/uploads\\\/2026\\\/04\\\/Terralia_NegroamaroAppass.png\",\"width\":672,\"height\":1013,\"caption\":\"Terral\u00eca Negroamaro appassimento\"},{\"@type\":\"BreadcrumbList\",\"@id\":\"https:\\\/\\\/scarpellovini.it\\\/prodotto\\\/terralianegroamaroapp\\\/#breadcrumb\",\"itemListElement\":[{\"@type\":\"ListItem\",\"position\":1,\"name\":\"Home\",\"item\":\"https:\\\/\\\/scarpellovini.it\\\/\"},{\"@type\":\"ListItem\",\"position\":2,\"name\":\"Boutique\",\"item\":\"https:\\\/\\\/scarpellovini.it\\\/shop\\\/\"},{\"@type\":\"ListItem\",\"position\":3,\"name\":\"Estra Rosato (Copia)\"}]},{\"@type\":\"WebSite\",\"@id\":\"https:\\\/\\\/scarpellovini.it\\\/#website\",\"url\":\"https:\\\/\\\/scarpellovini.it\\\/\",\"name\":\"Scarpello Vini\",\"description\":\"Vignaioli dal 1961\",\"publisher\":{\"@id\":\"https:\\\/\\\/scarpellovini.it\\\/#organization\"},\"alternateName\":\"Scarpello - Vignaioli dal 1961\",\"potentialAction\":[{\"@type\":\"SearchAction\",\"target\":{\"@type\":\"EntryPoint\",\"urlTemplate\":\"https:\\\/\\\/scarpellovini.it\\\/?s={search_term_string}\"},\"query-input\":{\"@type\":\"PropertyValueSpecification\",\"valueRequired\":true,\"valueName\":\"search_term_string\"}}],\"inLanguage\":\"fr-FR\"},{\"@type\":\"Organization\",\"@id\":\"https:\\\/\\\/scarpellovini.it\\\/#organization\",\"name\":\"Azienda Agricola Scarpello di Lega Gabriella & c. S.s agricola\",\"alternateName\":\"Scarpello Vini\",\"url\":\"https:\\\/\\\/scarpellovini.it\\\/\",\"logo\":{\"@type\":\"ImageObject\",\"inLanguage\":\"fr-FR\",\"@id\":\"https:\\\/\\\/scarpellovini.it\\\/#\\\/schema\\\/logo\\\/image\\\/\",\"url\":\"https:\\\/\\\/scarpellovini.it\\\/wp-content\\\/uploads\\\/2024\\\/08\\\/Scarpello-Vini-Logo.jpg\",\"contentUrl\":\"https:\\\/\\\/scarpellovini.it\\\/wp-content\\\/uploads\\\/2024\\\/08\\\/Scarpello-Vini-Logo.jpg\",\"width\":1920,\"height\":1080,\"caption\":\"Azienda Agricola Scarpello di Lega Gabriella & c. S.s agricola\"},\"image\":{\"@id\":\"https:\\\/\\\/scarpellovini.it\\\/#\\\/schema\\\/logo\\\/image\\\/\"},\"sameAs\":[\"https:\\\/\\\/www.facebook.com\\\/profile.php?id=61558509241719\",\"https:\\\/\\\/www.instagram.com\\\/scarpello_vini\"]}]}<\/script>\n<!-- \/ Yoast SEO plugin. -->","yoast_head_json":{"title":"Estra Rosato (Copia) - Scarpello","robots":{"index":"index","follow":"follow","max-snippet":"max-snippet:-1","max-image-preview":"max-image-preview:large","max-video-preview":"max-video-preview:-1"},"canonical":"https:\/\/scarpellovini.it\/prodotto\/terralianegroamaroapp\/","og_locale":"fr_FR","og_type":"article","og_title":"Estra Rosato (Copia) - Scarpello","og_description":"Un bouquet floral typique du Salento, directement de nos vignobles \u00e0 San Pancrazio. Avec d\u00e9licatesse et basse temp\u00e9rature, nous exaltons les parfums primaires de notre Negroamaro, offrant une couleur douce et lumineuse. Provenant des vignobles situ\u00e9s dans le quartier de Morigine, le Negroamaro rosato est le r\u00e9sultat d\u2019une s\u00e9lection minutieuse des raisins. Le pressurage d\u00e9licat et la fermentation \u00e0 basse temp\u00e9rature permettent de pr\u00e9server les parfums primaires et d\u2019obtenir une couleur douce et brillante.   Format 6 \u00d7 75cl  Vol 12,5%","og_url":"https:\/\/scarpellovini.it\/prodotto\/terralianegroamaroapp\/","og_site_name":"Scarpello","article_publisher":"https:\/\/www.facebook.com\/profile.php?id=61558509241719","article_modified_time":"2026-04-09T20:42:48+00:00","og_image":[{"width":672,"height":1013,"url":"https:\/\/scarpellovini.it\/wp-content\/uploads\/2026\/04\/Terralia_NegroamaroAppass.png","type":"image\/png"}],"twitter_card":"summary_large_image","schema":{"@context":"https:\/\/schema.org","@graph":[{"@type":"WebPage","@id":"https:\/\/scarpellovini.it\/prodotto\/terralianegroamaroapp\/","url":"https:\/\/scarpellovini.it\/prodotto\/terralianegroamaroapp\/","name":"Estra Rosato (Copia) - Scarpello","isPartOf":{"@id":"https:\/\/scarpellovini.it\/#website"},"primaryImageOfPage":{"@id":"https:\/\/scarpellovini.it\/prodotto\/terralianegroamaroapp\/#primaryimage"},"image":{"@id":"https:\/\/scarpellovini.it\/prodotto\/terralianegroamaroapp\/#primaryimage"},"thumbnailUrl":"https:\/\/scarpellovini.it\/wp-content\/uploads\/2026\/04\/Terralia_NegroamaroAppass.png","datePublished":"2026-04-09T20:23:56+00:00","dateModified":"2026-04-09T20:42:48+00:00","breadcrumb":{"@id":"https:\/\/scarpellovini.it\/prodotto\/terralianegroamaroapp\/#breadcrumb"},"inLanguage":"fr-FR","potentialAction":[{"@type":"ReadAction","target":["https:\/\/scarpellovini.it\/prodotto\/terralianegroamaroapp\/"]}]},{"@type":"ImageObject","inLanguage":"fr-FR","@id":"https:\/\/scarpellovini.it\/prodotto\/terralianegroamaroapp\/#primaryimage","url":"https:\/\/scarpellovini.it\/wp-content\/uploads\/2026\/04\/Terralia_NegroamaroAppass.png","contentUrl":"https:\/\/scarpellovini.it\/wp-content\/uploads\/2026\/04\/Terralia_NegroamaroAppass.png","width":672,"height":1013,"caption":"Terral\u00eca Negroamaro appassimento"},{"@type":"BreadcrumbList","@id":"https:\/\/scarpellovini.it\/prodotto\/terralianegroamaroapp\/#breadcrumb","itemListElement":[{"@type":"ListItem","position":1,"name":"Home","item":"https:\/\/scarpellovini.it\/"},{"@type":"ListItem","position":2,"name":"Boutique","item":"https:\/\/scarpellovini.it\/shop\/"},{"@type":"ListItem","position":3,"name":"Estra Rosato (Copia)"}]},{"@type":"WebSite","@id":"https:\/\/scarpellovini.it\/#website","url":"https:\/\/scarpellovini.it\/","name":"Scarpello Vini","description":"Vignaioli dal 1961","publisher":{"@id":"https:\/\/scarpellovini.it\/#organization"},"alternateName":"Scarpello - Vignaioli dal 1961","potentialAction":[{"@type":"SearchAction","target":{"@type":"EntryPoint","urlTemplate":"https:\/\/scarpellovini.it\/?s={search_term_string}"},"query-input":{"@type":"PropertyValueSpecification","valueRequired":true,"valueName":"search_term_string"}}],"inLanguage":"fr-FR"},{"@type":"Organization","@id":"https:\/\/scarpellovini.it\/#organization","name":"Azienda Agricola Scarpello di Lega Gabriella & c. S.s agricola","alternateName":"Scarpello Vini","url":"https:\/\/scarpellovini.it\/","logo":{"@type":"ImageObject","inLanguage":"fr-FR","@id":"https:\/\/scarpellovini.it\/#\/schema\/logo\/image\/","url":"https:\/\/scarpellovini.it\/wp-content\/uploads\/2024\/08\/Scarpello-Vini-Logo.jpg","contentUrl":"https:\/\/scarpellovini.it\/wp-content\/uploads\/2024\/08\/Scarpello-Vini-Logo.jpg","width":1920,"height":1080,"caption":"Azienda Agricola Scarpello di Lega Gabriella & c. S.s agricola"},"image":{"@id":"https:\/\/scarpellovini.it\/#\/schema\/logo\/image\/"},"sameAs":["https:\/\/www.facebook.com\/profile.php?id=61558509241719","https:\/\/www.instagram.com\/scarpello_vini"]}]}},"_links":{"self":[{"href":"https:\/\/scarpellovini.it\/fr\/wp-json\/wp\/v2\/product\/101325","targetHints":{"allow":["GET"]}}],"collection":[{"href":"https:\/\/scarpellovini.it\/fr\/wp-json\/wp\/v2\/product"}],"about":[{"href":"https:\/\/scarpellovini.it\/fr\/wp-json\/wp\/v2\/types\/product"}],"wp:featuredmedia":[{"embeddable":true,"href":"https:\/\/scarpellovini.it\/fr\/wp-json\/wp\/v2\/media\/101328"}],"wp:attachment":[{"href":"https:\/\/scarpellovini.it\/fr\/wp-json\/wp\/v2\/media?parent=101325"}],"wp:term":[{"taxonomy":"product_cat","embeddable":true,"href":"https:\/\/scarpellovini.it\/fr\/wp-json\/wp\/v2\/product_cat?post=101325"},{"taxonomy":"product_tag","embeddable":true,"href":"https:\/\/scarpellovini.it\/fr\/wp-json\/wp\/v2\/product_tag?post=101325"}],"curies":[{"name":"wp","href":"https:\/\/api.w.org\/{rel}","templated":true}]}}